{"id":948,"date":"2022-12-07T12:06:52","date_gmt":"2022-12-07T11:06:52","guid":{"rendered":"https:\/\/lejournalduwhisky.com\/?post_type=product&#038;p=948"},"modified":"2026-02-25T03:52:53","modified_gmt":"2026-02-25T02:52:53","slug":"carafe-whisky-globe","status":"publish","type":"product","link":"https:\/\/lejournalduwhisky.com\/boutique\/products\/carafe-whisky-globe\/","title":{"rendered":"Carafe \u00e0 Whisky Globe &#8211; Nautical Dram &#8211; avec 2 verres"},"content":{"rendered":"<div class=\"Polaris-LegacyCard_l5l93\">\n<div class=\"Polaris-LegacyCard__Section_1b1h1\">\n<h2><strong>Un produit de qualit\u00e9<\/strong><\/h2>\n<p>La verrerie est souffl\u00e9e \u00e0 la main, ce qui fait de chaque pi\u00e8ce un objet unique.\u00a0Les finitions sont luxueuses et le verre est garanti sans plomb, vous pouvez donc l&#8217;utiliser en toute s\u00e9curit\u00e9 avec n&#8217;importe quel spiritueux comme le whisky, le rhum, la tequila ou le cognac, mais aussi toute autre boisson.<\/p>\n<h2><strong>Un design bien pens\u00e9<\/strong><\/h2>\n<p>La contenance est pens\u00e9e pour une bouteille de whisky, en plus le nettoyage et le remplissage sont faciles. Le bouchon herm\u00e9tique garantie une conservation optimale de votre spiritueux pr\u00e9f\u00e9r\u00e9.\u00a0Pour la touche finale, le globe et les verres sont\u00a0rev\u00eatis d&#8217;une carte du monde pour les amoureux de voyage !<\/p>\n<h2><strong>Une touche d&#8217;\u00e9l\u00e9gance dans votre maison<\/strong><\/h2>\n<p>Plac\u00e9\u00a0comme \u00e9l\u00e9ment de d\u00e9coration dans votre salon, il donnera une ambiance chic et luxueuse qui distinguera votre chez-vous.<\/p>\n<h2><strong>Un cadeau\u00a0unique<\/strong><\/h2>\n<p>Cette\u00a0<a href=\"https:\/\/lejournalduwhisky.com\/boutique\/products\/carafe-whisky-diamant\/\">carafe originale<\/a>\u00a0accroche regard promet une superbe surprise pour un amateur de whisky.\u00a0Le globe a tout pour se d\u00e9marquer, il tourne sur lui-m\u00eame comme un v\u00e9ritable globe terrestre et le\u00a0voilier s&#8217;immerge parfaitement dans le spiritueux.\u00a0Pour un passionn\u00e9 de whisky qui aime le bateau, le voyage ou simplement les belles choses, impossible de se tromper avec cette carafe.<\/p>\n<\/div>\n<\/div>\n","protected":false},"excerpt":{"rendered":"<p>Ne cherchez plus le cadeau parfait ! C&#8217;est cette carafe \u00e0 whisky en forme de globe et son voilier flottant dans votre spiritueux pr\u00e9f\u00e9r\u00e9. L\u2019ambiance de vos d\u00e9gustations ne sera plus jamais la m\u00eame avec cette carafe au style \u00e9l\u00e9gant\u00a0accompagn\u00e9e de ses\u00a0<a href=\"https:\/\/lejournalduwhisky.com\/boutique\/products\/verres-whisky-monde\/\">deux verres grav\u00e9s<\/a>.<\/p>\n","protected":false},"featured_media":1455,"comment_status":"closed","ping_status":"closed","template":"","meta":{"site-sidebar-layout":"default","site-content-layout":"","ast-site-content-layout":"default","site-content-style":"default","site-sidebar-style":"default","ast-global-header-display":"","ast-banner-title-visibility":"","ast-main-header-display":"","ast-hfb-above-header-display":"","ast-hfb-below-header-display":"","ast-hfb-mobile-header-display":"","site-post-title":"","ast-breadcrumbs-content":"","ast-featured-img":"","footer-sml-layout":"","ast-disable-related-posts":"","theme-transparent-header-meta":"default","adv-header-id-meta":"","stick-header-meta":"default","header-above-stick-meta":"","header-main-stick-meta":"","header-below-stick-meta":"","astra-migrate-meta-layouts":"set","ast-page-background-enabled":"default","ast-page-background-meta":{"desktop":{"background-color":"","background-image":"","background-repeat":"repeat","background-position":"center center","background-size":"auto","background-attachment":"scroll","background-type":"","background-media":"","overlay-type":"","overlay-color":"","overlay-opacity":"","overlay-gradient":""},"tablet":{"background-color":"","background-image":"","background-repeat":"repeat","background-position":"center center","background-size":"auto","background-attachment":"scroll","background-type":"","background-media":"","overlay-type":"","overlay-color":"","overlay-opacity":"","overlay-gradient":""},"mobile":{"background-color":"","background-image":"","background-repeat":"repeat","background-position":"center center","background-size":"auto","background-attachment":"scroll","background-type":"","background-media":"","overlay-type":"","overlay-color":"","overlay-opacity":"","overlay-gradient":""}},"ast-content-background-meta":{"desktop":{"background-color":"var(--ast-global-color-5)","background-image":"","background-repeat":"repeat","background-position":"center center","background-size":"auto","background-attachment":"scroll","background-type":"","background-media":"","overlay-type":"","overlay-color":"","overlay-opacity":"","overlay-gradient":""},"tablet":{"background-color":"var(--ast-global-color-5)","background-image":"","background-repeat":"repeat","background-position":"center center","background-size":"auto","background-attachment":"scroll","background-type":"","background-media":"","overlay-type":"","overlay-color":"","overlay-opacity":"","overlay-gradient":""},"mobile":{"background-color":"var(--ast-global-color-5)","background-image":"","background-repeat":"repeat","background-position":"center center","background-size":"auto","background-attachment":"scroll","background-type":"","background-media":"","overlay-type":"","overlay-color":"","overlay-opacity":"","overlay-gradient":""}}},"product_brand":[88],"product_cat":[83],"product_tag":[],"class_list":{"0":"post-948","1":"product","2":"type-product","3":"status-publish","4":"has-post-thumbnail","6":"product_brand-le-journal-du-whisky","7":"product_cat-carafes-a-whisky","8":"desktop-align-left","9":"tablet-align-left","10":"mobile-align-left","11":"ast-product-gallery-layout-horizontal","12":"ast-magnify-disabled","13":"ast-product-tabs-layout-accordion","15":"first","16":"instock","17":"taxable","18":"shipping-taxable","19":"purchasable","20":"product-type-simple"},"_links":{"self":[{"href":"https:\/\/lejournalduwhisky.com\/boutique\/wp-json\/wp\/v2\/product\/948","targetHints":{"allow":["GET"]}}],"collection":[{"href":"https:\/\/lejournalduwhisky.com\/boutique\/wp-json\/wp\/v2\/product"}],"about":[{"href":"https:\/\/lejournalduwhisky.com\/boutique\/wp-json\/wp\/v2\/types\/product"}],"replies":[{"embeddable":true,"href":"https:\/\/lejournalduwhisky.com\/boutique\/wp-json\/wp\/v2\/comments?post=948"}],"wp:featuredmedia":[{"embeddable":true,"href":"https:\/\/lejournalduwhisky.com\/boutique\/wp-json\/wp\/v2\/media\/1455"}],"wp:attachment":[{"href":"https:\/\/lejournalduwhisky.com\/boutique\/wp-json\/wp\/v2\/media?parent=948"}],"wp:term":[{"taxonomy":"product_brand","embeddable":true,"href":"https:\/\/lejournalduwhisky.com\/boutique\/wp-json\/wp\/v2\/product_brand?post=948"},{"taxonomy":"product_cat","embeddable":true,"href":"https:\/\/lejournalduwhisky.com\/boutique\/wp-json\/wp\/v2\/product_cat?post=948"},{"taxonomy":"product_tag","embeddable":true,"href":"https:\/\/lejournalduwhisky.com\/boutique\/wp-json\/wp\/v2\/product_tag?post=948"}],"curies":[{"name":"wp","href":"https:\/\/api.w.org\/{rel}","templated":true}]}}