{"id":2812,"date":"2024-06-10T17:42:30","date_gmt":"2024-06-10T15:42:30","guid":{"rendered":"https:\/\/lejournalduwhisky.com\/boutique\/?post_type=product&#038;p=2812"},"modified":"2024-06-10T22:42:32","modified_gmt":"2024-06-10T20:42:32","slug":"presse-agrume-manuel-plastique","status":"publish","type":"product","link":"https:\/\/lejournalduwhisky.com\/boutique\/products\/presse-agrume-manuel-plastique\/","title":{"rendered":"Presse agrume manuel plastique"},"content":{"rendered":"<h2>Presse agrume con\u00e7u en plastique ABS<\/h2>\n<p>Ce presse agrume manuel est fabriqu\u00e9 en plastique ABS de haute qualit\u00e9. Ce mat\u00e9riau est reconnu pour sa robustesse et sa long\u00e9vit\u00e9, assurant que votre presse agrume reste en excellent \u00e9tat m\u00eame apr\u00e8s de nombreuses utilisations. Ce plastique sans BPA est \u00e9galement s\u00fbr pour la sant\u00e9, garantissant que vos jus restent purs et sans aucun contaminant. Vous pouvez l\u2019utiliser au quotidien sans crainte.<\/p>\n<h2>Presse agrume manuel plastique adapt\u00e9 pour extraire facilement les jus de fruits sans sacrifier les nutriments<\/h2>\n<p>Le design de ce presse agrume manuel plastique permet d&#8217;extraire efficacement le jus des fruits tout en pr\u00e9servant leurs nutriments essentiels. Gr\u00e2ce \u00e0 sa conception ergonomique, il est facile \u00e0 utiliser et n\u00e9cessite peu d&#8217;effort pour obtenir des jus frais et savoureux. Que vous souhaitiez presser des citrons, des oranges ou d&#8217;autres agrumes, ce presse agrume garantit une extraction maximale sans sacrifier les vitamines et min\u00e9raux pr\u00e9sents dans les fruits. Profitez de jus nutritifs et d\u00e9licieux \u00e0 chaque utilisation.<\/p>\n<h2>Outil de cuisine minimaliste : ais\u00e9ment transportable<\/h2>\n<p>Avec son design minimaliste et compact, ce presse agrume manuel plastique est facile \u00e0 transporter et \u00e0 ranger. Sa l\u00e9g\u00e8ret\u00e9 le rend parfait pour une utilisation \u00e0 domicile ou en d\u00e9placement, que ce soit pour un pique-nique, une journ\u00e9e \u00e0 la plage ou des vacances. Son style \u00e9pur\u00e9 s&#8217;int\u00e8gre parfaitement dans n&#8217;importe quelle cuisine, ajoutant une note de simplicit\u00e9 et de modernit\u00e9. Emportez-le partout avec vous pour profiter de jus frais et naturels \u00e0 tout moment.<\/p>\n","protected":false},"excerpt":{"rendered":"<p>Le presse agrume manuel en plastique est con\u00e7u en plastique ABS. Il permet d&#8217;extraire facilement les jus de fruits tout en conservant leurs nutriments essentiels. Il peut facilement \u00eatre transport\u00e9 partout.<\/p>\n","protected":false},"featured_media":2815,"comment_status":"open","ping_status":"closed","template":"","meta":{"site-sidebar-layout":"default","site-content-layout":"","ast-site-content-layout":"default","site-content-style":"default","site-sidebar-style":"default","ast-global-header-display":"","ast-banner-title-visibility":"","ast-main-header-display":"","ast-hfb-above-header-display":"","ast-hfb-below-header-display":"","ast-hfb-mobile-header-display":"","site-post-title":"","ast-breadcrumbs-content":"","ast-featured-img":"","footer-sml-layout":"","ast-disable-related-posts":"","theme-transparent-header-meta":"default","adv-header-id-meta":"","stick-header-meta":"default","header-above-stick-meta":"","header-main-stick-meta":"","header-below-stick-meta":"","astra-migrate-meta-layouts":"set","ast-page-background-enabled":"default","ast-page-background-meta":{"desktop":{"background-color":"","background-image":"","background-repeat":"repeat","background-position":"center center","background-size":"auto","background-attachment":"scroll","background-type":"","background-media":"","overlay-type":"","overlay-color":"","overlay-opacity":"","overlay-gradient":""},"tablet":{"background-color":"","background-image":"","background-repeat":"repeat","background-position":"center center","background-size":"auto","background-attachment":"scroll","background-type":"","background-media":"","overlay-type":"","overlay-color":"","overlay-opacity":"","overlay-gradient":""},"mobile":{"background-color":"","background-image":"","background-repeat":"repeat","background-position":"center center","background-size":"auto","background-attachment":"scroll","background-type":"","background-media":"","overlay-type":"","overlay-color":"","overlay-opacity":"","overlay-gradient":""}},"ast-content-background-meta":{"desktop":{"background-color":"var(--ast-global-color-5)","background-image":"","background-repeat":"repeat","background-position":"center center","background-size":"auto","background-attachment":"scroll","background-type":"","background-media":"","overlay-type":"","overlay-color":"","overlay-opacity":"","overlay-gradient":""},"tablet":{"background-color":"var(--ast-global-color-5)","background-image":"","background-repeat":"repeat","background-position":"center center","background-size":"auto","background-attachment":"scroll","background-type":"","background-media":"","overlay-type":"","overlay-color":"","overlay-opacity":"","overlay-gradient":""},"mobile":{"background-color":"var(--ast-global-color-5)","background-image":"","background-repeat":"repeat","background-position":"center center","background-size":"auto","background-attachment":"scroll","background-type":"","background-media":"","overlay-type":"","overlay-color":"","overlay-opacity":"","overlay-gradient":""}}},"product_brand":[],"product_cat":[474],"product_tag":[],"class_list":{"0":"post-2812","1":"product","2":"type-product","3":"status-publish","4":"has-post-thumbnail","6":"product_cat-presses-agrumes-manuels","7":"desktop-align-left","8":"tablet-align-left","9":"mobile-align-left","10":"ast-product-gallery-layout-horizontal","11":"ast-magnify-disabled","12":"ast-product-tabs-layout-accordion","14":"first","15":"instock","16":"taxable","17":"shipping-taxable","18":"purchasable","19":"product-type-simple"},"_links":{"self":[{"href":"https:\/\/lejournalduwhisky.com\/boutique\/wp-json\/wp\/v2\/product\/2812","targetHints":{"allow":["GET"]}}],"collection":[{"href":"https:\/\/lejournalduwhisky.com\/boutique\/wp-json\/wp\/v2\/product"}],"about":[{"href":"https:\/\/lejournalduwhisky.com\/boutique\/wp-json\/wp\/v2\/types\/product"}],"replies":[{"embeddable":true,"href":"https:\/\/lejournalduwhisky.com\/boutique\/wp-json\/wp\/v2\/comments?post=2812"}],"wp:featuredmedia":[{"embeddable":true,"href":"https:\/\/lejournalduwhisky.com\/boutique\/wp-json\/wp\/v2\/media\/2815"}],"wp:attachment":[{"href":"https:\/\/lejournalduwhisky.com\/boutique\/wp-json\/wp\/v2\/media?parent=2812"}],"wp:term":[{"taxonomy":"product_brand","embeddable":true,"href":"https:\/\/lejournalduwhisky.com\/boutique\/wp-json\/wp\/v2\/product_brand?post=2812"},{"taxonomy":"product_cat","embeddable":true,"href":"https:\/\/lejournalduwhisky.com\/boutique\/wp-json\/wp\/v2\/product_cat?post=2812"},{"taxonomy":"product_tag","embeddable":true,"href":"https:\/\/lejournalduwhisky.com\/boutique\/wp-json\/wp\/v2\/product_tag?post=2812"}],"curies":[{"name":"wp","href":"https:\/\/api.w.org\/{rel}","templated":true}]}}