{"id":2792,"date":"2024-06-10T16:11:13","date_gmt":"2024-06-10T14:11:13","guid":{"rendered":"https:\/\/lejournalduwhisky.com\/boutique\/?post_type=product&#038;p=2792"},"modified":"2026-05-02T20:50:56","modified_gmt":"2026-05-02T18:50:56","slug":"presse-agrume-manuel-vintage","status":"publish","type":"product","link":"https:\/\/lejournalduwhisky.com\/boutique\/products\/presse-agrume-manuel-vintage\/","title":{"rendered":"Presse agrume manuel vintage"},"content":{"rendered":"<h2>Conception en alliage d&#8217;aluminium \u00e9pais : solidit\u00e9 et long\u00e9vit\u00e9<\/h2>\n<p>Fabriqu\u00e9 en alliage d&#8217;aluminium \u00e9pais, ce presse agrume manuel vintage garantit une solidit\u00e9 et une long\u00e9vit\u00e9 impressionnantes. Con\u00e7u pour r\u00e9sister \u00e0 une utilisation quotidienne, il vous accompagnera pendant de nombreuses ann\u00e9es sans perdre en efficacit\u00e9. L&#8217;aluminium utilis\u00e9 offre d\u2019une part une robustesse remarquable, et d\u2019autre part, une l\u00e9g\u00e8ret\u00e9 qui facilite la manipulation de l&#8217;appareil. Parfait pour extraire le jus des agrumes comme le citron, l&#8217;orange ou m\u00eame la grenade, ce presse agrume allie performance et durabilit\u00e9, faisant de lui un outil indispensable dans votre cuisine.<\/p>\n<h2>Presse agrume de style vintage<\/h2>\n<p>Avec son design vintage, ce presse agrume manuel ajoute une dimension nostalgique \u00e0 votre cuisine. Inspir\u00e9 des mod\u00e8les d&#8217;antan, il allie allure r\u00e9tro et fonctionnalit\u00e9. Son apparence classique et raffin\u00e9e en fait un outil de cuisine pratique, mais \u00e9galement un objet de d\u00e9coration. Ce presse agrume est parfait pour ceux qui appr\u00e9cient le charme des objets anciens tout en profitant des avantages des mat\u00e9riaux modernes.<\/p>\n<h2>Presse agrume manuel vintage facile \u00e0 prendre en main pour une utilisation sans peine<\/h2>\n<p>Ce presse agrume manuel vintage est con\u00e7u pour une utilisation simple et sans effort. Sa poign\u00e9e ergonomique permet une prise en main confortable, l&#8217;extraction du jus se fait ainsi ais\u00e9ment sans n\u00e9cessiter une force excessive. Que ce soit pour pr\u00e9parer un jus d&#8217;orange frais pour le petit-d\u00e9jeuner ou concocter un cocktail pour vos soir\u00e9es, ce presse agrume rendra chaque t\u00e2che plus agr\u00e9able et plus rapide. Sa facilit\u00e9 d&#8217;utilisation en fait un choix parfait pour tous, des d\u00e9butants aux passionn\u00e9s de cuisine.<\/p>\n","protected":false},"excerpt":{"rendered":"<p>Le presse agrume manuel vintage est un outil chic et efficace pour extraire facilement le jus de vos fruits pr\u00e9f\u00e9r\u00e9s. Ce presse agrume de style vintage est con\u00e7u pour rester solide et efficace, m\u00eame apr\u00e8s plusieurs ann\u00e9es.<\/p>\n","protected":false},"featured_media":2795,"comment_status":"open","ping_status":"closed","template":"","meta":{"site-sidebar-layout":"default","site-content-layout":"","ast-site-content-layout":"default","site-content-style":"default","site-sidebar-style":"default","ast-global-header-display":"","ast-banner-title-visibility":"","ast-main-header-display":"","ast-hfb-above-header-display":"","ast-hfb-below-header-display":"","ast-hfb-mobile-header-display":"","site-post-title":"","ast-breadcrumbs-content":"","ast-featured-img":"","footer-sml-layout":"","ast-disable-related-posts":"","theme-transparent-header-meta":"default","adv-header-id-meta":"","stick-header-meta":"default","header-above-stick-meta":"","header-main-stick-meta":"","header-below-stick-meta":"","astra-migrate-meta-layouts":"set","ast-page-background-enabled":"default","ast-page-background-meta":{"desktop":{"background-color":"","background-image":"","background-repeat":"repeat","background-position":"center center","background-size":"auto","background-attachment":"scroll","background-type":"","background-media":"","overlay-type":"","overlay-color":"","overlay-opacity":"","overlay-gradient":""},"tablet":{"background-color":"","background-image":"","background-repeat":"repeat","background-position":"center center","background-size":"auto","background-attachment":"scroll","background-type":"","background-media":"","overlay-type":"","overlay-color":"","overlay-opacity":"","overlay-gradient":""},"mobile":{"background-color":"","background-image":"","background-repeat":"repeat","background-position":"center center","background-size":"auto","background-attachment":"scroll","background-type":"","background-media":"","overlay-type":"","overlay-color":"","overlay-opacity":"","overlay-gradient":""}},"ast-content-background-meta":{"desktop":{"background-color":"var(--ast-global-color-5)","background-image":"","background-repeat":"repeat","background-position":"center center","background-size":"auto","background-attachment":"scroll","background-type":"","background-media":"","overlay-type":"","overlay-color":"","overlay-opacity":"","overlay-gradient":""},"tablet":{"background-color":"var(--ast-global-color-5)","background-image":"","background-repeat":"repeat","background-position":"center center","background-size":"auto","background-attachment":"scroll","background-type":"","background-media":"","overlay-type":"","overlay-color":"","overlay-opacity":"","overlay-gradient":""},"mobile":{"background-color":"var(--ast-global-color-5)","background-image":"","background-repeat":"repeat","background-position":"center center","background-size":"auto","background-attachment":"scroll","background-type":"","background-media":"","overlay-type":"","overlay-color":"","overlay-opacity":"","overlay-gradient":""}}},"product_brand":[],"product_cat":[474],"product_tag":[],"class_list":{"0":"post-2792","1":"product","2":"type-product","3":"status-publish","4":"has-post-thumbnail","6":"product_cat-presses-agrumes-manuels","7":"desktop-align-left","8":"tablet-align-left","9":"mobile-align-left","10":"ast-product-gallery-layout-horizontal","11":"ast-magnify-disabled","12":"ast-product-tabs-layout-accordion","14":"first","15":"instock","16":"taxable","17":"shipping-taxable","18":"purchasable","19":"product-type-simple"},"_links":{"self":[{"href":"https:\/\/lejournalduwhisky.com\/boutique\/wp-json\/wp\/v2\/product\/2792","targetHints":{"allow":["GET"]}}],"collection":[{"href":"https:\/\/lejournalduwhisky.com\/boutique\/wp-json\/wp\/v2\/product"}],"about":[{"href":"https:\/\/lejournalduwhisky.com\/boutique\/wp-json\/wp\/v2\/types\/product"}],"replies":[{"embeddable":true,"href":"https:\/\/lejournalduwhisky.com\/boutique\/wp-json\/wp\/v2\/comments?post=2792"}],"wp:featuredmedia":[{"embeddable":true,"href":"https:\/\/lejournalduwhisky.com\/boutique\/wp-json\/wp\/v2\/media\/2795"}],"wp:attachment":[{"href":"https:\/\/lejournalduwhisky.com\/boutique\/wp-json\/wp\/v2\/media?parent=2792"}],"wp:term":[{"taxonomy":"product_brand","embeddable":true,"href":"https:\/\/lejournalduwhisky.com\/boutique\/wp-json\/wp\/v2\/product_brand?post=2792"},{"taxonomy":"product_cat","embeddable":true,"href":"https:\/\/lejournalduwhisky.com\/boutique\/wp-json\/wp\/v2\/product_cat?post=2792"},{"taxonomy":"product_tag","embeddable":true,"href":"https:\/\/lejournalduwhisky.com\/boutique\/wp-json\/wp\/v2\/product_tag?post=2792"}],"curies":[{"name":"wp","href":"https:\/\/api.w.org\/{rel}","templated":true}]}}