{"id":2767,"date":"2024-06-10T12:26:06","date_gmt":"2024-06-10T10:26:06","guid":{"rendered":"https:\/\/lejournalduwhisky.com\/boutique\/?post_type=product&#038;p=2767"},"modified":"2024-06-10T12:26:07","modified_gmt":"2024-06-10T10:26:07","slug":"verre-a-whisky-degustation-original","status":"publish","type":"product","link":"https:\/\/lejournalduwhisky.com\/boutique\/products\/verre-a-whisky-degustation-original\/","title":{"rendered":"Verre \u00e0 whisky d\u00e9gustation original"},"content":{"rendered":"<h2>Design atypique gros ventre pour une meilleure conservation des ar\u00f4mes \u00e0 chaque d\u00e9gustation<\/h2>\n<p>Ce verre \u00e0 whisky d\u00e9gustation original se distingue par son design authentique avec un gros ventre, con\u00e7u sp\u00e9cifiquement pour am\u00e9liorer la conservation et la lib\u00e9ration des ar\u00f4mes. Cette forme permet au whisky de s&#8217;oxyg\u00e9ner de mani\u00e8re optimale, lib\u00e9rant des ar\u00f4mes plus complexes et des nuances subtiles \u00e0 chaque rotation du verre. L&#8217;\u00e9largissement en bas du verre capte et concentre ces ar\u00f4mes vers le haut, ce qui permet d\u2019intensifier votre exp\u00e9rience olfactive avant m\u00eame la premi\u00e8re gorg\u00e9e, chaque d\u00e9gustation devient alors un moment de d\u00e9couverte.<\/p>\n<h2>Verre \u00e0 whisky d\u00e9gustation original en cristal sans plomb, id\u00e9al pour une utilisation s\u00fbre et durable<\/h2>\n<p>Fabriqu\u00e9 en cristal sans plomb, ce verre \u00e0 whisky d\u00e9gustation original allie s\u00e9curit\u00e9 sanitaire et durabilit\u00e9. Le cristal sans plomb est en effet plus sain et il offre \u00e9galement une clart\u00e9 exceptionnelle, ce qui assure une meilleure appr\u00e9ciation visuelle de la puret\u00e9 et de la couleur du whisky. Sa robustesse garantit une r\u00e9sistance aux chocs et aux \u00e9br\u00e9chures, faisant de ce verre un compagnon de longue dur\u00e9e pour vos soir\u00e9es d\u00e9gustation, vos \u00e9v\u00e9nements festifs ou votre utilisation quotidienne dans un cadre plus intime.<\/p>\n<h2>Une contenance de 250 ml pour profiter pleinement de son whisky pr\u00e9f\u00e9r\u00e9 \u00e0 chaque d\u00e9gustation<\/h2>\n<p>Avec une capacit\u00e9 de 250 ml, ce verre \u00e0 whisky d\u00e9gustation original est parfaitement dimensionn\u00e9 pour satisfaire les amateurs souhaitant savourer leur spiritueux sans en abuser. La taille du verre est suffisante pour ajouter des gla\u00e7ons, sans perturber l&#8217;espace n\u00e9cessaire \u00e0 l&#8217;expression des ar\u00f4mes. Cela en fait un choix id\u00e9al pour explorer divers whiskys et partager votre passion avec des amis lors de rencontres sp\u00e9ciales.<\/p>\n","protected":false},"excerpt":{"rendered":"<p>\u00c9veillez vos sens avec le verre \u00e0 whisky de d\u00e9gustation original, con\u00e7u pour capturer l&#8217;essence de chaque spiritueux. Son design unique et sa forme ergonomique subliment l&#8217;exp\u00e9rience, offrant une immersion totale dans les ar\u00f4mes et les saveurs de votre whisky pr\u00e9f\u00e9r\u00e9.<\/p>\n","protected":false},"featured_media":2770,"comment_status":"open","ping_status":"closed","template":"","meta":{"site-sidebar-layout":"default","site-content-layout":"","ast-site-content-layout":"default","site-content-style":"default","site-sidebar-style":"default","ast-global-header-display":"","ast-banner-title-visibility":"","ast-main-header-display":"","ast-hfb-above-header-display":"","ast-hfb-below-header-display":"","ast-hfb-mobile-header-display":"","site-post-title":"","ast-breadcrumbs-content":"","ast-featured-img":"","footer-sml-layout":"","ast-disable-related-posts":"","theme-transparent-header-meta":"default","adv-header-id-meta":"","stick-header-meta":"default","header-above-stick-meta":"","header-main-stick-meta":"","header-below-stick-meta":"","astra-migrate-meta-layouts":"set","ast-page-background-enabled":"default","ast-page-background-meta":{"desktop":{"background-color":"","background-image":"","background-repeat":"repeat","background-position":"center center","background-size":"auto","background-attachment":"scroll","background-type":"","background-media":"","overlay-type":"","overlay-color":"","overlay-opacity":"","overlay-gradient":""},"tablet":{"background-color":"","background-image":"","background-repeat":"repeat","background-position":"center center","background-size":"auto","background-attachment":"scroll","background-type":"","background-media":"","overlay-type":"","overlay-color":"","overlay-opacity":"","overlay-gradient":""},"mobile":{"background-color":"","background-image":"","background-repeat":"repeat","background-position":"center center","background-size":"auto","background-attachment":"scroll","background-type":"","background-media":"","overlay-type":"","overlay-color":"","overlay-opacity":"","overlay-gradient":""}},"ast-content-background-meta":{"desktop":{"background-color":"var(--ast-global-color-5)","background-image":"","background-repeat":"repeat","background-position":"center center","background-size":"auto","background-attachment":"scroll","background-type":"","background-media":"","overlay-type":"","overlay-color":"","overlay-opacity":"","overlay-gradient":""},"tablet":{"background-color":"var(--ast-global-color-5)","background-image":"","background-repeat":"repeat","background-position":"center center","background-size":"auto","background-attachment":"scroll","background-type":"","background-media":"","overlay-type":"","overlay-color":"","overlay-opacity":"","overlay-gradient":""},"mobile":{"background-color":"var(--ast-global-color-5)","background-image":"","background-repeat":"repeat","background-position":"center center","background-size":"auto","background-attachment":"scroll","background-type":"","background-media":"","overlay-type":"","overlay-color":"","overlay-opacity":"","overlay-gradient":""}}},"product_brand":[],"product_cat":[86],"product_tag":[],"class_list":{"0":"post-2767","1":"product","2":"type-product","3":"status-publish","4":"has-post-thumbnail","6":"product_cat-degustation","7":"desktop-align-left","8":"tablet-align-left","9":"mobile-align-left","10":"ast-product-gallery-layout-horizontal","11":"ast-magnify-disabled","12":"ast-product-tabs-layout-accordion","14":"first","15":"instock","16":"taxable","17":"shipping-taxable","18":"purchasable","19":"product-type-simple"},"_links":{"self":[{"href":"https:\/\/lejournalduwhisky.com\/boutique\/wp-json\/wp\/v2\/product\/2767","targetHints":{"allow":["GET"]}}],"collection":[{"href":"https:\/\/lejournalduwhisky.com\/boutique\/wp-json\/wp\/v2\/product"}],"about":[{"href":"https:\/\/lejournalduwhisky.com\/boutique\/wp-json\/wp\/v2\/types\/product"}],"replies":[{"embeddable":true,"href":"https:\/\/lejournalduwhisky.com\/boutique\/wp-json\/wp\/v2\/comments?post=2767"}],"wp:featuredmedia":[{"embeddable":true,"href":"https:\/\/lejournalduwhisky.com\/boutique\/wp-json\/wp\/v2\/media\/2770"}],"wp:attachment":[{"href":"https:\/\/lejournalduwhisky.com\/boutique\/wp-json\/wp\/v2\/media?parent=2767"}],"wp:term":[{"taxonomy":"product_brand","embeddable":true,"href":"https:\/\/lejournalduwhisky.com\/boutique\/wp-json\/wp\/v2\/product_brand?post=2767"},{"taxonomy":"product_cat","embeddable":true,"href":"https:\/\/lejournalduwhisky.com\/boutique\/wp-json\/wp\/v2\/product_cat?post=2767"},{"taxonomy":"product_tag","embeddable":true,"href":"https:\/\/lejournalduwhisky.com\/boutique\/wp-json\/wp\/v2\/product_tag?post=2767"}],"curies":[{"name":"wp","href":"https:\/\/api.w.org\/{rel}","templated":true}]}}