{"id":2757,"date":"2024-06-10T11:52:47","date_gmt":"2024-06-10T09:52:47","guid":{"rendered":"https:\/\/lejournalduwhisky.com\/boutique\/?post_type=product&#038;p=2757"},"modified":"2024-06-10T11:52:48","modified_gmt":"2024-06-10T09:52:48","slug":"verre-a-whisky-irlandais","status":"publish","type":"product","link":"https:\/\/lejournalduwhisky.com\/boutique\/products\/verre-a-whisky-irlandais\/","title":{"rendered":"Verre \u00e0 whisky irlandais"},"content":{"rendered":"<h2>Conception de vortex pour un design unique<\/h2>\n<p>Ce verre \u00e0 whisky se distingue par son design innovant en forme de vortex, r\u00e9sultat d&#8217;un processus de soufflage manuel m\u00e9ticuleux. Cette structure \u00e9labor\u00e9e, en plus d\u2019\u00eatre magnifique, permet \u00e9galement de lib\u00e9rer et d&#8217;amplifier les ar\u00f4mes complexes du whisky. Ainsi, gr\u00e2ce \u00e0 sa forme, ce verre \u00e0 whisky irlandais enrichit l&#8217;exp\u00e9rience olfactive de son utilisateur, chaque d\u00e9gustation devient plus immersive et sensorielle.<\/p>\n<h2>Verre \u00e0 whisky irlandais en cristal sans plomb pour une utilisation s\u00fbre et durable<\/h2>\n<p>Fabriqu\u00e9 en cristal sans plomb, ce verre \u00e0 whisky irlandais garantit une d\u00e9gustation s\u00fbre et une durabilit\u00e9 accrue. Ce mat\u00e9riau de haute qualit\u00e9 est d\u2019une part non toxique et inoffensif, d\u2019autre part, il offre \u00e9galement une clart\u00e9 exceptionnelle pour admirer la couleur du whisky. Par ailleurs, il se distingue par sa robustesse, ce qui en fait un choix id\u00e9al pour un usage quotidien ou lors d&#8217;occasions sp\u00e9ciales sans craindre de vite l\u2019ab\u00eemer.<\/p>\n<h2>Une contenance de 260 ml pour des d\u00e9gustations sublim\u00e9es \u00e0 diverses occasions<\/h2>\n<p>Avec une contenance de 260 ml, ce verre \u00e0 d\u00e9gustation est parfait pour servir votre whisky irlandais pr\u00e9f\u00e9r\u00e9, ainsi que d&#8217;autres spiritueux, vins ou cocktails. Sa taille permet une d\u00e9gustation ample sans \u00eatre excessive, id\u00e9ale pour les soir\u00e9es entre amis, les r\u00e9ceptions familiales ou les moments de d\u00e9tente en solo. Sa prestance en fait \u00e9galement un cadeau merveilleux pour les amateurs de whisky ou un ajout pr\u00e9cieux \u00e0 tout bar ou collection de verres.<\/p>\n","protected":false},"excerpt":{"rendered":"<p>Prenez du plaisir \u00e0 chaque gorg\u00e9e de whisky avec le verre \u00e0 whisky irlandais, dot\u00e9 d&#8217;une conception de vortex unique. Ce verre allie beaut\u00e9 et fonctionnalit\u00e9 pour une exp\u00e9rience inoubliable lors de la d\u00e9gustation.<\/p>\n","protected":false},"featured_media":2760,"comment_status":"open","ping_status":"closed","template":"","meta":{"site-sidebar-layout":"default","site-content-layout":"","ast-site-content-layout":"default","site-content-style":"default","site-sidebar-style":"default","ast-global-header-display":"","ast-banner-title-visibility":"","ast-main-header-display":"","ast-hfb-above-header-display":"","ast-hfb-below-header-display":"","ast-hfb-mobile-header-display":"","site-post-title":"","ast-breadcrumbs-content":"","ast-featured-img":"","footer-sml-layout":"","ast-disable-related-posts":"","theme-transparent-header-meta":"default","adv-header-id-meta":"","stick-header-meta":"default","header-above-stick-meta":"","header-main-stick-meta":"","header-below-stick-meta":"","astra-migrate-meta-layouts":"set","ast-page-background-enabled":"default","ast-page-background-meta":{"desktop":{"background-color":"","background-image":"","background-repeat":"repeat","background-position":"center center","background-size":"auto","background-attachment":"scroll","background-type":"","background-media":"","overlay-type":"","overlay-color":"","overlay-opacity":"","overlay-gradient":""},"tablet":{"background-color":"","background-image":"","background-repeat":"repeat","background-position":"center center","background-size":"auto","background-attachment":"scroll","background-type":"","background-media":"","overlay-type":"","overlay-color":"","overlay-opacity":"","overlay-gradient":""},"mobile":{"background-color":"","background-image":"","background-repeat":"repeat","background-position":"center center","background-size":"auto","background-attachment":"scroll","background-type":"","background-media":"","overlay-type":"","overlay-color":"","overlay-opacity":"","overlay-gradient":""}},"ast-content-background-meta":{"desktop":{"background-color":"var(--ast-global-color-5)","background-image":"","background-repeat":"repeat","background-position":"center center","background-size":"auto","background-attachment":"scroll","background-type":"","background-media":"","overlay-type":"","overlay-color":"","overlay-opacity":"","overlay-gradient":""},"tablet":{"background-color":"var(--ast-global-color-5)","background-image":"","background-repeat":"repeat","background-position":"center center","background-size":"auto","background-attachment":"scroll","background-type":"","background-media":"","overlay-type":"","overlay-color":"","overlay-opacity":"","overlay-gradient":""},"mobile":{"background-color":"var(--ast-global-color-5)","background-image":"","background-repeat":"repeat","background-position":"center center","background-size":"auto","background-attachment":"scroll","background-type":"","background-media":"","overlay-type":"","overlay-color":"","overlay-opacity":"","overlay-gradient":""}}},"product_brand":[],"product_cat":[86],"product_tag":[],"class_list":{"0":"post-2757","1":"product","2":"type-product","3":"status-publish","4":"has-post-thumbnail","6":"product_cat-degustation","7":"desktop-align-left","8":"tablet-align-left","9":"mobile-align-left","10":"ast-product-gallery-layout-horizontal","11":"ast-magnify-disabled","12":"ast-product-tabs-layout-accordion","14":"first","15":"instock","16":"taxable","17":"shipping-taxable","18":"purchasable","19":"product-type-simple"},"_links":{"self":[{"href":"https:\/\/lejournalduwhisky.com\/boutique\/wp-json\/wp\/v2\/product\/2757","targetHints":{"allow":["GET"]}}],"collection":[{"href":"https:\/\/lejournalduwhisky.com\/boutique\/wp-json\/wp\/v2\/product"}],"about":[{"href":"https:\/\/lejournalduwhisky.com\/boutique\/wp-json\/wp\/v2\/types\/product"}],"replies":[{"embeddable":true,"href":"https:\/\/lejournalduwhisky.com\/boutique\/wp-json\/wp\/v2\/comments?post=2757"}],"wp:featuredmedia":[{"embeddable":true,"href":"https:\/\/lejournalduwhisky.com\/boutique\/wp-json\/wp\/v2\/media\/2760"}],"wp:attachment":[{"href":"https:\/\/lejournalduwhisky.com\/boutique\/wp-json\/wp\/v2\/media?parent=2757"}],"wp:term":[{"taxonomy":"product_brand","embeddable":true,"href":"https:\/\/lejournalduwhisky.com\/boutique\/wp-json\/wp\/v2\/product_brand?post=2757"},{"taxonomy":"product_cat","embeddable":true,"href":"https:\/\/lejournalduwhisky.com\/boutique\/wp-json\/wp\/v2\/product_cat?post=2757"},{"taxonomy":"product_tag","embeddable":true,"href":"https:\/\/lejournalduwhisky.com\/boutique\/wp-json\/wp\/v2\/product_tag?post=2757"}],"curies":[{"name":"wp","href":"https:\/\/api.w.org\/{rel}","templated":true}]}}