{"id":2728,"date":"2024-06-08T01:51:38","date_gmt":"2024-06-07T23:51:38","guid":{"rendered":"https:\/\/lejournalduwhisky.com\/boutique\/?post_type=product&#038;p=2728"},"modified":"2024-06-08T01:51:39","modified_gmt":"2024-06-07T23:51:39","slug":"verre-a-cocktail-pas-cher","status":"publish","type":"product","link":"https:\/\/lejournalduwhisky.com\/boutique\/products\/verre-a-cocktail-pas-cher\/","title":{"rendered":"Verre \u00e0 cocktail pas cher"},"content":{"rendered":"<h2>Verre \u00e0 cocktail con\u00e7u sans plomb pour une utilisation sans danger pour la sant\u00e9<\/h2>\n<p>Ce verre \u00e0 cocktail pas cher est fabriqu\u00e9 sans plomb, garantissant une utilisation sans danger pour votre sant\u00e9. En choisissant ce verre, vous optez pour la s\u00e9curit\u00e9 et la tranquillit\u00e9 d&#8217;esprit, sachant que vos boissons ne seront pas contamin\u00e9es par des substances nocives. Parfait pour une utilisation quotidienne ou pour des occasions sp\u00e9ciales, ce verre offre une solution saine et raffin\u00e9e pour savourer vos cocktails pr\u00e9f\u00e9r\u00e9s.<\/p>\n<h2>Design en coupe adapt\u00e9 pour du cocktail et divers autres usages<\/h2>\n<p>Le design en coupe de ce verre \u00e0 cocktail est parfait pour servir des cocktails classiques comme le martini, le gin tonic, ou la margarita. Il peut \u00e9galement \u00eatre utilis\u00e9 pour pr\u00e9senter des desserts raffin\u00e9s ou d&#8217;autres boissons. Sa forme distingu\u00e9e ajoute plus de classe \u00e0 toutes vos r\u00e9ceptions, faisant de chaque moment un instant m\u00e9morable. Avec une capacit\u00e9 de 150 ml, ce verre est parfaitement proportionn\u00e9 pour une vari\u00e9t\u00e9 d&#8217;utilisations.<\/p>\n<h2>Lavable au lave-vaisselle<\/h2>\n<p>Pour une commodit\u00e9 maximale, ce verre \u00e0 cocktail est lavable au lave-vaisselle. Vous n&#8217;aurez plus \u00e0 vous soucier du nettoyage apr\u00e8s vos soir\u00e9es ou vos r\u00e9ceptions. R\u00e9sistant, il supporte les cycles de lavage en machine sans perdre de son \u00e9clat ou de sa qualit\u00e9. Cela vous permet de profiter pleinement de vos moments de d\u00e9tente sans le stress du nettoyage manuel. Facile \u00e0 entretenir, ce verre est con\u00e7u pour vous offrir une exp\u00e9rience utilisateur optimale.<\/p>\n","protected":false},"excerpt":{"rendered":"<p>Le verre \u00e0 cocktail pas cher est con\u00e7u sans plomb pour une utilisation saine. Son design chic en coupe est parfait pour tous les types de cocktails. Il peut facilement passer au lave-vaisselle.<\/p>\n","protected":false},"featured_media":2732,"comment_status":"open","ping_status":"closed","template":"","meta":{"site-sidebar-layout":"default","site-content-layout":"","ast-site-content-layout":"default","site-content-style":"default","site-sidebar-style":"default","ast-global-header-display":"","ast-banner-title-visibility":"","ast-main-header-display":"","ast-hfb-above-header-display":"","ast-hfb-below-header-display":"","ast-hfb-mobile-header-display":"","site-post-title":"","ast-breadcrumbs-content":"","ast-featured-img":"","footer-sml-layout":"","ast-disable-related-posts":"","theme-transparent-header-meta":"default","adv-header-id-meta":"","stick-header-meta":"default","header-above-stick-meta":"","header-main-stick-meta":"","header-below-stick-meta":"","astra-migrate-meta-layouts":"set","ast-page-background-enabled":"default","ast-page-background-meta":{"desktop":{"background-color":"","background-image":"","background-repeat":"repeat","background-position":"center center","background-size":"auto","background-attachment":"scroll","background-type":"","background-media":"","overlay-type":"","overlay-color":"","overlay-opacity":"","overlay-gradient":""},"tablet":{"background-color":"","background-image":"","background-repeat":"repeat","background-position":"center center","background-size":"auto","background-attachment":"scroll","background-type":"","background-media":"","overlay-type":"","overlay-color":"","overlay-opacity":"","overlay-gradient":""},"mobile":{"background-color":"","background-image":"","background-repeat":"repeat","background-position":"center center","background-size":"auto","background-attachment":"scroll","background-type":"","background-media":"","overlay-type":"","overlay-color":"","overlay-opacity":"","overlay-gradient":""}},"ast-content-background-meta":{"desktop":{"background-color":"var(--ast-global-color-5)","background-image":"","background-repeat":"repeat","background-position":"center center","background-size":"auto","background-attachment":"scroll","background-type":"","background-media":"","overlay-type":"","overlay-color":"","overlay-opacity":"","overlay-gradient":""},"tablet":{"background-color":"var(--ast-global-color-5)","background-image":"","background-repeat":"repeat","background-position":"center center","background-size":"auto","background-attachment":"scroll","background-type":"","background-media":"","overlay-type":"","overlay-color":"","overlay-opacity":"","overlay-gradient":""},"mobile":{"background-color":"var(--ast-global-color-5)","background-image":"","background-repeat":"repeat","background-position":"center center","background-size":"auto","background-attachment":"scroll","background-type":"","background-media":"","overlay-type":"","overlay-color":"","overlay-opacity":"","overlay-gradient":""}}},"product_brand":[],"product_cat":[470],"product_tag":[],"class_list":{"0":"post-2728","1":"product","2":"type-product","3":"status-publish","4":"has-post-thumbnail","6":"product_cat-verres-cocktail","7":"desktop-align-left","8":"tablet-align-left","9":"mobile-align-left","10":"ast-product-gallery-layout-horizontal","11":"ast-magnify-disabled","12":"ast-product-tabs-layout-accordion","14":"first","15":"instock","16":"taxable","17":"shipping-taxable","18":"purchasable","19":"product-type-simple"},"_links":{"self":[{"href":"https:\/\/lejournalduwhisky.com\/boutique\/wp-json\/wp\/v2\/product\/2728","targetHints":{"allow":["GET"]}}],"collection":[{"href":"https:\/\/lejournalduwhisky.com\/boutique\/wp-json\/wp\/v2\/product"}],"about":[{"href":"https:\/\/lejournalduwhisky.com\/boutique\/wp-json\/wp\/v2\/types\/product"}],"replies":[{"embeddable":true,"href":"https:\/\/lejournalduwhisky.com\/boutique\/wp-json\/wp\/v2\/comments?post=2728"}],"wp:featuredmedia":[{"embeddable":true,"href":"https:\/\/lejournalduwhisky.com\/boutique\/wp-json\/wp\/v2\/media\/2732"}],"wp:attachment":[{"href":"https:\/\/lejournalduwhisky.com\/boutique\/wp-json\/wp\/v2\/media?parent=2728"}],"wp:term":[{"taxonomy":"product_brand","embeddable":true,"href":"https:\/\/lejournalduwhisky.com\/boutique\/wp-json\/wp\/v2\/product_brand?post=2728"},{"taxonomy":"product_cat","embeddable":true,"href":"https:\/\/lejournalduwhisky.com\/boutique\/wp-json\/wp\/v2\/product_cat?post=2728"},{"taxonomy":"product_tag","embeddable":true,"href":"https:\/\/lejournalduwhisky.com\/boutique\/wp-json\/wp\/v2\/product_tag?post=2728"}],"curies":[{"name":"wp","href":"https:\/\/api.w.org\/{rel}","templated":true}]}}