{"id":2691,"date":"2024-06-07T01:45:31","date_gmt":"2024-06-06T23:45:31","guid":{"rendered":"https:\/\/lejournalduwhisky.com\/boutique\/?post_type=product&#038;p=2691"},"modified":"2024-06-07T02:58:57","modified_gmt":"2024-06-07T00:58:57","slug":"zesteur-agrumes","status":"publish","type":"product","link":"https:\/\/lejournalduwhisky.com\/boutique\/products\/zesteur-agrumes\/","title":{"rendered":"Zesteur agrumes"},"content":{"rendered":"<h2>Zesteur agrumes avec lame en acier inoxydable tranchante pour un zeste et un r\u00e2page sans peine<\/h2>\n<p>Ce zesteur agrumes est \u00e9quip\u00e9 d&#8217;une lame en acier inoxydable de bonne qualit\u00e9, garantissant une coupe nette et pr\u00e9cise. Con\u00e7u pour zester et r\u00e2per sans effort, il vous permet d&#8217;extraire facilement les ar\u00f4mes et les saveurs des agrumes. La lame tranchante ne rouille pas, assurant une utilisation sur le long terme. Que ce soit pour ajouter une couche de citron \u00e0 un cocktail ou pour r\u00e2per des condiments sur un plat, ce zesteur r\u00e9pondra \u00e0 toutes vos attentes. Profitez d&#8217;un outil performant et fiable pour sublimer vos cr\u00e9ations culinaires.<\/p>\n<h2>Confortable \u00e0 utiliser et construit pour durer<\/h2>\n<p>Le zesteur agrumes est tr\u00e8s efficace, mais \u00e9galement confortable \u00e0 utiliser. Sa poign\u00e9e ergonomique et antid\u00e9rapante offre une prise en main s\u00fbre et agr\u00e9able, m\u00eame lors d&#8217;une utilisation prolong\u00e9e. Les c\u00f4t\u00e9s incurv\u00e9s du zesteur sont con\u00e7us pour offrir une rigidit\u00e9 maximale, permettant d&#8217;appliquer plus de force lorsque n\u00e9cessaire. Fabriqu\u00e9 avec des mat\u00e9riaux de haute qualit\u00e9, ce zesteur est construit pour durer, r\u00e9sistant \u00e0 l&#8217;usure et aux rigueurs de la cuisine quotidienne. Ajoutez cet outil robuste et durable \u00e0 votre collection pour une exp\u00e9rience culinaire am\u00e9lior\u00e9e.<\/p>\n<h2>Dents de la r\u00e2pe en m\u00e9tal adapt\u00e9es pour un nettoyage facile<\/h2>\n<p>L&#8217;entretien de ce zesteur agrumes est un jeu d&#8217;enfant gr\u00e2ce \u00e0 ses dents en m\u00e9tal sp\u00e9cialement con\u00e7ues pour ne pas se boucher. Contrairement \u00e0 d&#8217;autres r\u00e2pes, il suffit de le passer sous l&#8217;eau courante pour un nettoyage rapide et sans effort. Sa compatibilit\u00e9 avec le lave-vaisselle ajoute une commodit\u00e9 suppl\u00e9mentaire. Finies les corv\u00e9es de nettoyage fastidieuses, vous pouvez maintenant vous concentrer sur la pr\u00e9paration de vos plats et cocktails pr\u00e9f\u00e9r\u00e9s. Ce zesteur pratique et hygi\u00e9nique vous garantit une utilisation simple et efficace, tout en maintenant une propret\u00e9 irr\u00e9prochable dans votre cuisine ou bar.<\/p>\n","protected":false},"excerpt":{"rendered":"<p>Le zesteur agrumes est con\u00e7u avec une lame en acier inoxydable tranchante. Confortable \u00e0 utiliser et facile \u00e0 nettoyer, il permet de zester et de r\u00e2per facilement et efficacement.<\/p>\n","protected":false},"featured_media":2692,"comment_status":"open","ping_status":"closed","template":"","meta":{"site-sidebar-layout":"default","site-content-layout":"","ast-site-content-layout":"default","site-content-style":"default","site-sidebar-style":"default","ast-global-header-display":"","ast-banner-title-visibility":"","ast-main-header-display":"","ast-hfb-above-header-display":"","ast-hfb-below-header-display":"","ast-hfb-mobile-header-display":"","site-post-title":"","ast-breadcrumbs-content":"","ast-featured-img":"","footer-sml-layout":"","ast-disable-related-posts":"","theme-transparent-header-meta":"default","adv-header-id-meta":"","stick-header-meta":"default","header-above-stick-meta":"","header-main-stick-meta":"","header-below-stick-meta":"","astra-migrate-meta-layouts":"set","ast-page-background-enabled":"default","ast-page-background-meta":{"desktop":{"background-color":"","background-image":"","background-repeat":"repeat","background-position":"center center","background-size":"auto","background-attachment":"scroll","background-type":"","background-media":"","overlay-type":"","overlay-color":"","overlay-opacity":"","overlay-gradient":""},"tablet":{"background-color":"","background-image":"","background-repeat":"repeat","background-position":"center center","background-size":"auto","background-attachment":"scroll","background-type":"","background-media":"","overlay-type":"","overlay-color":"","overlay-opacity":"","overlay-gradient":""},"mobile":{"background-color":"","background-image":"","background-repeat":"repeat","background-position":"center center","background-size":"auto","background-attachment":"scroll","background-type":"","background-media":"","overlay-type":"","overlay-color":"","overlay-opacity":"","overlay-gradient":""}},"ast-content-background-meta":{"desktop":{"background-color":"var(--ast-global-color-5)","background-image":"","background-repeat":"repeat","background-position":"center center","background-size":"auto","background-attachment":"scroll","background-type":"","background-media":"","overlay-type":"","overlay-color":"","overlay-opacity":"","overlay-gradient":""},"tablet":{"background-color":"var(--ast-global-color-5)","background-image":"","background-repeat":"repeat","background-position":"center center","background-size":"auto","background-attachment":"scroll","background-type":"","background-media":"","overlay-type":"","overlay-color":"","overlay-opacity":"","overlay-gradient":""},"mobile":{"background-color":"var(--ast-global-color-5)","background-image":"","background-repeat":"repeat","background-position":"center center","background-size":"auto","background-attachment":"scroll","background-type":"","background-media":"","overlay-type":"","overlay-color":"","overlay-opacity":"","overlay-gradient":""}}},"product_brand":[],"product_cat":[473],"product_tag":[],"class_list":{"0":"post-2691","1":"product","2":"type-product","3":"status-publish","4":"has-post-thumbnail","6":"product_cat-zesteurs","7":"desktop-align-left","8":"tablet-align-left","9":"mobile-align-left","10":"ast-product-gallery-layout-horizontal","11":"ast-magnify-disabled","12":"ast-product-tabs-layout-accordion","14":"first","15":"instock","16":"taxable","17":"shipping-taxable","18":"purchasable","19":"product-type-simple"},"_links":{"self":[{"href":"https:\/\/lejournalduwhisky.com\/boutique\/wp-json\/wp\/v2\/product\/2691","targetHints":{"allow":["GET"]}}],"collection":[{"href":"https:\/\/lejournalduwhisky.com\/boutique\/wp-json\/wp\/v2\/product"}],"about":[{"href":"https:\/\/lejournalduwhisky.com\/boutique\/wp-json\/wp\/v2\/types\/product"}],"replies":[{"embeddable":true,"href":"https:\/\/lejournalduwhisky.com\/boutique\/wp-json\/wp\/v2\/comments?post=2691"}],"wp:featuredmedia":[{"embeddable":true,"href":"https:\/\/lejournalduwhisky.com\/boutique\/wp-json\/wp\/v2\/media\/2692"}],"wp:attachment":[{"href":"https:\/\/lejournalduwhisky.com\/boutique\/wp-json\/wp\/v2\/media?parent=2691"}],"wp:term":[{"taxonomy":"product_brand","embeddable":true,"href":"https:\/\/lejournalduwhisky.com\/boutique\/wp-json\/wp\/v2\/product_brand?post=2691"},{"taxonomy":"product_cat","embeddable":true,"href":"https:\/\/lejournalduwhisky.com\/boutique\/wp-json\/wp\/v2\/product_cat?post=2691"},{"taxonomy":"product_tag","embeddable":true,"href":"https:\/\/lejournalduwhisky.com\/boutique\/wp-json\/wp\/v2\/product_tag?post=2691"}],"curies":[{"name":"wp","href":"https:\/\/api.w.org\/{rel}","templated":true}]}}