{"id":2626,"date":"2024-06-05T19:02:03","date_gmt":"2024-06-05T17:02:03","guid":{"rendered":"https:\/\/lejournalduwhisky.com\/boutique\/?post_type=product&#038;p=2626"},"modified":"2024-06-05T20:44:53","modified_gmt":"2024-06-05T18:44:53","slug":"bec-verseur-ancien","status":"publish","type":"product","link":"https:\/\/lejournalduwhisky.com\/boutique\/products\/bec-verseur-ancien\/","title":{"rendered":"Bec verseur ancien"},"content":{"rendered":"<h2>Bec verseur ancien en acier inoxydable de haute qualit\u00e9<\/h2>\n<p>Ce bec verseur ancien est fabriqu\u00e9 en acier inoxydable de haute qualit\u00e9, garantissant durabilit\u00e9 et r\u00e9sistance \u00e0 la corrosion. Sa finition raffin\u00e9e ajoute une dimension vintage \u00e0 votre collection d&#8217;accessoires de bar. Parfait pour les amateurs de whisky et les collectionneurs, ce bec verseur combine beaut\u00e9 et fonctionnalit\u00e9, offrant un service de boissons classe et sans effort. Profitez d&#8217;un accessoire autant beau que robuste, con\u00e7u pour durer.<\/p>\n<h2>Pratique pour servir du whisky sans en verser sur la table<\/h2>\n<p>Le design intelligent de ce bec verseur ancien permet de servir du whisky avec pr\u00e9cision, \u00e9vitant les d\u00e9versements et les g\u00e2chis sur la table. Il assure un flux constant et sous contr\u00f4le, facilitant le service de vos boissons pr\u00e9f\u00e9r\u00e9es. Que ce soit pour un usage domestique ou professionnel, ce bec verseur rend chaque moment de d\u00e9gustation plus agr\u00e9able et chic.<\/p>\n<h2>Facile \u00e0 placer sur diff\u00e9rentes bouteilles<\/h2>\n<p>Con\u00e7u pour s&#8217;adapter facilement \u00e0 une vari\u00e9t\u00e9 de bouteilles, ce bec verseur ancien est extr\u00eamement multi-usage. Que vous l&#8217;utilisiez pour des bouteilles de whisky, de champagne, de vin ou d&#8217;huile, il s&#8217;installe rapidement et en toute s\u00e9curit\u00e9. Sa simplicit\u00e9 d&#8217;utilisation en fait un outil indispensable pour tous vos besoins de service de boissons. Profitez de la commodit\u00e9 et de la flexibilit\u00e9 offertes par ce bec verseur qui est aussi facile \u00e0 utiliser.<\/p>\n","protected":false},"excerpt":{"rendered":"<p>Pr\u00e9f\u00e9rez ce bec verseur ancien pour parfaire vos services de boissons. Fabriqu\u00e9 en acier inoxydable et compatible avec diff\u00e9rentes bouteilles, il est efficace pour servir du whisky sans en le gaspiller.<\/p>\n","protected":false},"featured_media":2628,"comment_status":"open","ping_status":"closed","template":"","meta":{"site-sidebar-layout":"default","site-content-layout":"","ast-site-content-layout":"default","site-content-style":"default","site-sidebar-style":"default","ast-global-header-display":"","ast-banner-title-visibility":"","ast-main-header-display":"","ast-hfb-above-header-display":"","ast-hfb-below-header-display":"","ast-hfb-mobile-header-display":"","site-post-title":"","ast-breadcrumbs-content":"","ast-featured-img":"","footer-sml-layout":"","ast-disable-related-posts":"","theme-transparent-header-meta":"default","adv-header-id-meta":"","stick-header-meta":"default","header-above-stick-meta":"","header-main-stick-meta":"","header-below-stick-meta":"","astra-migrate-meta-layouts":"set","ast-page-background-enabled":"default","ast-page-background-meta":{"desktop":{"background-color":"","background-image":"","background-repeat":"repeat","background-position":"center center","background-size":"auto","background-attachment":"scroll","background-type":"","background-media":"","overlay-type":"","overlay-color":"","overlay-opacity":"","overlay-gradient":""},"tablet":{"background-color":"","background-image":"","background-repeat":"repeat","background-position":"center center","background-size":"auto","background-attachment":"scroll","background-type":"","background-media":"","overlay-type":"","overlay-color":"","overlay-opacity":"","overlay-gradient":""},"mobile":{"background-color":"","background-image":"","background-repeat":"repeat","background-position":"center center","background-size":"auto","background-attachment":"scroll","background-type":"","background-media":"","overlay-type":"","overlay-color":"","overlay-opacity":"","overlay-gradient":""}},"ast-content-background-meta":{"desktop":{"background-color":"var(--ast-global-color-5)","background-image":"","background-repeat":"repeat","background-position":"center center","background-size":"auto","background-attachment":"scroll","background-type":"","background-media":"","overlay-type":"","overlay-color":"","overlay-opacity":"","overlay-gradient":""},"tablet":{"background-color":"var(--ast-global-color-5)","background-image":"","background-repeat":"repeat","background-position":"center center","background-size":"auto","background-attachment":"scroll","background-type":"","background-media":"","overlay-type":"","overlay-color":"","overlay-opacity":"","overlay-gradient":""},"mobile":{"background-color":"var(--ast-global-color-5)","background-image":"","background-repeat":"repeat","background-position":"center center","background-size":"auto","background-attachment":"scroll","background-type":"","background-media":"","overlay-type":"","overlay-color":"","overlay-opacity":"","overlay-gradient":""}}},"product_brand":[],"product_cat":[472],"product_tag":[],"class_list":{"0":"post-2626","1":"product","2":"type-product","3":"status-publish","4":"has-post-thumbnail","6":"product_cat-becs-verseurs","7":"desktop-align-left","8":"tablet-align-left","9":"mobile-align-left","10":"ast-product-gallery-layout-horizontal","11":"ast-magnify-disabled","12":"ast-product-tabs-layout-accordion","14":"first","15":"instock","16":"taxable","17":"shipping-taxable","18":"purchasable","19":"product-type-simple"},"_links":{"self":[{"href":"https:\/\/lejournalduwhisky.com\/boutique\/wp-json\/wp\/v2\/product\/2626","targetHints":{"allow":["GET"]}}],"collection":[{"href":"https:\/\/lejournalduwhisky.com\/boutique\/wp-json\/wp\/v2\/product"}],"about":[{"href":"https:\/\/lejournalduwhisky.com\/boutique\/wp-json\/wp\/v2\/types\/product"}],"replies":[{"embeddable":true,"href":"https:\/\/lejournalduwhisky.com\/boutique\/wp-json\/wp\/v2\/comments?post=2626"}],"wp:featuredmedia":[{"embeddable":true,"href":"https:\/\/lejournalduwhisky.com\/boutique\/wp-json\/wp\/v2\/media\/2628"}],"wp:attachment":[{"href":"https:\/\/lejournalduwhisky.com\/boutique\/wp-json\/wp\/v2\/media?parent=2626"}],"wp:term":[{"taxonomy":"product_brand","embeddable":true,"href":"https:\/\/lejournalduwhisky.com\/boutique\/wp-json\/wp\/v2\/product_brand?post=2626"},{"taxonomy":"product_cat","embeddable":true,"href":"https:\/\/lejournalduwhisky.com\/boutique\/wp-json\/wp\/v2\/product_cat?post=2626"},{"taxonomy":"product_tag","embeddable":true,"href":"https:\/\/lejournalduwhisky.com\/boutique\/wp-json\/wp\/v2\/product_tag?post=2626"}],"curies":[{"name":"wp","href":"https:\/\/api.w.org\/{rel}","templated":true}]}}