{"id":2600,"date":"2024-06-05T15:33:58","date_gmt":"2024-06-05T13:33:58","guid":{"rendered":"https:\/\/lejournalduwhisky.com\/boutique\/?post_type=product&#038;p=2600"},"modified":"2024-06-05T16:43:08","modified_gmt":"2024-06-05T14:43:08","slug":"double-doseur-cocktail","status":"publish","type":"product","link":"https:\/\/lejournalduwhisky.com\/boutique\/products\/double-doseur-cocktail\/","title":{"rendered":"Double doseur cocktail"},"content":{"rendered":"<h2>Double doseur cocktail imprim\u00e9 de jolies images d&#8217;accessoires de bar pour un design attrayant<\/h2>\n<p>Ce double doseur cocktail se distingue par son design unique et attrayant, imprim\u00e9 de jolies images d&#8217;accessoires de bar : verres, shaker, etc. Cela procure un aspect d\u00e9coratif \u00e0 votre \u00e9quipement de bar. Que vous soyez un barman professionnel ou un amateur de cocktails, ce doseur apporte un charme visuel suppl\u00e9mentaire \u00e0 vos pr\u00e9parations. Son allure raffin\u00e9e en fait \u00e9galement un excellent cadeau pour tout passionn\u00e9 de mixologie.<\/p>\n<h2>Jigger pratique pour des mesures rapides et pr\u00e9cises de 30 et 60 ml<\/h2>\n<p>Ce double doseur cocktail est con\u00e7u pour faciliter vos mesures gr\u00e2ce \u00e0 ses capacit\u00e9s de 30 ml et 60 ml. Les lignes de mesure sont grav\u00e9es tout autour du jigger, assurant une lecture facile et une pr\u00e9cision absolue, m\u00eame dans des environnements faiblement \u00e9clair\u00e9s. Ce jigger pratique permet de r\u00e9aliser rapidement et efficacement des cocktails parfaitement \u00e9quilibr\u00e9s. Simplifiez vos pr\u00e9parations et gagnez du temps tout en assurant des r\u00e9sultats constants avec ce doseur fiable et pr\u00e9cis.<\/p>\n<h2>Doseur en acier inoxydable 304 pour une utilisation sur le long terme<\/h2>\n<p>Fabriqu\u00e9 en acier inoxydable 304 de haute qualit\u00e9, ce double doseur cocktail est con\u00e7u pour durer. Il est r\u00e9sistant \u00e0 la rouille et passe au lave-vaisselle, ce qui facilite grandement son nettoyage et son entretien. Sa robustesse et sa durabilit\u00e9 en font un accessoire indispensable pour toute collection de bar. Investissez dans un outil de mixologie qui vous offrira des ann\u00e9es de service fiable et performant, tout en ajoutant une note de beaut\u00e9 \u00e0 votre bar.<\/p>\n","protected":false},"excerpt":{"rendered":"<p>Double doseur cocktail avec un design attrayant joliment d\u00e9cor\u00e9. Durable et lavable au lave-vaisselle, il est parfait pour mesurer des quantit\u00e9s de 30 ml et 60 ml lors de pr\u00e9paration de vos cocktails.<\/p>\n","protected":false},"featured_media":2602,"comment_status":"open","ping_status":"closed","template":"","meta":{"site-sidebar-layout":"default","site-content-layout":"","ast-site-content-layout":"default","site-content-style":"default","site-sidebar-style":"default","ast-global-header-display":"","ast-banner-title-visibility":"","ast-main-header-display":"","ast-hfb-above-header-display":"","ast-hfb-below-header-display":"","ast-hfb-mobile-header-display":"","site-post-title":"","ast-breadcrumbs-content":"","ast-featured-img":"","footer-sml-layout":"","ast-disable-related-posts":"","theme-transparent-header-meta":"default","adv-header-id-meta":"","stick-header-meta":"default","header-above-stick-meta":"","header-main-stick-meta":"","header-below-stick-meta":"","astra-migrate-meta-layouts":"set","ast-page-background-enabled":"default","ast-page-background-meta":{"desktop":{"background-color":"","background-image":"","background-repeat":"repeat","background-position":"center center","background-size":"auto","background-attachment":"scroll","background-type":"","background-media":"","overlay-type":"","overlay-color":"","overlay-opacity":"","overlay-gradient":""},"tablet":{"background-color":"","background-image":"","background-repeat":"repeat","background-position":"center center","background-size":"auto","background-attachment":"scroll","background-type":"","background-media":"","overlay-type":"","overlay-color":"","overlay-opacity":"","overlay-gradient":""},"mobile":{"background-color":"","background-image":"","background-repeat":"repeat","background-position":"center center","background-size":"auto","background-attachment":"scroll","background-type":"","background-media":"","overlay-type":"","overlay-color":"","overlay-opacity":"","overlay-gradient":""}},"ast-content-background-meta":{"desktop":{"background-color":"var(--ast-global-color-5)","background-image":"","background-repeat":"repeat","background-position":"center center","background-size":"auto","background-attachment":"scroll","background-type":"","background-media":"","overlay-type":"","overlay-color":"","overlay-opacity":"","overlay-gradient":""},"tablet":{"background-color":"var(--ast-global-color-5)","background-image":"","background-repeat":"repeat","background-position":"center center","background-size":"auto","background-attachment":"scroll","background-type":"","background-media":"","overlay-type":"","overlay-color":"","overlay-opacity":"","overlay-gradient":""},"mobile":{"background-color":"var(--ast-global-color-5)","background-image":"","background-repeat":"repeat","background-position":"center center","background-size":"auto","background-attachment":"scroll","background-type":"","background-media":"","overlay-type":"","overlay-color":"","overlay-opacity":"","overlay-gradient":""}}},"product_brand":[],"product_cat":[471],"product_tag":[],"class_list":{"0":"post-2600","1":"product","2":"type-product","3":"status-publish","4":"has-post-thumbnail","6":"product_cat-doseurs-cocktail","7":"desktop-align-left","8":"tablet-align-left","9":"mobile-align-left","10":"ast-product-gallery-layout-horizontal","11":"ast-magnify-disabled","12":"ast-product-tabs-layout-accordion","14":"first","15":"instock","16":"taxable","17":"shipping-taxable","18":"purchasable","19":"product-type-simple"},"_links":{"self":[{"href":"https:\/\/lejournalduwhisky.com\/boutique\/wp-json\/wp\/v2\/product\/2600","targetHints":{"allow":["GET"]}}],"collection":[{"href":"https:\/\/lejournalduwhisky.com\/boutique\/wp-json\/wp\/v2\/product"}],"about":[{"href":"https:\/\/lejournalduwhisky.com\/boutique\/wp-json\/wp\/v2\/types\/product"}],"replies":[{"embeddable":true,"href":"https:\/\/lejournalduwhisky.com\/boutique\/wp-json\/wp\/v2\/comments?post=2600"}],"wp:featuredmedia":[{"embeddable":true,"href":"https:\/\/lejournalduwhisky.com\/boutique\/wp-json\/wp\/v2\/media\/2602"}],"wp:attachment":[{"href":"https:\/\/lejournalduwhisky.com\/boutique\/wp-json\/wp\/v2\/media?parent=2600"}],"wp:term":[{"taxonomy":"product_brand","embeddable":true,"href":"https:\/\/lejournalduwhisky.com\/boutique\/wp-json\/wp\/v2\/product_brand?post=2600"},{"taxonomy":"product_cat","embeddable":true,"href":"https:\/\/lejournalduwhisky.com\/boutique\/wp-json\/wp\/v2\/product_cat?post=2600"},{"taxonomy":"product_tag","embeddable":true,"href":"https:\/\/lejournalduwhisky.com\/boutique\/wp-json\/wp\/v2\/product_tag?post=2600"}],"curies":[{"name":"wp","href":"https:\/\/api.w.org\/{rel}","templated":true}]}}