{"id":2547,"date":"2024-06-05T02:38:10","date_gmt":"2024-06-05T00:38:10","guid":{"rendered":"https:\/\/lejournalduwhisky.com\/boutique\/?post_type=product&#038;p=2547"},"modified":"2024-06-05T02:38:11","modified_gmt":"2024-06-05T00:38:11","slug":"verre-a-cocktail-gin-tonic","status":"publish","type":"product","link":"https:\/\/lejournalduwhisky.com\/boutique\/products\/verre-a-cocktail-gin-tonic\/","title":{"rendered":"Verre \u00e0 cocktail gin tonic"},"content":{"rendered":"<h2>Verre \u00e0 cocktail gin tonic sans plomb pour pr\u00e9server la sant\u00e9 des utilisateurs<\/h2>\n<p>Le verre \u00e0 cocktail gin tonic est fabriqu\u00e9 \u00e0 partir de mat\u00e9riaux sans plomb, garantissant ainsi la s\u00e9curit\u00e9 et la sant\u00e9 des utilisateurs. Cette caract\u00e9ristique en fait un choix judicieux pour ceux qui cherchent \u00e0 allier plaisir et tranquillit\u00e9 d&#8217;esprit. En optant pour un verre sans plomb, vous choisissez une option respectueuse de votre bien-\u00eatre et de l&#8217;environnement. Profitez de vos cocktails pr\u00e9f\u00e9r\u00e9s sans compromis sur la qualit\u00e9 ou la s\u00e9curit\u00e9.<\/p>\n<h2>Un look simple et attrayant avec une prise en main ais\u00e9e<\/h2>\n<p>Avec son design \u00e9pur\u00e9 et attrayant, ce verre \u00e0 cocktail gin tonic trouve sa place \u00e0 chaque occasion. Sa forme magnifique et sa prise en main facile le rendent parfait pour toutes vos soir\u00e9es. Que ce soit pour un d\u00eener chic ou une f\u00eate entre amis, ce verre se distingue par son allure et sa praticit\u00e9. Sa conception ergonomique assure une tenue confortable, rendant chaque gorg\u00e9e encore plus agr\u00e9able.<\/p>\n<h2>Lavable au lave-vaisselle<\/h2>\n<p>Pratique et facile d&#8217;entretien, ce verre \u00e0 cocktail gin tonic est lavable au lave-vaisselle. Vous pouvez ainsi profiter de vos boissons sans vous soucier du nettoyage. Sa durabilit\u00e9 et sa r\u00e9sistance aux cycles de lavage en font un choix parfait pour une utilisation r\u00e9guli\u00e8re. Gagnez du temps et simplifiez votre routine avec ce verre \u00e0 cocktail qui allie beaut\u00e9 et praticit\u00e9. Ajoutez-le \u00e0 votre collection sans plus tarder.<\/p>\n","protected":false},"excerpt":{"rendered":"<p>Pour savourer vos m\u00e9langes pr\u00e9f\u00e9r\u00e9s avec style, choisissez le verre \u00e0 cocktail gin tonic. Lavable au lave-vaisselle et con\u00e7u sans plomb, il vous garantit des d\u00e9gustations s\u00e9curis\u00e9es et sans stress.<\/p>\n","protected":false},"featured_media":2550,"comment_status":"open","ping_status":"closed","template":"","meta":{"site-sidebar-layout":"default","site-content-layout":"","ast-site-content-layout":"default","site-content-style":"default","site-sidebar-style":"default","ast-global-header-display":"","ast-banner-title-visibility":"","ast-main-header-display":"","ast-hfb-above-header-display":"","ast-hfb-below-header-display":"","ast-hfb-mobile-header-display":"","site-post-title":"","ast-breadcrumbs-content":"","ast-featured-img":"","footer-sml-layout":"","ast-disable-related-posts":"","theme-transparent-header-meta":"default","adv-header-id-meta":"","stick-header-meta":"default","header-above-stick-meta":"","header-main-stick-meta":"","header-below-stick-meta":"","astra-migrate-meta-layouts":"set","ast-page-background-enabled":"default","ast-page-background-meta":{"desktop":{"background-color":"","background-image":"","background-repeat":"repeat","background-position":"center center","background-size":"auto","background-attachment":"scroll","background-type":"","background-media":"","overlay-type":"","overlay-color":"","overlay-opacity":"","overlay-gradient":""},"tablet":{"background-color":"","background-image":"","background-repeat":"repeat","background-position":"center center","background-size":"auto","background-attachment":"scroll","background-type":"","background-media":"","overlay-type":"","overlay-color":"","overlay-opacity":"","overlay-gradient":""},"mobile":{"background-color":"","background-image":"","background-repeat":"repeat","background-position":"center center","background-size":"auto","background-attachment":"scroll","background-type":"","background-media":"","overlay-type":"","overlay-color":"","overlay-opacity":"","overlay-gradient":""}},"ast-content-background-meta":{"desktop":{"background-color":"var(--ast-global-color-5)","background-image":"","background-repeat":"repeat","background-position":"center center","background-size":"auto","background-attachment":"scroll","background-type":"","background-media":"","overlay-type":"","overlay-color":"","overlay-opacity":"","overlay-gradient":""},"tablet":{"background-color":"var(--ast-global-color-5)","background-image":"","background-repeat":"repeat","background-position":"center center","background-size":"auto","background-attachment":"scroll","background-type":"","background-media":"","overlay-type":"","overlay-color":"","overlay-opacity":"","overlay-gradient":""},"mobile":{"background-color":"var(--ast-global-color-5)","background-image":"","background-repeat":"repeat","background-position":"center center","background-size":"auto","background-attachment":"scroll","background-type":"","background-media":"","overlay-type":"","overlay-color":"","overlay-opacity":"","overlay-gradient":""}}},"product_brand":[],"product_cat":[470],"product_tag":[],"class_list":{"0":"post-2547","1":"product","2":"type-product","3":"status-publish","4":"has-post-thumbnail","6":"product_cat-verres-cocktail","7":"desktop-align-left","8":"tablet-align-left","9":"mobile-align-left","10":"ast-product-gallery-layout-horizontal","11":"ast-magnify-disabled","12":"ast-product-tabs-layout-accordion","14":"first","15":"instock","16":"taxable","17":"shipping-taxable","18":"purchasable","19":"product-type-simple"},"_links":{"self":[{"href":"https:\/\/lejournalduwhisky.com\/boutique\/wp-json\/wp\/v2\/product\/2547","targetHints":{"allow":["GET"]}}],"collection":[{"href":"https:\/\/lejournalduwhisky.com\/boutique\/wp-json\/wp\/v2\/product"}],"about":[{"href":"https:\/\/lejournalduwhisky.com\/boutique\/wp-json\/wp\/v2\/types\/product"}],"replies":[{"embeddable":true,"href":"https:\/\/lejournalduwhisky.com\/boutique\/wp-json\/wp\/v2\/comments?post=2547"}],"wp:featuredmedia":[{"embeddable":true,"href":"https:\/\/lejournalduwhisky.com\/boutique\/wp-json\/wp\/v2\/media\/2550"}],"wp:attachment":[{"href":"https:\/\/lejournalduwhisky.com\/boutique\/wp-json\/wp\/v2\/media?parent=2547"}],"wp:term":[{"taxonomy":"product_brand","embeddable":true,"href":"https:\/\/lejournalduwhisky.com\/boutique\/wp-json\/wp\/v2\/product_brand?post=2547"},{"taxonomy":"product_cat","embeddable":true,"href":"https:\/\/lejournalduwhisky.com\/boutique\/wp-json\/wp\/v2\/product_cat?post=2547"},{"taxonomy":"product_tag","embeddable":true,"href":"https:\/\/lejournalduwhisky.com\/boutique\/wp-json\/wp\/v2\/product_tag?post=2547"}],"curies":[{"name":"wp","href":"https:\/\/api.w.org\/{rel}","templated":true}]}}