{"id":2527,"date":"2024-06-05T01:35:45","date_gmt":"2024-06-04T23:35:45","guid":{"rendered":"https:\/\/lejournalduwhisky.com\/boutique\/?post_type=product&#038;p=2527"},"modified":"2024-07-03T14:54:30","modified_gmt":"2024-07-03T12:54:30","slug":"verre-a-cocktail-cuivre","status":"publish","type":"product","link":"https:\/\/lejournalduwhisky.com\/boutique\/products\/verre-a-cocktail-cuivre\/","title":{"rendered":"Verre \u00e0 cocktail cuivre Moscow Mule"},"content":{"rendered":"<h2>Verre \u00e0 cocktail cuivre Moscow Mule incassable et antirouille<\/h2>\n<p>Ce verre \u00e0 cocktail, fabriqu\u00e9 en acier inoxydable et cuivre martel\u00e9 de haute qualit\u00e9, est con\u00e7u pour durer. Il est incassable, antirouille et ne se d\u00e9forme pas, garantissant une utilisation prolong\u00e9e sans souci. Sa finition martel\u00e9e ajoute un aspect singulier et r\u00e9tro, faisant de ce verre un ajout incontournable \u00e0 votre collection d&#8217;ustensiles de bar. Que ce soit pour un usage quotidien ou pour des occasions sp\u00e9ciales, ce verre \u00e0 cocktail cuivre r\u00e9siste \u00e0 l&#8217;\u00e9preuve du temps tout en offrant une allure raffin\u00e9e.<\/p>\n<h2>Excellent contenant pour les cocktails et plus encore<\/h2>\n<p>Pratique et adapt\u00e9 \u00e0 diverses utilisations, ce verre \u00e0 cocktail cuivre Moscow Mule est parfait pour une multitude de boissons. Que vous pr\u00e9pariez un Moscow Mule, un cocktail, du whisky, de la tequila, de la bi\u00e8re, ou m\u00eame du caf\u00e9 glac\u00e9, ce verre est \u00e0 la hauteur de toutes vos attentes. Son mat\u00e9riau garde les boissons froides plus longtemps, ce qui le rend id\u00e9al pour les journ\u00e9es chaudes d&#8217;\u00e9t\u00e9 ou les soir\u00e9es festives. Offrez-le comme cadeau pour un mariage, un anniversaire, ou toute autre c\u00e9l\u00e9bration, et soyez s\u00fbr de faire plaisir \u00e0 coup s\u00fbr.<\/p>\n<h2>Facile \u00e0 nettoyer \u00e0 la main<\/h2>\n<p>Le nettoyage de ce verre \u00e0 cocktail cuivre est tr\u00e8s simple. Gr\u00e2ce \u00e0 sa conception en acier inoxydable de haute qualit\u00e9, il ne retient ni les taches ni les odeurs, facilitant son entretien. Il suffit de le laver \u00e0 la main avec de l&#8217;eau ti\u00e8de et du savon doux pour le garder en parfait \u00e9tat. Ce verre est con\u00e7u pour \u00eatre r\u00e9utilis\u00e9 maintes et maintes fois, offrant une solution durable et \u00e9cologique pour vos besoins de boissons.<\/p>\n","protected":false},"excerpt":{"rendered":"<p>Ce verre \u00e0 cocktail en acier inoxydable et cuivre martel\u00e9 est l&#8217;accessoire parfait pour savourer vos boissons pr\u00e9f\u00e9r\u00e9es avec style. Incassable et antirouille, il pourra servir sur plusieurs ann\u00e9es sans perdre de son \u00e9clat.<\/p>\n","protected":false},"featured_media":2530,"comment_status":"open","ping_status":"closed","template":"","meta":{"site-sidebar-layout":"default","site-content-layout":"","ast-site-content-layout":"default","site-content-style":"default","site-sidebar-style":"default","ast-global-header-display":"","ast-banner-title-visibility":"","ast-main-header-display":"","ast-hfb-above-header-display":"","ast-hfb-below-header-display":"","ast-hfb-mobile-header-display":"","site-post-title":"","ast-breadcrumbs-content":"","ast-featured-img":"","footer-sml-layout":"","ast-disable-related-posts":"","theme-transparent-header-meta":"default","adv-header-id-meta":"","stick-header-meta":"default","header-above-stick-meta":"","header-main-stick-meta":"","header-below-stick-meta":"","astra-migrate-meta-layouts":"set","ast-page-background-enabled":"default","ast-page-background-meta":{"desktop":{"background-color":"","background-image":"","background-repeat":"repeat","background-position":"center center","background-size":"auto","background-attachment":"scroll","background-type":"","background-media":"","overlay-type":"","overlay-color":"","overlay-opacity":"","overlay-gradient":""},"tablet":{"background-color":"","background-image":"","background-repeat":"repeat","background-position":"center center","background-size":"auto","background-attachment":"scroll","background-type":"","background-media":"","overlay-type":"","overlay-color":"","overlay-opacity":"","overlay-gradient":""},"mobile":{"background-color":"","background-image":"","background-repeat":"repeat","background-position":"center center","background-size":"auto","background-attachment":"scroll","background-type":"","background-media":"","overlay-type":"","overlay-color":"","overlay-opacity":"","overlay-gradient":""}},"ast-content-background-meta":{"desktop":{"background-color":"var(--ast-global-color-5)","background-image":"","background-repeat":"repeat","background-position":"center center","background-size":"auto","background-attachment":"scroll","background-type":"","background-media":"","overlay-type":"","overlay-color":"","overlay-opacity":"","overlay-gradient":""},"tablet":{"background-color":"var(--ast-global-color-5)","background-image":"","background-repeat":"repeat","background-position":"center center","background-size":"auto","background-attachment":"scroll","background-type":"","background-media":"","overlay-type":"","overlay-color":"","overlay-opacity":"","overlay-gradient":""},"mobile":{"background-color":"var(--ast-global-color-5)","background-image":"","background-repeat":"repeat","background-position":"center center","background-size":"auto","background-attachment":"scroll","background-type":"","background-media":"","overlay-type":"","overlay-color":"","overlay-opacity":"","overlay-gradient":""}}},"product_brand":[],"product_cat":[470],"product_tag":[],"class_list":{"0":"post-2527","1":"product","2":"type-product","3":"status-publish","4":"has-post-thumbnail","6":"product_cat-verres-cocktail","7":"desktop-align-left","8":"tablet-align-left","9":"mobile-align-left","10":"ast-product-gallery-layout-horizontal","11":"ast-magnify-disabled","12":"ast-product-tabs-layout-accordion","14":"first","15":"instock","16":"taxable","17":"shipping-taxable","18":"purchasable","19":"product-type-simple"},"_links":{"self":[{"href":"https:\/\/lejournalduwhisky.com\/boutique\/wp-json\/wp\/v2\/product\/2527","targetHints":{"allow":["GET"]}}],"collection":[{"href":"https:\/\/lejournalduwhisky.com\/boutique\/wp-json\/wp\/v2\/product"}],"about":[{"href":"https:\/\/lejournalduwhisky.com\/boutique\/wp-json\/wp\/v2\/types\/product"}],"replies":[{"embeddable":true,"href":"https:\/\/lejournalduwhisky.com\/boutique\/wp-json\/wp\/v2\/comments?post=2527"}],"wp:featuredmedia":[{"embeddable":true,"href":"https:\/\/lejournalduwhisky.com\/boutique\/wp-json\/wp\/v2\/media\/2530"}],"wp:attachment":[{"href":"https:\/\/lejournalduwhisky.com\/boutique\/wp-json\/wp\/v2\/media?parent=2527"}],"wp:term":[{"taxonomy":"product_brand","embeddable":true,"href":"https:\/\/lejournalduwhisky.com\/boutique\/wp-json\/wp\/v2\/product_brand?post=2527"},{"taxonomy":"product_cat","embeddable":true,"href":"https:\/\/lejournalduwhisky.com\/boutique\/wp-json\/wp\/v2\/product_cat?post=2527"},{"taxonomy":"product_tag","embeddable":true,"href":"https:\/\/lejournalduwhisky.com\/boutique\/wp-json\/wp\/v2\/product_tag?post=2527"}],"curies":[{"name":"wp","href":"https:\/\/api.w.org\/{rel}","templated":true}]}}