{"id":2504,"date":"2024-06-04T21:49:07","date_gmt":"2024-06-04T19:49:07","guid":{"rendered":"https:\/\/lejournalduwhisky.com\/boutique\/?post_type=product&#038;p=2504"},"modified":"2024-06-04T22:02:02","modified_gmt":"2024-06-04T20:02:02","slug":"verre-a-cocktail-original","status":"publish","type":"product","link":"https:\/\/lejournalduwhisky.com\/boutique\/products\/verre-a-cocktail-original\/","title":{"rendered":"Verre \u00e0 cocktail original"},"content":{"rendered":"<h2>Verre \u00e0 cocktail original avec un design unique en forme de poulpe<\/h2>\n<p>Le verre \u00e0 cocktail original se distingue par son design unique en forme de poulpe, cr\u00e9ant ainsi une dimension plus originale et fantaisiste \u00e0 vos moments de d\u00e9gustation. Ce verre cr\u00e9atif est parfait pour impressionner vos invit\u00e9s et rendre chaque occasion sp\u00e9ciale. Que ce soit pour un d\u00eener, une f\u00eate entre amis ou une d\u00e9gustation de cocktails, ce verre en forme de poulpe s\u2019adapte parfaitement \u00e0 l&#8217;\u00e9v\u00e9nement, offrant une exp\u00e9rience visuelle et gustative que vous n\u2019oublierez pas de sit\u00f4t.<\/p>\n<h2>Verre \u00e0 haute teneur en borosilicate, durable, r\u00e9sistant \u00e0 la chaleur et autres<\/h2>\n<p>Fabriqu\u00e9 en verre borosilicate de haute qualit\u00e9, Ce verre \u00e0 cocktail original est exceptionnellement durable et r\u00e9sistant \u00e0 la chaleur. Ce mat\u00e9riau premium assure une grande r\u00e9sistance aux chocs thermiques, aux acides et aux alcalis, garantissant une longue dur\u00e9e de vie m\u00eame avec une utilisation r\u00e9guli\u00e8re. En plus d&#8217;\u00eatre durable, le verre borosilicate est facile \u00e0 nettoyer, ce qui le rend pratique pour une utilisation quotidienne. Vous pouvez ainsi savourer vos boissons pr\u00e9f\u00e9r\u00e9es en toute s\u00e9r\u00e9nit\u00e9, sans craindre les \u00e9clats ou les cassures.<\/p>\n<h2>Pratique pour une utilisation en divers lieux et \u00e0 diff\u00e9rentes occasions<\/h2>\n<p>Ce verre \u00e0 cocktail en forme de poulpe est con\u00e7u pour servir en divers lieux et \u00e0 diff\u00e9rentes occasions. Que vous soyez \u00e0 la maison, au bureau, en pique-nique, en randonn\u00e9e ou en camping, ce verre est parfait pour d\u00e9guster principalement des cocktails. Il peut toutefois aussi servir pour prendre de l&#8217;eau, du caf\u00e9, du th\u00e9, du vin, de la cr\u00e8me glac\u00e9e, de la bi\u00e8re ou toute autre boisson. Sa conception pratique en fait un excellent choix pour les d\u00e9gustations, les r\u00e9unions de famille, les f\u00eates et autres \u00e9v\u00e9nements sociaux. Offrez-le comme cadeau \u00e0 des amis ou des proches, et ils appr\u00e9cieront \u00e0 coup s\u00fbr ce m\u00e9lange unique de style et de fonctionnalit\u00e9.<\/p>\n","protected":false},"excerpt":{"rendered":"<p>Offrez un cadeau original avec notre verre \u00e0 cocktail en forme de poulpe. Fabriqu\u00e9 en borosilicate durable, ce verre unique est r\u00e9sistant \u00e0 la chaleur et id\u00e9al pour diverses occasions.<\/p>\n","protected":false},"featured_media":2507,"comment_status":"open","ping_status":"closed","template":"","meta":{"site-sidebar-layout":"default","site-content-layout":"","ast-site-content-layout":"default","site-content-style":"default","site-sidebar-style":"default","ast-global-header-display":"","ast-banner-title-visibility":"","ast-main-header-display":"","ast-hfb-above-header-display":"","ast-hfb-below-header-display":"","ast-hfb-mobile-header-display":"","site-post-title":"","ast-breadcrumbs-content":"","ast-featured-img":"","footer-sml-layout":"","ast-disable-related-posts":"","theme-transparent-header-meta":"default","adv-header-id-meta":"","stick-header-meta":"default","header-above-stick-meta":"","header-main-stick-meta":"","header-below-stick-meta":"","astra-migrate-meta-layouts":"set","ast-page-background-enabled":"default","ast-page-background-meta":{"desktop":{"background-color":"","background-image":"","background-repeat":"repeat","background-position":"center center","background-size":"auto","background-attachment":"scroll","background-type":"","background-media":"","overlay-type":"","overlay-color":"","overlay-opacity":"","overlay-gradient":""},"tablet":{"background-color":"","background-image":"","background-repeat":"repeat","background-position":"center center","background-size":"auto","background-attachment":"scroll","background-type":"","background-media":"","overlay-type":"","overlay-color":"","overlay-opacity":"","overlay-gradient":""},"mobile":{"background-color":"","background-image":"","background-repeat":"repeat","background-position":"center center","background-size":"auto","background-attachment":"scroll","background-type":"","background-media":"","overlay-type":"","overlay-color":"","overlay-opacity":"","overlay-gradient":""}},"ast-content-background-meta":{"desktop":{"background-color":"var(--ast-global-color-5)","background-image":"","background-repeat":"repeat","background-position":"center center","background-size":"auto","background-attachment":"scroll","background-type":"","background-media":"","overlay-type":"","overlay-color":"","overlay-opacity":"","overlay-gradient":""},"tablet":{"background-color":"var(--ast-global-color-5)","background-image":"","background-repeat":"repeat","background-position":"center center","background-size":"auto","background-attachment":"scroll","background-type":"","background-media":"","overlay-type":"","overlay-color":"","overlay-opacity":"","overlay-gradient":""},"mobile":{"background-color":"var(--ast-global-color-5)","background-image":"","background-repeat":"repeat","background-position":"center center","background-size":"auto","background-attachment":"scroll","background-type":"","background-media":"","overlay-type":"","overlay-color":"","overlay-opacity":"","overlay-gradient":""}}},"product_brand":[],"product_cat":[470],"product_tag":[],"class_list":{"0":"post-2504","1":"product","2":"type-product","3":"status-publish","4":"has-post-thumbnail","6":"product_cat-verres-cocktail","7":"desktop-align-left","8":"tablet-align-left","9":"mobile-align-left","10":"ast-product-gallery-layout-horizontal","11":"ast-magnify-disabled","12":"ast-product-tabs-layout-accordion","14":"first","15":"instock","16":"taxable","17":"shipping-taxable","18":"purchasable","19":"product-type-simple"},"_links":{"self":[{"href":"https:\/\/lejournalduwhisky.com\/boutique\/wp-json\/wp\/v2\/product\/2504","targetHints":{"allow":["GET"]}}],"collection":[{"href":"https:\/\/lejournalduwhisky.com\/boutique\/wp-json\/wp\/v2\/product"}],"about":[{"href":"https:\/\/lejournalduwhisky.com\/boutique\/wp-json\/wp\/v2\/types\/product"}],"replies":[{"embeddable":true,"href":"https:\/\/lejournalduwhisky.com\/boutique\/wp-json\/wp\/v2\/comments?post=2504"}],"wp:featuredmedia":[{"embeddable":true,"href":"https:\/\/lejournalduwhisky.com\/boutique\/wp-json\/wp\/v2\/media\/2507"}],"wp:attachment":[{"href":"https:\/\/lejournalduwhisky.com\/boutique\/wp-json\/wp\/v2\/media?parent=2504"}],"wp:term":[{"taxonomy":"product_brand","embeddable":true,"href":"https:\/\/lejournalduwhisky.com\/boutique\/wp-json\/wp\/v2\/product_brand?post=2504"},{"taxonomy":"product_cat","embeddable":true,"href":"https:\/\/lejournalduwhisky.com\/boutique\/wp-json\/wp\/v2\/product_cat?post=2504"},{"taxonomy":"product_tag","embeddable":true,"href":"https:\/\/lejournalduwhisky.com\/boutique\/wp-json\/wp\/v2\/product_tag?post=2504"}],"curies":[{"name":"wp","href":"https:\/\/api.w.org\/{rel}","templated":true}]}}