{"id":2486,"date":"2024-06-04T16:33:55","date_gmt":"2024-06-04T14:33:55","guid":{"rendered":"https:\/\/lejournalduwhisky.com\/boutique\/?post_type=product&#038;p=2486"},"modified":"2025-01-23T04:06:36","modified_gmt":"2025-01-23T03:06:36","slug":"kit-cocktail-or","status":"publish","type":"product","link":"https:\/\/lejournalduwhisky.com\/boutique\/products\/kit-cocktail-or\/","title":{"rendered":"Kit cocktail or"},"content":{"rendered":"<h2>Kit cocktail or solide, durable et lavable \u00e0 la main : un plaisir \u00e0 chaque utilisation<\/h2>\n<p>Le kit cocktail or est fabriqu\u00e9 en acier inoxydable plaqu\u00e9 or de haute qualit\u00e9. De ce fait, chaque outil de ce set est capable de r\u00e9sister \u00e0 l&#8217;usure et de conserver son \u00e9clat apr\u00e8s de nombreuses utilisations. Bien que lavable \u00e0 la main, ce processus simple et rapide permet de maintenir la qualit\u00e9 sup\u00e9rieure et la finition magnifique des accessoires. Mixologue d\u00e9butant ou professionnel, vous appr\u00e9cierez la robustesse, la durabilit\u00e9 et la fiabilit\u00e9 de ce kit, faisant de chaque pr\u00e9paration de cocktail un v\u00e9ritable plaisir.<\/p>\n<h2>Set plaqu\u00e9 or : un design s\u00e9duisant<\/h2>\n<p>Le kit cocktail or se distingue par son design s\u00e9duisant et raffin\u00e9. Les outils plaqu\u00e9s or apportent une dimension luxueuse \u00e0 votre bar \u00e0 domicile ou bar professionnel. Ce set transformera chaque moment de pr\u00e9paration de cocktail en une exp\u00e9rience visuelle impressionnante, captivant vos invit\u00e9s par son apparence chic et sophistiqu\u00e9e. Le design plaqu\u00e9 or n&#8217;est juste attrayant, il est \u00e9galement con\u00e7u pour offrir une performance de haut niveau, vous permettant de cr\u00e9er des cocktails parfaits tout en ajoutant une note glamour \u00e0 votre espace de mixologie.<\/p>\n<h2>Un ensemble de 10 pi\u00e8ces avec un support en bois de bambou inclus pour un stockage simple et chic<\/h2>\n<p>Ce kit cocktail or comprend 10 pi\u00e8ces qui sont les plus importantes pour pr\u00e9parer une vari\u00e9t\u00e9 de cocktails d\u00e9licieux. Le set inclut un shaker, un jigger, une passoire, un muddler, une cuill\u00e8re de bar, des pinces \u00e0 glace, des verseurs et bien plus encore. Chaque outil trouve sa place dans un support en bois de bambou \u00e9cologique, soigneusement con\u00e7u pour garder vos accessoires organis\u00e9s et accessibles. Ce support ajoute un aspect naturel et \u00e9l\u00e9gant \u00e0 votre bar, tout en \u00e9vitant l&#8217;encombrement dans vos tiroirs et armoires. Montrez votre magnifique kit de cocktail avec ce rangement pratique et chic, impressionnant vos invit\u00e9s par votre sens de l&#8217;organisation et du style.<\/p>\n","protected":false},"excerpt":{"rendered":"<p>D\u00e9couvrez notre kit cocktail or, parfait pour les amateurs de whisky et de mixologie. Ce set de 10 pi\u00e8ces plaqu\u00e9 or, solide et durable, comprend un support en bois de bambou pour un stockage plus classe. Id\u00e9al pour pr\u00e9parer des cocktails impressionnants.<\/p>\n","protected":false},"featured_media":2489,"comment_status":"open","ping_status":"closed","template":"","meta":{"site-sidebar-layout":"default","site-content-layout":"","ast-site-content-layout":"default","site-content-style":"default","site-sidebar-style":"default","ast-global-header-display":"","ast-banner-title-visibility":"","ast-main-header-display":"","ast-hfb-above-header-display":"","ast-hfb-below-header-display":"","ast-hfb-mobile-header-display":"","site-post-title":"","ast-breadcrumbs-content":"","ast-featured-img":"","footer-sml-layout":"","ast-disable-related-posts":"","theme-transparent-header-meta":"default","adv-header-id-meta":"","stick-header-meta":"default","header-above-stick-meta":"","header-main-stick-meta":"","header-below-stick-meta":"","astra-migrate-meta-layouts":"set","ast-page-background-enabled":"default","ast-page-background-meta":{"desktop":{"background-color":"","background-image":"","background-repeat":"repeat","background-position":"center center","background-size":"auto","background-attachment":"scroll","background-type":"","background-media":"","overlay-type":"","overlay-color":"","overlay-opacity":"","overlay-gradient":""},"tablet":{"background-color":"","background-image":"","background-repeat":"repeat","background-position":"center center","background-size":"auto","background-attachment":"scroll","background-type":"","background-media":"","overlay-type":"","overlay-color":"","overlay-opacity":"","overlay-gradient":""},"mobile":{"background-color":"","background-image":"","background-repeat":"repeat","background-position":"center center","background-size":"auto","background-attachment":"scroll","background-type":"","background-media":"","overlay-type":"","overlay-color":"","overlay-opacity":"","overlay-gradient":""}},"ast-content-background-meta":{"desktop":{"background-color":"var(--ast-global-color-5)","background-image":"","background-repeat":"repeat","background-position":"center center","background-size":"auto","background-attachment":"scroll","background-type":"","background-media":"","overlay-type":"","overlay-color":"","overlay-opacity":"","overlay-gradient":""},"tablet":{"background-color":"var(--ast-global-color-5)","background-image":"","background-repeat":"repeat","background-position":"center center","background-size":"auto","background-attachment":"scroll","background-type":"","background-media":"","overlay-type":"","overlay-color":"","overlay-opacity":"","overlay-gradient":""},"mobile":{"background-color":"var(--ast-global-color-5)","background-image":"","background-repeat":"repeat","background-position":"center center","background-size":"auto","background-attachment":"scroll","background-type":"","background-media":"","overlay-type":"","overlay-color":"","overlay-opacity":"","overlay-gradient":""}}},"product_brand":[],"product_cat":[469],"product_tag":[],"class_list":{"0":"post-2486","1":"product","2":"type-product","3":"status-publish","4":"has-post-thumbnail","6":"product_cat-kit-cocktail","7":"desktop-align-left","8":"tablet-align-left","9":"mobile-align-left","10":"ast-product-gallery-layout-horizontal","11":"ast-magnify-disabled","12":"ast-product-tabs-layout-accordion","14":"first","15":"instock","16":"taxable","17":"shipping-taxable","18":"purchasable","19":"product-type-simple"},"_links":{"self":[{"href":"https:\/\/lejournalduwhisky.com\/boutique\/wp-json\/wp\/v2\/product\/2486","targetHints":{"allow":["GET"]}}],"collection":[{"href":"https:\/\/lejournalduwhisky.com\/boutique\/wp-json\/wp\/v2\/product"}],"about":[{"href":"https:\/\/lejournalduwhisky.com\/boutique\/wp-json\/wp\/v2\/types\/product"}],"replies":[{"embeddable":true,"href":"https:\/\/lejournalduwhisky.com\/boutique\/wp-json\/wp\/v2\/comments?post=2486"}],"wp:featuredmedia":[{"embeddable":true,"href":"https:\/\/lejournalduwhisky.com\/boutique\/wp-json\/wp\/v2\/media\/2489"}],"wp:attachment":[{"href":"https:\/\/lejournalduwhisky.com\/boutique\/wp-json\/wp\/v2\/media?parent=2486"}],"wp:term":[{"taxonomy":"product_brand","embeddable":true,"href":"https:\/\/lejournalduwhisky.com\/boutique\/wp-json\/wp\/v2\/product_brand?post=2486"},{"taxonomy":"product_cat","embeddable":true,"href":"https:\/\/lejournalduwhisky.com\/boutique\/wp-json\/wp\/v2\/product_cat?post=2486"},{"taxonomy":"product_tag","embeddable":true,"href":"https:\/\/lejournalduwhisky.com\/boutique\/wp-json\/wp\/v2\/product_tag?post=2486"}],"curies":[{"name":"wp","href":"https:\/\/api.w.org\/{rel}","templated":true}]}}