{"id":2471,"date":"2024-06-04T15:48:11","date_gmt":"2024-06-04T13:48:11","guid":{"rendered":"https:\/\/lejournalduwhisky.com\/boutique\/?post_type=product&#038;p=2471"},"modified":"2024-06-04T15:48:12","modified_gmt":"2024-06-04T13:48:12","slug":"kit-cocktail-noir","status":"publish","type":"product","link":"https:\/\/lejournalduwhisky.com\/boutique\/products\/kit-cocktail-noir\/","title":{"rendered":"Kit cocktail noir"},"content":{"rendered":"<h2>Kit cocktail noir avec une finition noire mate pour un design unique<\/h2>\n<p>Le kit cocktail noir se distingue par sa finition noire mate, apportant un aspect chic et sophistiqu\u00e9 \u00e0 votre bar \u00e0 domicile. Fabriqu\u00e9 en acier inoxydable de haute qualit\u00e9, chaque accessoire de ce set est con\u00e7u pour \u00eatre aussi bien majestueux que fonctionnel. Outre le fait d\u2019\u00eatre visuellement attrayant, la finition noire mate est r\u00e9sistante aux \u00e9raflures, assurant que votre kit conserve son aspect neuf au fil du temps. Ce design unique fait de chaque pr\u00e9paration de cocktail une exp\u00e9rience visuelle aussi agr\u00e9able que gustative, impressionnant vos invit\u00e9s \u00e0 chaque utilisation.<\/p>\n<h2>Shaker de 500 ml pratique et robuste<\/h2>\n<p>Le kit cocktail noir comprend un shaker de 500 ml, id\u00e9al pour pr\u00e9parer une vari\u00e9t\u00e9 de cocktails. Con\u00e7u en acier inoxydable robuste, ce shaker est fait pour r\u00e9sister aux m\u00e9langes et aux secousses les plus vigoureux. Sa capacit\u00e9 de 500 ml est parfaite pour pr\u00e9parer plusieurs portions \u00e0 la fois, que ce soit pour un petit groupe d&#8217;amis ou une soir\u00e9e plus importante. Ce shaker pratique vous permet de m\u00e9langer vos ingr\u00e9dients avec pr\u00e9cision et efficacit\u00e9, garantissant des boissons bien \u00e9quilibr\u00e9es et savoureuses \u00e0 chaque fois.<\/p>\n<h2>9 outils de bar pour explorer les recettes de cocktails selon vos envies<\/h2>\n<p>Ce kit cocktail noir comprend 9 outils essentiels pour explorer et cr\u00e9er vos cocktails pr\u00e9f\u00e9r\u00e9s. Le set inclut un pilon, une cuill\u00e8re\/fourchette \u00e0 double extr\u00e9mit\u00e9, des passoires, deux verseurs et un jigger de mesure \u00e0 double extr\u00e9mit\u00e9 de 25 ml\/50 ml. La conception de ces accessoires est telle que vous b\u00e9n\u00e9ficiez d\u2019une certaine aisance dans la pr\u00e9paration de diverses recettes de cocktails, vous permettant d&#8217;exp\u00e9rimenter et de perfectionner vos comp\u00e9tences en mixologie. Que vous souhaitiez r\u00e9aliser des cocktails classiques ou inventer de nouvelles cr\u00e9ations, ce kit vous offre tout ce dont vous avez besoin pour impressionner vos invit\u00e9s et profiter de d\u00e9licieux moments de convivialit\u00e9.<\/p>\n","protected":false},"excerpt":{"rendered":"<p>Voici le kit cocktail noir avec une finition noire mate raffin\u00e9e. Ce set de 9 pi\u00e8ces en acier inoxydable, incluant un shaker de 500 ml, est parfait pour explorer diverses recettes de cocktails et impressionner vos invit\u00e9s avec classe.<\/p>\n","protected":false},"featured_media":2474,"comment_status":"open","ping_status":"closed","template":"","meta":{"site-sidebar-layout":"default","site-content-layout":"","ast-site-content-layout":"default","site-content-style":"default","site-sidebar-style":"default","ast-global-header-display":"","ast-banner-title-visibility":"","ast-main-header-display":"","ast-hfb-above-header-display":"","ast-hfb-below-header-display":"","ast-hfb-mobile-header-display":"","site-post-title":"","ast-breadcrumbs-content":"","ast-featured-img":"","footer-sml-layout":"","ast-disable-related-posts":"","theme-transparent-header-meta":"default","adv-header-id-meta":"","stick-header-meta":"default","header-above-stick-meta":"","header-main-stick-meta":"","header-below-stick-meta":"","astra-migrate-meta-layouts":"set","ast-page-background-enabled":"default","ast-page-background-meta":{"desktop":{"background-color":"","background-image":"","background-repeat":"repeat","background-position":"center center","background-size":"auto","background-attachment":"scroll","background-type":"","background-media":"","overlay-type":"","overlay-color":"","overlay-opacity":"","overlay-gradient":""},"tablet":{"background-color":"","background-image":"","background-repeat":"repeat","background-position":"center center","background-size":"auto","background-attachment":"scroll","background-type":"","background-media":"","overlay-type":"","overlay-color":"","overlay-opacity":"","overlay-gradient":""},"mobile":{"background-color":"","background-image":"","background-repeat":"repeat","background-position":"center center","background-size":"auto","background-attachment":"scroll","background-type":"","background-media":"","overlay-type":"","overlay-color":"","overlay-opacity":"","overlay-gradient":""}},"ast-content-background-meta":{"desktop":{"background-color":"var(--ast-global-color-5)","background-image":"","background-repeat":"repeat","background-position":"center center","background-size":"auto","background-attachment":"scroll","background-type":"","background-media":"","overlay-type":"","overlay-color":"","overlay-opacity":"","overlay-gradient":""},"tablet":{"background-color":"var(--ast-global-color-5)","background-image":"","background-repeat":"repeat","background-position":"center center","background-size":"auto","background-attachment":"scroll","background-type":"","background-media":"","overlay-type":"","overlay-color":"","overlay-opacity":"","overlay-gradient":""},"mobile":{"background-color":"var(--ast-global-color-5)","background-image":"","background-repeat":"repeat","background-position":"center center","background-size":"auto","background-attachment":"scroll","background-type":"","background-media":"","overlay-type":"","overlay-color":"","overlay-opacity":"","overlay-gradient":""}}},"product_brand":[],"product_cat":[469],"product_tag":[],"class_list":{"0":"post-2471","1":"product","2":"type-product","3":"status-publish","4":"has-post-thumbnail","6":"product_cat-kit-cocktail","7":"desktop-align-left","8":"tablet-align-left","9":"mobile-align-left","10":"ast-product-gallery-layout-horizontal","11":"ast-magnify-disabled","12":"ast-product-tabs-layout-accordion","14":"first","15":"instock","16":"taxable","17":"shipping-taxable","18":"purchasable","19":"product-type-simple"},"_links":{"self":[{"href":"https:\/\/lejournalduwhisky.com\/boutique\/wp-json\/wp\/v2\/product\/2471","targetHints":{"allow":["GET"]}}],"collection":[{"href":"https:\/\/lejournalduwhisky.com\/boutique\/wp-json\/wp\/v2\/product"}],"about":[{"href":"https:\/\/lejournalduwhisky.com\/boutique\/wp-json\/wp\/v2\/types\/product"}],"replies":[{"embeddable":true,"href":"https:\/\/lejournalduwhisky.com\/boutique\/wp-json\/wp\/v2\/comments?post=2471"}],"wp:featuredmedia":[{"embeddable":true,"href":"https:\/\/lejournalduwhisky.com\/boutique\/wp-json\/wp\/v2\/media\/2474"}],"wp:attachment":[{"href":"https:\/\/lejournalduwhisky.com\/boutique\/wp-json\/wp\/v2\/media?parent=2471"}],"wp:term":[{"taxonomy":"product_brand","embeddable":true,"href":"https:\/\/lejournalduwhisky.com\/boutique\/wp-json\/wp\/v2\/product_brand?post=2471"},{"taxonomy":"product_cat","embeddable":true,"href":"https:\/\/lejournalduwhisky.com\/boutique\/wp-json\/wp\/v2\/product_cat?post=2471"},{"taxonomy":"product_tag","embeddable":true,"href":"https:\/\/lejournalduwhisky.com\/boutique\/wp-json\/wp\/v2\/product_tag?post=2471"}],"curies":[{"name":"wp","href":"https:\/\/api.w.org\/{rel}","templated":true}]}}