{"id":2468,"date":"2024-06-04T15:34:42","date_gmt":"2024-06-04T13:34:42","guid":{"rendered":"https:\/\/lejournalduwhisky.com\/boutique\/?post_type=product&#038;p=2468"},"modified":"2024-06-04T15:34:43","modified_gmt":"2024-06-04T13:34:43","slug":"kit-cocktail-de-luxe","status":"publish","type":"product","link":"https:\/\/lejournalduwhisky.com\/boutique\/products\/kit-cocktail-de-luxe\/","title":{"rendered":"Kit cocktail de luxe"},"content":{"rendered":"<h2>Kit cocktail de luxe con\u00e7u \u00e0 partir d&#8217;un alliage d&#8217;acier inoxydable<\/h2>\n<p>Ce kit cocktail de luxe est fabriqu\u00e9 en alliage d&#8217;acier inoxydable SS304 et SS430, b\u00e9n\u00e9ficiant de ce fait d\u2019une durabilit\u00e9 impressionnante et d\u2019une r\u00e9sistance incroyable. Du shaker au jigger, gr\u00e2ce \u00e0 ce mat\u00e9riau, chaque pi\u00e8ce saura efficacement r\u00e9sister \u00e0 la rouille et \u00e0 l&#8217;usure, m\u00eame apr\u00e8s des utilisations intensives. Cet alliage d&#8217;acier inoxydable de haute qualit\u00e9 garantit \u00e9galement que vos accessoires de bar ne retiennent ni odeur ni go\u00fbt, permettant ainsi de pr\u00e9server la puret\u00e9 de chaque cocktail pr\u00e9par\u00e9. Que vous soyez un barman d\u00e9butant ou professionnel, ce kit est un choix parfait pour une exp\u00e9rience de mixologie sup\u00e9rieure.<\/p>\n<h2>10 pi\u00e8ces de bar pour oser toute sorte de cocktails<\/h2>\n<p>Ce kit cocktail de luxe comprend 10 pi\u00e8ces essentielles pour r\u00e9aliser une large vari\u00e9t\u00e9 de cocktails. Il inclut un shaker, un jigger, une passoire, un muddler, une cuill\u00e8re de bar, des pinces \u00e0 glace, des verseurs et bien plus encore. Chaque outil est assez performant pour faciliter la pr\u00e9paration de cocktails, que ce soit pour des recettes classiques comme le Martini et le Old Fashioned, ou pour des cr\u00e9ations plus innovantes. Ce set complet vous donne la libert\u00e9 d&#8217;exp\u00e9rimenter vos diff\u00e9rentes id\u00e9es et d&#8217;impressionner vos invit\u00e9s avec des boissons parfaitement \u00e9quilibr\u00e9es.<\/p>\n<h2>Une fa\u00e7on plus cool de stocker et d&#8217;afficher vos accessoires de bar gr\u00e2ce au support en bois de bambou inclus<\/h2>\n<p>Le kit cocktail de luxe est livr\u00e9 avec un support en bois de bambou \u00e9cologique, soigneusement con\u00e7u pour garder vos outils de bar organis\u00e9s et accessibles. Ce support chic permet de ranger chaque accessoire \u00e0 sa place, \u00e9vitant ainsi l&#8217;encombrement et facilitant l&#8217;acc\u00e8s \u00e0 vos outils lorsque vous en avez besoin. Le design naturel et moderne du support en bambou procure un aspect sophistiqu\u00e9 \u00e0 votre espace de pr\u00e9paration, tout en mettant en valeur votre magnifique kit de cocktail. Ce rangement pratique et joli est id\u00e9al pour impressionner vos invit\u00e9s et maintenir votre bar en ordre.<\/p>\n","protected":false},"excerpt":{"rendered":"<p>Adoptez le kit cocktail de luxe, un set de 10 pi\u00e8ces en acier inoxydable de haute qualit\u00e9, accompagn\u00e9 d&#8217;un support en bois de bambou. Ce kit permet de cr\u00e9er des cocktails savoureux et visuellement attrayants avec style.<\/p>\n","protected":false},"featured_media":2470,"comment_status":"open","ping_status":"closed","template":"","meta":{"site-sidebar-layout":"default","site-content-layout":"","ast-site-content-layout":"default","site-content-style":"default","site-sidebar-style":"default","ast-global-header-display":"","ast-banner-title-visibility":"","ast-main-header-display":"","ast-hfb-above-header-display":"","ast-hfb-below-header-display":"","ast-hfb-mobile-header-display":"","site-post-title":"","ast-breadcrumbs-content":"","ast-featured-img":"","footer-sml-layout":"","ast-disable-related-posts":"","theme-transparent-header-meta":"default","adv-header-id-meta":"","stick-header-meta":"default","header-above-stick-meta":"","header-main-stick-meta":"","header-below-stick-meta":"","astra-migrate-meta-layouts":"set","ast-page-background-enabled":"default","ast-page-background-meta":{"desktop":{"background-color":"","background-image":"","background-repeat":"repeat","background-position":"center center","background-size":"auto","background-attachment":"scroll","background-type":"","background-media":"","overlay-type":"","overlay-color":"","overlay-opacity":"","overlay-gradient":""},"tablet":{"background-color":"","background-image":"","background-repeat":"repeat","background-position":"center center","background-size":"auto","background-attachment":"scroll","background-type":"","background-media":"","overlay-type":"","overlay-color":"","overlay-opacity":"","overlay-gradient":""},"mobile":{"background-color":"","background-image":"","background-repeat":"repeat","background-position":"center center","background-size":"auto","background-attachment":"scroll","background-type":"","background-media":"","overlay-type":"","overlay-color":"","overlay-opacity":"","overlay-gradient":""}},"ast-content-background-meta":{"desktop":{"background-color":"var(--ast-global-color-5)","background-image":"","background-repeat":"repeat","background-position":"center center","background-size":"auto","background-attachment":"scroll","background-type":"","background-media":"","overlay-type":"","overlay-color":"","overlay-opacity":"","overlay-gradient":""},"tablet":{"background-color":"var(--ast-global-color-5)","background-image":"","background-repeat":"repeat","background-position":"center center","background-size":"auto","background-attachment":"scroll","background-type":"","background-media":"","overlay-type":"","overlay-color":"","overlay-opacity":"","overlay-gradient":""},"mobile":{"background-color":"var(--ast-global-color-5)","background-image":"","background-repeat":"repeat","background-position":"center center","background-size":"auto","background-attachment":"scroll","background-type":"","background-media":"","overlay-type":"","overlay-color":"","overlay-opacity":"","overlay-gradient":""}}},"product_brand":[],"product_cat":[469],"product_tag":[],"class_list":{"0":"post-2468","1":"product","2":"type-product","3":"status-publish","4":"has-post-thumbnail","6":"product_cat-kit-cocktail","7":"desktop-align-left","8":"tablet-align-left","9":"mobile-align-left","10":"ast-product-gallery-layout-horizontal","11":"ast-magnify-disabled","12":"ast-product-tabs-layout-accordion","14":"first","15":"instock","16":"taxable","17":"shipping-taxable","18":"purchasable","19":"product-type-simple"},"_links":{"self":[{"href":"https:\/\/lejournalduwhisky.com\/boutique\/wp-json\/wp\/v2\/product\/2468","targetHints":{"allow":["GET"]}}],"collection":[{"href":"https:\/\/lejournalduwhisky.com\/boutique\/wp-json\/wp\/v2\/product"}],"about":[{"href":"https:\/\/lejournalduwhisky.com\/boutique\/wp-json\/wp\/v2\/types\/product"}],"replies":[{"embeddable":true,"href":"https:\/\/lejournalduwhisky.com\/boutique\/wp-json\/wp\/v2\/comments?post=2468"}],"wp:featuredmedia":[{"embeddable":true,"href":"https:\/\/lejournalduwhisky.com\/boutique\/wp-json\/wp\/v2\/media\/2470"}],"wp:attachment":[{"href":"https:\/\/lejournalduwhisky.com\/boutique\/wp-json\/wp\/v2\/media?parent=2468"}],"wp:term":[{"taxonomy":"product_brand","embeddable":true,"href":"https:\/\/lejournalduwhisky.com\/boutique\/wp-json\/wp\/v2\/product_brand?post=2468"},{"taxonomy":"product_cat","embeddable":true,"href":"https:\/\/lejournalduwhisky.com\/boutique\/wp-json\/wp\/v2\/product_cat?post=2468"},{"taxonomy":"product_tag","embeddable":true,"href":"https:\/\/lejournalduwhisky.com\/boutique\/wp-json\/wp\/v2\/product_tag?post=2468"}],"curies":[{"name":"wp","href":"https:\/\/api.w.org\/{rel}","templated":true}]}}