{"id":2445,"date":"2024-06-04T04:22:29","date_gmt":"2024-06-04T02:22:29","guid":{"rendered":"https:\/\/lejournalduwhisky.com\/boutique\/?post_type=product&#038;p=2445"},"modified":"2024-06-04T04:22:30","modified_gmt":"2024-06-04T02:22:30","slug":"kit-cocktail-pina-colada","status":"publish","type":"product","link":"https:\/\/lejournalduwhisky.com\/boutique\/products\/kit-cocktail-pina-colada\/","title":{"rendered":"Kit cocktail pina colada"},"content":{"rendered":"<h2>Kit cocktail Pi\u00f1a Colada en acier inoxydable de qualit\u00e9 premium<\/h2>\n<p>Le kit cocktail Pi\u00f1a Colada est fabriqu\u00e9 en acier inoxydable 304 de qualit\u00e9 alimentaire, il est du coup aussi durable que r\u00e9sistant. Chaque composant de ce kit est con\u00e7u pour r\u00e9sister aux usages intensifs des bars professionnels et des soir\u00e9es \u00e0 domicile. L&#8217;acier inoxydable utilis\u00e9 ne se plie pas, ne se casse pas et ne rouille pas, assurant ainsi une longue dur\u00e9e de vie \u00e0 votre \u00e9quipement de mixologie. Avec ce kit, vous pouvez pr\u00e9parer vos cocktails pr\u00e9f\u00e9r\u00e9s, tels que la Pi\u00f1a Colada, avec une pr\u00e9cision et une qualit\u00e9 dignes des meilleurs barmans. Profitez de la robustesse et de la prestance de ce set pour cr\u00e9er des moments inoubliables.<\/p>\n<h2>Joint \u00e9tanche parfait pour les deux shakers, id\u00e9al pour concocter ses cocktails sans crainte<\/h2>\n<p>Les deux shakers Boston inclus dans ce kit sont con\u00e7us pour s&#8217;embo\u00eeter parfaitement, offrant une \u00e9tanch\u00e9it\u00e9 exceptionnelle. Ce joint \u00e9tanche permet de secouer vos cocktails en toute confiance, sans risque de fuite ou de renversement. Que vous pr\u00e9pariez des Mojitos, des Margaritas ou que vous remuiez un Manhattan, un Martini ou un Old Fashioned, vous pouvez compter sur ces shakers pour maintenir tous les ingr\u00e9dients bien m\u00e9lang\u00e9s. Cette caract\u00e9ristique est particuli\u00e8rement appr\u00e9ci\u00e9e des barmans professionnels et des amateurs de cocktails, car elle assure une pr\u00e9paration propre et sans stress, m\u00eame lors des soir\u00e9es les plus anim\u00e9es.<\/p>\n<h2>Design noir aux finitions magnifiques et captivantes<\/h2>\n<p>Le kit cocktail Pi\u00f1a Colada se distingue par son design noir majestueux et ses finitions captivantes. Chaque pi\u00e8ce de ce set, des shakers aux accessoires, est soigneusement con\u00e7ue pour offrir un design moderne et sophistiqu\u00e9. La finition noire augmente l\u2019aspect luxueux de votre espace de pr\u00e9paration de cocktails, faisant de chaque utilisation une exp\u00e9rience visuelle agr\u00e9able. En plus d&#8217;\u00eatre fonctionnel, ce kit apporte une dimension d\u00e9corative qui impressionnera vos invit\u00e9s et enrichira vos soir\u00e9es. Ce kit exceptionnel ne passe pas au lave-vaisselle, un lavage \u00e0 la main est plut\u00f4t recommand\u00e9 pour pr\u00e9server l&#8217;\u00e9clat et la beaut\u00e9 de chaque pi\u00e8ce.<\/p>\n","protected":false},"excerpt":{"rendered":"<p>Offrez un cadeau parfait avec ce kit cocktail Pi\u00f1a Colada en acier inoxydable premium. Compos\u00e9 de deux shakers Boston \u00e9tanches et d&#8217;accessoires de qualit\u00e9, ce set au design noir soign\u00e9 permet de pr\u00e9parer des cocktails savoureux et raffin\u00e9s en toute s\u00e9curit\u00e9.<\/p>\n","protected":false},"featured_media":2447,"comment_status":"open","ping_status":"closed","template":"","meta":{"site-sidebar-layout":"default","site-content-layout":"","ast-site-content-layout":"default","site-content-style":"default","site-sidebar-style":"default","ast-global-header-display":"","ast-banner-title-visibility":"","ast-main-header-display":"","ast-hfb-above-header-display":"","ast-hfb-below-header-display":"","ast-hfb-mobile-header-display":"","site-post-title":"","ast-breadcrumbs-content":"","ast-featured-img":"","footer-sml-layout":"","ast-disable-related-posts":"","theme-transparent-header-meta":"default","adv-header-id-meta":"","stick-header-meta":"default","header-above-stick-meta":"","header-main-stick-meta":"","header-below-stick-meta":"","astra-migrate-meta-layouts":"set","ast-page-background-enabled":"default","ast-page-background-meta":{"desktop":{"background-color":"","background-image":"","background-repeat":"repeat","background-position":"center center","background-size":"auto","background-attachment":"scroll","background-type":"","background-media":"","overlay-type":"","overlay-color":"","overlay-opacity":"","overlay-gradient":""},"tablet":{"background-color":"","background-image":"","background-repeat":"repeat","background-position":"center center","background-size":"auto","background-attachment":"scroll","background-type":"","background-media":"","overlay-type":"","overlay-color":"","overlay-opacity":"","overlay-gradient":""},"mobile":{"background-color":"","background-image":"","background-repeat":"repeat","background-position":"center center","background-size":"auto","background-attachment":"scroll","background-type":"","background-media":"","overlay-type":"","overlay-color":"","overlay-opacity":"","overlay-gradient":""}},"ast-content-background-meta":{"desktop":{"background-color":"var(--ast-global-color-5)","background-image":"","background-repeat":"repeat","background-position":"center center","background-size":"auto","background-attachment":"scroll","background-type":"","background-media":"","overlay-type":"","overlay-color":"","overlay-opacity":"","overlay-gradient":""},"tablet":{"background-color":"var(--ast-global-color-5)","background-image":"","background-repeat":"repeat","background-position":"center center","background-size":"auto","background-attachment":"scroll","background-type":"","background-media":"","overlay-type":"","overlay-color":"","overlay-opacity":"","overlay-gradient":""},"mobile":{"background-color":"var(--ast-global-color-5)","background-image":"","background-repeat":"repeat","background-position":"center center","background-size":"auto","background-attachment":"scroll","background-type":"","background-media":"","overlay-type":"","overlay-color":"","overlay-opacity":"","overlay-gradient":""}}},"product_brand":[],"product_cat":[469],"product_tag":[],"class_list":{"0":"post-2445","1":"product","2":"type-product","3":"status-publish","4":"has-post-thumbnail","6":"product_cat-kit-cocktail","7":"desktop-align-left","8":"tablet-align-left","9":"mobile-align-left","10":"ast-product-gallery-layout-horizontal","11":"ast-magnify-disabled","12":"ast-product-tabs-layout-accordion","14":"first","15":"instock","16":"taxable","17":"shipping-taxable","18":"purchasable","19":"product-type-simple"},"_links":{"self":[{"href":"https:\/\/lejournalduwhisky.com\/boutique\/wp-json\/wp\/v2\/product\/2445","targetHints":{"allow":["GET"]}}],"collection":[{"href":"https:\/\/lejournalduwhisky.com\/boutique\/wp-json\/wp\/v2\/product"}],"about":[{"href":"https:\/\/lejournalduwhisky.com\/boutique\/wp-json\/wp\/v2\/types\/product"}],"replies":[{"embeddable":true,"href":"https:\/\/lejournalduwhisky.com\/boutique\/wp-json\/wp\/v2\/comments?post=2445"}],"wp:featuredmedia":[{"embeddable":true,"href":"https:\/\/lejournalduwhisky.com\/boutique\/wp-json\/wp\/v2\/media\/2447"}],"wp:attachment":[{"href":"https:\/\/lejournalduwhisky.com\/boutique\/wp-json\/wp\/v2\/media?parent=2445"}],"wp:term":[{"taxonomy":"product_brand","embeddable":true,"href":"https:\/\/lejournalduwhisky.com\/boutique\/wp-json\/wp\/v2\/product_brand?post=2445"},{"taxonomy":"product_cat","embeddable":true,"href":"https:\/\/lejournalduwhisky.com\/boutique\/wp-json\/wp\/v2\/product_cat?post=2445"},{"taxonomy":"product_tag","embeddable":true,"href":"https:\/\/lejournalduwhisky.com\/boutique\/wp-json\/wp\/v2\/product_tag?post=2445"}],"curies":[{"name":"wp","href":"https:\/\/api.w.org\/{rel}","templated":true}]}}