{"id":2441,"date":"2024-06-04T04:10:36","date_gmt":"2024-06-04T02:10:36","guid":{"rendered":"https:\/\/lejournalduwhisky.com\/boutique\/?post_type=product&#038;p=2441"},"modified":"2025-01-19T11:18:39","modified_gmt":"2025-01-19T10:18:39","slug":"kit-cocktail-pas-cher","status":"publish","type":"product","link":"https:\/\/lejournalduwhisky.com\/boutique\/products\/kit-cocktail-pas-cher\/","title":{"rendered":"Kit cocktail pas cher"},"content":{"rendered":"<h2>Kit cocktail pas cher, antirouille et durable<\/h2>\n<p>Ce kit cocktail pas cher est fabriqu\u00e9 en acier inoxydable de qualit\u00e9 commerciale. Il b\u00e9n\u00e9ficie de ce fait d\u2019une excellente durabilit\u00e9 et d\u2019une bonne r\u00e9sistance \u00e0 la rouille. Qu\u2019il s\u2019agisse du shaker, du m\u00e9langeur ou autres, chaque outil est con\u00e7u de sorte \u00e0 rester performant, m\u00eame apr\u00e8s de nombreuses utilisations. La finition \u00e9pur\u00e9e et miroir saura mettre plus en valeur votre bar \u00e0 domicile. Gr\u00e2ce \u00e0 sa robustesse, ce kit est parfait pour les d\u00e9butants comme pour les barmans professionnels, permettant de cr\u00e9er une grande vari\u00e9t\u00e9 de cocktails avec style et efficacit\u00e9. Offrez-vous la qualit\u00e9 et la long\u00e9vit\u00e9 sans vous ruiner, avec ce kit cocktail abordable et fiable.<\/p>\n<h2>Ensemble de bar facile \u00e0 nettoyer<\/h2>\n<p>L&#8217;entretien de ce kit cocktail est un jeu d&#8217;enfant. Tous les accessoires sont lavables au lave-vaisselle, le nettoyage apr\u00e8s chaque utilisation s\u2019en trouve alors simplifi\u00e9. Pour un entretien manuel, il suffit de rincer les outils \u00e0 l&#8217;eau chaude avec un d\u00e9tergent doux, et ils retrouveront leur \u00e9clat d&#8217;origine. Gr\u00e2ce \u00e0 leur conception antirouille, les accessoires restent impeccables et pr\u00eats \u00e0 l&#8217;emploi pour chaque nouvelle cr\u00e9ation de cocktails.<\/p>\n<h2>Le cadeau id\u00e9al pour tout amateur de cocktails \u00e0 diverses occasions<\/h2>\n<p>Ce kit cocktail pas cher est le cadeau parfait pour tout amateur de cocktails, qu&#8217;il soit novice ou exp\u00e9riment\u00e9. Il convient parfaitement pour des anniversaires, des f\u00eates des p\u00e8res, des mariages, des pendaisons de cr\u00e9maill\u00e8re ou tout autre \u00e9v\u00e9nement sp\u00e9cial. Offrir ce kit, c&#8217;est offrir la possibilit\u00e9 de cr\u00e9er des moments conviviaux et festifs, o\u00f9 chacun peut exprimer sa cr\u00e9ativit\u00e9 en mati\u00e8re de mixologie. Durable, chic et pratique, ce set est un choix id\u00e9al pour faire plaisir \u00e0 vos proches ou pour enrichir votre propre collection d&#8217;outils de bar sans trop d\u00e9penser.<\/p>\n","protected":false},"excerpt":{"rendered":"<p>Optez pour le kit cocktail pas cher, compos\u00e9 de 6 pi\u00e8ces en acier inoxydable antirouille et durable. Cet ensemble de bar est facile \u00e0 nettoyer et constitue un cadeau parfait pour toutes les occasions festives.<\/p>\n","protected":false},"featured_media":2444,"comment_status":"open","ping_status":"closed","template":"","meta":{"site-sidebar-layout":"default","site-content-layout":"","ast-site-content-layout":"default","site-content-style":"default","site-sidebar-style":"default","ast-global-header-display":"","ast-banner-title-visibility":"","ast-main-header-display":"","ast-hfb-above-header-display":"","ast-hfb-below-header-display":"","ast-hfb-mobile-header-display":"","site-post-title":"","ast-breadcrumbs-content":"","ast-featured-img":"","footer-sml-layout":"","ast-disable-related-posts":"","theme-transparent-header-meta":"default","adv-header-id-meta":"","stick-header-meta":"default","header-above-stick-meta":"","header-main-stick-meta":"","header-below-stick-meta":"","astra-migrate-meta-layouts":"set","ast-page-background-enabled":"default","ast-page-background-meta":{"desktop":{"background-color":"","background-image":"","background-repeat":"repeat","background-position":"center center","background-size":"auto","background-attachment":"scroll","background-type":"","background-media":"","overlay-type":"","overlay-color":"","overlay-opacity":"","overlay-gradient":""},"tablet":{"background-color":"","background-image":"","background-repeat":"repeat","background-position":"center center","background-size":"auto","background-attachment":"scroll","background-type":"","background-media":"","overlay-type":"","overlay-color":"","overlay-opacity":"","overlay-gradient":""},"mobile":{"background-color":"","background-image":"","background-repeat":"repeat","background-position":"center center","background-size":"auto","background-attachment":"scroll","background-type":"","background-media":"","overlay-type":"","overlay-color":"","overlay-opacity":"","overlay-gradient":""}},"ast-content-background-meta":{"desktop":{"background-color":"var(--ast-global-color-5)","background-image":"","background-repeat":"repeat","background-position":"center center","background-size":"auto","background-attachment":"scroll","background-type":"","background-media":"","overlay-type":"","overlay-color":"","overlay-opacity":"","overlay-gradient":""},"tablet":{"background-color":"var(--ast-global-color-5)","background-image":"","background-repeat":"repeat","background-position":"center center","background-size":"auto","background-attachment":"scroll","background-type":"","background-media":"","overlay-type":"","overlay-color":"","overlay-opacity":"","overlay-gradient":""},"mobile":{"background-color":"var(--ast-global-color-5)","background-image":"","background-repeat":"repeat","background-position":"center center","background-size":"auto","background-attachment":"scroll","background-type":"","background-media":"","overlay-type":"","overlay-color":"","overlay-opacity":"","overlay-gradient":""}}},"product_brand":[],"product_cat":[469],"product_tag":[],"class_list":{"0":"post-2441","1":"product","2":"type-product","3":"status-publish","4":"has-post-thumbnail","6":"product_cat-kit-cocktail","7":"desktop-align-left","8":"tablet-align-left","9":"mobile-align-left","10":"ast-product-gallery-layout-horizontal","11":"ast-magnify-disabled","12":"ast-product-tabs-layout-accordion","14":"first","15":"instock","16":"taxable","17":"shipping-taxable","18":"purchasable","19":"product-type-simple"},"_links":{"self":[{"href":"https:\/\/lejournalduwhisky.com\/boutique\/wp-json\/wp\/v2\/product\/2441","targetHints":{"allow":["GET"]}}],"collection":[{"href":"https:\/\/lejournalduwhisky.com\/boutique\/wp-json\/wp\/v2\/product"}],"about":[{"href":"https:\/\/lejournalduwhisky.com\/boutique\/wp-json\/wp\/v2\/types\/product"}],"replies":[{"embeddable":true,"href":"https:\/\/lejournalduwhisky.com\/boutique\/wp-json\/wp\/v2\/comments?post=2441"}],"wp:featuredmedia":[{"embeddable":true,"href":"https:\/\/lejournalduwhisky.com\/boutique\/wp-json\/wp\/v2\/media\/2444"}],"wp:attachment":[{"href":"https:\/\/lejournalduwhisky.com\/boutique\/wp-json\/wp\/v2\/media?parent=2441"}],"wp:term":[{"taxonomy":"product_brand","embeddable":true,"href":"https:\/\/lejournalduwhisky.com\/boutique\/wp-json\/wp\/v2\/product_brand?post=2441"},{"taxonomy":"product_cat","embeddable":true,"href":"https:\/\/lejournalduwhisky.com\/boutique\/wp-json\/wp\/v2\/product_cat?post=2441"},{"taxonomy":"product_tag","embeddable":true,"href":"https:\/\/lejournalduwhisky.com\/boutique\/wp-json\/wp\/v2\/product_tag?post=2441"}],"curies":[{"name":"wp","href":"https:\/\/api.w.org\/{rel}","templated":true}]}}