{"id":2438,"date":"2024-06-04T03:58:30","date_gmt":"2024-06-04T01:58:30","guid":{"rendered":"https:\/\/lejournalduwhisky.com\/boutique\/?post_type=product&#038;p=2438"},"modified":"2025-01-23T04:03:08","modified_gmt":"2025-01-23T03:03:08","slug":"kit-cocktail-paris","status":"publish","type":"product","link":"https:\/\/lejournalduwhisky.com\/boutique\/products\/kit-cocktail-paris\/","title":{"rendered":"Kit cocktail paris"},"content":{"rendered":"<h2>Kit cocktail Paris avec une conception respectueuse de l&#8217;environnement<\/h2>\n<p>Le kit cocktail Paris se distingue par sa conception respectueuse de l&#8217;environnement. Fabriqu\u00e9 en acier inoxydable durable, chaque outil garantit une utilisation longue dur\u00e9e tout en \u00e9tant \u00e9cologique. Ce choix de mat\u00e9riau r\u00e9duit l&#8217;empreinte \u00e9cologique et assure une robustesse et une r\u00e9sistance \u00e0 la corrosion, m\u00eame apr\u00e8s de nombreuses utilisations. En optant pour ce kit, vous faites un geste pour la plan\u00e8te sans compromettre la qualit\u00e9 de vos pr\u00e9parations.<\/p>\n<h2>Une vari\u00e9t\u00e9 d&#8217;outils pour faire des cocktails \u00e0 volont\u00e9<\/h2>\n<p>Ce kit cocktail Paris comprend 22 pi\u00e8ces essentielles pour concocter une large gamme de cocktails, parfait pour toutes vos soir\u00e9es et occasions sp\u00e9ciales. Le set inclut un shaker de 750 ml, un pilon, une cr\u00e9pine, un filtre, une pince \u00e0 glace, une fourchette\/cuill\u00e8re, quatre verseurs, deux bouchons, un tire-bouchon, deux doseurs (15\/30 ml et 25\/50 ml), deux cuill\u00e8res de paille, deux pailles, deux tiges d&#8217;agitation et une recette de cocktail. Chaque accessoire est con\u00e7u pour faciliter la pr\u00e9paration et le m\u00e9lange de vos boissons pr\u00e9f\u00e9r\u00e9es, qu&#8217;il s&#8217;agisse de classiques intemporels ou de nouvelles cr\u00e9ations. Gr\u00e2ce \u00e0 cette vari\u00e9t\u00e9 d&#8217;outils, vous avez tout ce qu&#8217;il faut pour devenir un expert en mixologie et impressionner vos invit\u00e9s.<\/p>\n<h2>Un support acrylique design et solide inclus<\/h2>\n<p>Le kit cocktail Paris est livr\u00e9 avec un support acrylique noir \u00e9l\u00e9gant et robuste, qui permet de ranger vos accessoires de mani\u00e8re ordonn\u00e9e. Ce support design met en valeur vos outils de mixologie sans oublier qu\u2019il facilite leur acc\u00e8s et leur utilisation. Chaque pi\u00e8ce trouve sa place sp\u00e9cifique, assurant ainsi un rangement propre et organis\u00e9. Le support acrylique, en plus d\u2019\u00eatre solide, est r\u00e9sistant aux \u00e9clats et aux rayures, garantissant une longue dur\u00e9e de vie. Avec ce support, fini le d\u00e9sordre sur votre plan de travail, vous pouvez pr\u00e9parer vos cocktails en toute s\u00e9r\u00e9nit\u00e9, sachant que vos outils sont toujours \u00e0 port\u00e9e de main et bien rang\u00e9s.<\/p>\n","protected":false},"excerpt":{"rendered":"<p>Offrez un cadeau exceptionnel avec le kit cocktail Paris. Compos\u00e9 de 22 pi\u00e8ces en acier inoxydable \u00e9cologique et livr\u00e9 avec un support acrylique design, ce set complet permet de pr\u00e9parer une vari\u00e9t\u00e9 de cocktails savoureux sans stress.<\/p>\n","protected":false},"featured_media":2440,"comment_status":"open","ping_status":"closed","template":"","meta":{"site-sidebar-layout":"default","site-content-layout":"","ast-site-content-layout":"default","site-content-style":"default","site-sidebar-style":"default","ast-global-header-display":"","ast-banner-title-visibility":"","ast-main-header-display":"","ast-hfb-above-header-display":"","ast-hfb-below-header-display":"","ast-hfb-mobile-header-display":"","site-post-title":"","ast-breadcrumbs-content":"","ast-featured-img":"","footer-sml-layout":"","ast-disable-related-posts":"","theme-transparent-header-meta":"default","adv-header-id-meta":"","stick-header-meta":"default","header-above-stick-meta":"","header-main-stick-meta":"","header-below-stick-meta":"","astra-migrate-meta-layouts":"set","ast-page-background-enabled":"default","ast-page-background-meta":{"desktop":{"background-color":"","background-image":"","background-repeat":"repeat","background-position":"center center","background-size":"auto","background-attachment":"scroll","background-type":"","background-media":"","overlay-type":"","overlay-color":"","overlay-opacity":"","overlay-gradient":""},"tablet":{"background-color":"","background-image":"","background-repeat":"repeat","background-position":"center center","background-size":"auto","background-attachment":"scroll","background-type":"","background-media":"","overlay-type":"","overlay-color":"","overlay-opacity":"","overlay-gradient":""},"mobile":{"background-color":"","background-image":"","background-repeat":"repeat","background-position":"center center","background-size":"auto","background-attachment":"scroll","background-type":"","background-media":"","overlay-type":"","overlay-color":"","overlay-opacity":"","overlay-gradient":""}},"ast-content-background-meta":{"desktop":{"background-color":"var(--ast-global-color-5)","background-image":"","background-repeat":"repeat","background-position":"center center","background-size":"auto","background-attachment":"scroll","background-type":"","background-media":"","overlay-type":"","overlay-color":"","overlay-opacity":"","overlay-gradient":""},"tablet":{"background-color":"var(--ast-global-color-5)","background-image":"","background-repeat":"repeat","background-position":"center center","background-size":"auto","background-attachment":"scroll","background-type":"","background-media":"","overlay-type":"","overlay-color":"","overlay-opacity":"","overlay-gradient":""},"mobile":{"background-color":"var(--ast-global-color-5)","background-image":"","background-repeat":"repeat","background-position":"center center","background-size":"auto","background-attachment":"scroll","background-type":"","background-media":"","overlay-type":"","overlay-color":"","overlay-opacity":"","overlay-gradient":""}}},"product_brand":[],"product_cat":[469],"product_tag":[],"class_list":{"0":"post-2438","1":"product","2":"type-product","3":"status-publish","4":"has-post-thumbnail","6":"product_cat-kit-cocktail","7":"desktop-align-left","8":"tablet-align-left","9":"mobile-align-left","10":"ast-product-gallery-layout-horizontal","11":"ast-magnify-disabled","12":"ast-product-tabs-layout-accordion","14":"first","15":"instock","16":"taxable","17":"shipping-taxable","18":"purchasable","19":"product-type-simple"},"_links":{"self":[{"href":"https:\/\/lejournalduwhisky.com\/boutique\/wp-json\/wp\/v2\/product\/2438","targetHints":{"allow":["GET"]}}],"collection":[{"href":"https:\/\/lejournalduwhisky.com\/boutique\/wp-json\/wp\/v2\/product"}],"about":[{"href":"https:\/\/lejournalduwhisky.com\/boutique\/wp-json\/wp\/v2\/types\/product"}],"replies":[{"embeddable":true,"href":"https:\/\/lejournalduwhisky.com\/boutique\/wp-json\/wp\/v2\/comments?post=2438"}],"wp:featuredmedia":[{"embeddable":true,"href":"https:\/\/lejournalduwhisky.com\/boutique\/wp-json\/wp\/v2\/media\/2440"}],"wp:attachment":[{"href":"https:\/\/lejournalduwhisky.com\/boutique\/wp-json\/wp\/v2\/media?parent=2438"}],"wp:term":[{"taxonomy":"product_brand","embeddable":true,"href":"https:\/\/lejournalduwhisky.com\/boutique\/wp-json\/wp\/v2\/product_brand?post=2438"},{"taxonomy":"product_cat","embeddable":true,"href":"https:\/\/lejournalduwhisky.com\/boutique\/wp-json\/wp\/v2\/product_cat?post=2438"},{"taxonomy":"product_tag","embeddable":true,"href":"https:\/\/lejournalduwhisky.com\/boutique\/wp-json\/wp\/v2\/product_tag?post=2438"}],"curies":[{"name":"wp","href":"https:\/\/api.w.org\/{rel}","templated":true}]}}