{"id":2394,"date":"2024-06-03T14:03:58","date_gmt":"2024-06-03T12:03:58","guid":{"rendered":"https:\/\/lejournalduwhisky.com\/boutique\/?post_type=product&#038;p=2394"},"modified":"2024-06-03T14:03:59","modified_gmt":"2024-06-03T12:03:59","slug":"pierre-a-whisky-boule","status":"publish","type":"product","link":"https:\/\/lejournalduwhisky.com\/boutique\/products\/pierre-a-whisky-boule\/","title":{"rendered":"Pierre \u00e0 whisky boule"},"content":{"rendered":"<h2>Pierres \u00e0 whisky con\u00e7ues en mat\u00e9riau de qualit\u00e9 alimentaire pour une utilisation s\u00fbre et saine<\/h2>\n<p>Les pierres \u00e0 whisky boule sont fabriqu\u00e9es en acier inoxydable, un mat\u00e9riau de qualit\u00e9 alimentaire reconnu pour sa s\u00e9curit\u00e9 et sa durabilit\u00e9. Insipides, non toxiques et faciles \u00e0 nettoyer, elles garantissent une utilisation saine et r\u00e9p\u00e9t\u00e9e. Leur composition robuste et hygi\u00e9nique en fait le choix id\u00e9al pour les amateurs de whisky soucieux de leur sant\u00e9, tout en s\u2019assurant que chaque gorg\u00e9e reste pure et intacte.<\/p>\n<h2>Pierres de refroidissement de forme cr\u00e9ative et facile \u00e0 utiliser<\/h2>\n<p>Le design unique en forme de boule de ces pierres \u00e0 whisky combine majest\u00e9 et fonctionnalit\u00e9. Cette forme arrondie permet un contact optimal avec le whisky, refroidissant efficacement la boisson sans risque de rayure ou d&#8217;endommagement du verre. Simples \u00e0 utiliser, vous avez juste \u00e0 les placer dans le cong\u00e9lateur pendant quelques heures avant de les ajouter \u00e0 votre verre pour un rafra\u00eechissement instantan\u00e9 et continu de votre whisky.<\/p>\n<h2>La pierre \u00e0 whisky boule, le parfait accessoire pour rafra\u00eechir ses liqueurs sans affecter le go\u00fbt<\/h2>\n<p>Ces pierres \u00e0 whisky boule sont le parfait accessoire pour maintenir la fra\u00eecheur de votre whisky, bi\u00e8re, cocktails ou toute autre boisson sans en diluer les saveurs. Leurs propri\u00e9t\u00e9s thermiques exceptionnelles assurent un refroidissement efficace tout en pr\u00e9servant l&#8217;int\u00e9grit\u00e9 gustative de la boisson. Ces diff\u00e9rentes caract\u00e9ristiques en font un outil incontournable pour tous les amateurs de boissons, transformant chaque d\u00e9gustation en une exp\u00e9rience rafra\u00eechissante et m\u00e9morable.<\/p>\n","protected":false},"excerpt":{"rendered":"<p>Rehaussez votre exp\u00e9rience de d\u00e9gustation avec ces pierres \u00e0 whisky en forme de boule. Con\u00e7ues en acier inoxydable de qualit\u00e9 alimentaire, ces pierres magnifiques et r\u00e9utilisables offrent un refroidissement optimal sans diluer ni alt\u00e9rer le go\u00fbt de votre boisson favorite.<\/p>\n","protected":false},"featured_media":2397,"comment_status":"open","ping_status":"closed","template":"","meta":{"site-sidebar-layout":"default","site-content-layout":"","ast-site-content-layout":"default","site-content-style":"default","site-sidebar-style":"default","ast-global-header-display":"","ast-banner-title-visibility":"","ast-main-header-display":"","ast-hfb-above-header-display":"","ast-hfb-below-header-display":"","ast-hfb-mobile-header-display":"","site-post-title":"","ast-breadcrumbs-content":"","ast-featured-img":"","footer-sml-layout":"","ast-disable-related-posts":"","theme-transparent-header-meta":"default","adv-header-id-meta":"","stick-header-meta":"default","header-above-stick-meta":"","header-main-stick-meta":"","header-below-stick-meta":"","astra-migrate-meta-layouts":"set","ast-page-background-enabled":"default","ast-page-background-meta":{"desktop":{"background-color":"","background-image":"","background-repeat":"repeat","background-position":"center center","background-size":"auto","background-attachment":"scroll","background-type":"","background-media":"","overlay-type":"","overlay-color":"","overlay-opacity":"","overlay-gradient":""},"tablet":{"background-color":"","background-image":"","background-repeat":"repeat","background-position":"center center","background-size":"auto","background-attachment":"scroll","background-type":"","background-media":"","overlay-type":"","overlay-color":"","overlay-opacity":"","overlay-gradient":""},"mobile":{"background-color":"","background-image":"","background-repeat":"repeat","background-position":"center center","background-size":"auto","background-attachment":"scroll","background-type":"","background-media":"","overlay-type":"","overlay-color":"","overlay-opacity":"","overlay-gradient":""}},"ast-content-background-meta":{"desktop":{"background-color":"var(--ast-global-color-5)","background-image":"","background-repeat":"repeat","background-position":"center center","background-size":"auto","background-attachment":"scroll","background-type":"","background-media":"","overlay-type":"","overlay-color":"","overlay-opacity":"","overlay-gradient":""},"tablet":{"background-color":"var(--ast-global-color-5)","background-image":"","background-repeat":"repeat","background-position":"center center","background-size":"auto","background-attachment":"scroll","background-type":"","background-media":"","overlay-type":"","overlay-color":"","overlay-opacity":"","overlay-gradient":""},"mobile":{"background-color":"var(--ast-global-color-5)","background-image":"","background-repeat":"repeat","background-position":"center center","background-size":"auto","background-attachment":"scroll","background-type":"","background-media":"","overlay-type":"","overlay-color":"","overlay-opacity":"","overlay-gradient":""}}},"product_brand":[],"product_cat":[82],"product_tag":[],"class_list":{"0":"post-2394","1":"product","2":"type-product","3":"status-publish","4":"has-post-thumbnail","6":"product_cat-pierres-a-whisky","7":"desktop-align-left","8":"tablet-align-left","9":"mobile-align-left","10":"ast-product-gallery-layout-horizontal","11":"ast-magnify-disabled","12":"ast-product-tabs-layout-accordion","14":"first","15":"instock","16":"taxable","17":"shipping-taxable","18":"purchasable","19":"product-type-simple"},"_links":{"self":[{"href":"https:\/\/lejournalduwhisky.com\/boutique\/wp-json\/wp\/v2\/product\/2394","targetHints":{"allow":["GET"]}}],"collection":[{"href":"https:\/\/lejournalduwhisky.com\/boutique\/wp-json\/wp\/v2\/product"}],"about":[{"href":"https:\/\/lejournalduwhisky.com\/boutique\/wp-json\/wp\/v2\/types\/product"}],"replies":[{"embeddable":true,"href":"https:\/\/lejournalduwhisky.com\/boutique\/wp-json\/wp\/v2\/comments?post=2394"}],"wp:featuredmedia":[{"embeddable":true,"href":"https:\/\/lejournalduwhisky.com\/boutique\/wp-json\/wp\/v2\/media\/2397"}],"wp:attachment":[{"href":"https:\/\/lejournalduwhisky.com\/boutique\/wp-json\/wp\/v2\/media?parent=2394"}],"wp:term":[{"taxonomy":"product_brand","embeddable":true,"href":"https:\/\/lejournalduwhisky.com\/boutique\/wp-json\/wp\/v2\/product_brand?post=2394"},{"taxonomy":"product_cat","embeddable":true,"href":"https:\/\/lejournalduwhisky.com\/boutique\/wp-json\/wp\/v2\/product_cat?post=2394"},{"taxonomy":"product_tag","embeddable":true,"href":"https:\/\/lejournalduwhisky.com\/boutique\/wp-json\/wp\/v2\/product_tag?post=2394"}],"curies":[{"name":"wp","href":"https:\/\/api.w.org\/{rel}","templated":true}]}}