{"id":2361,"date":"2024-05-21T02:01:15","date_gmt":"2024-05-21T00:01:15","guid":{"rendered":"https:\/\/lejournalduwhisky.com\/boutique\/?post_type=product&#038;p=2361"},"modified":"2024-05-21T02:01:16","modified_gmt":"2024-05-21T00:01:16","slug":"carafe-a-whisky-lion","status":"publish","type":"product","link":"https:\/\/lejournalduwhisky.com\/boutique\/products\/carafe-a-whisky-lion\/","title":{"rendered":"Carafe \u00e0 whisky en forme de lion"},"content":{"rendered":"<h2>Carafe en forme de lion, un chef-d&#8217;\u0153uvre fait \u00e0 la main<\/h2>\n<p>Chaque carafe en forme de lion est un chef-d&#8217;\u0153uvre unique, fa\u00e7onn\u00e9 avec soin et pr\u00e9cision par des artisans qualifi\u00e9s. Cette approche m\u00e9ticuleuse garantit que chaque particularit\u00e9, de la crini\u00e8re majestueuse aux traits expressifs du lion, est captur\u00e9 avec une finesse remarquable. Le design audacieux de cette carafe, plus qu\u2019un simple hommage \u00e0 la force et au courage symbolis\u00e9s par le lion, est aussi une pi\u00e8ce de conversation inestimable qui enrichira votre collection de whisky.<\/p>\n<h2>Carafe \u00e0 whisky d&#8217;excellente qualit\u00e9 \u00e0 haute teneur en borosilicate<\/h2>\n<p>Fabriqu\u00e9e en verre borosilicate de haute qualit\u00e9, cette carafe \u00e0 whisky lion est con\u00e7ue pour r\u00e9sister \u00e0 l&#8217;\u00e9preuve du temps tout en pr\u00e9servant la puret\u00e9 et l&#8217;int\u00e9grit\u00e9 de votre whisky. Ce mat\u00e9riau se distingue par sa grande r\u00e9sistance aux chocs, que ces derniers soient thermiques ou chimiques. De ce fait, vous avez l\u2019assurance que les saveurs d\u00e9licates et les ar\u00f4mes complexes de votre whisky sont maintenus sans alt\u00e9ration. La robustesse et la clart\u00e9 exceptionnelle de cette carafe \u00e0 whisky lion en font le choix parfait pour les amateurs de whisky qui cherchent \u00e0 combiner durabilit\u00e9 et majest\u00e9.<\/p>\n<h2>Bouchon sous forme de queue, parfait pour pr\u00e9server les ar\u00f4mes et saveurs du whisky<\/h2>\n<p>Le bouchon innovant en forme de queue de lion ajoute un pr\u00e9cieux d\u00e9tail \u00e0 la carafe tout en assurant une \u00e9tanch\u00e9it\u00e9 parfaite. Ce design permet de pr\u00e9server efficacement les ar\u00f4mes et saveurs du whisky, en emp\u00eachant l&#8217;air d&#8217;entrer et en r\u00e9duisant les risques d&#8217;oxydation. Cela garantit que chaque d\u00e9gustation reste aussi riche et pleine qu&#8217;\u00e0 l&#8217;ouverture, offrant une exp\u00e9rience gustative optimale \u00e0 chaque fois.<\/p>\n","protected":false},"excerpt":{"rendered":"<p>Exprimez votre passion pour le whisky avec une majest\u00e9 royale gr\u00e2ce \u00e0 la carafe \u00e0 whisky en forme de lion. Cette \u0153uvre d&#8217;art, sculpt\u00e9e \u00e0 la main, allie prestance et puissance, offrant une exp\u00e9rience de d\u00e9gustation aussi impressionnante que raffin\u00e9e.<\/p>\n","protected":false},"featured_media":2364,"comment_status":"open","ping_status":"closed","template":"","meta":{"site-sidebar-layout":"default","site-content-layout":"","ast-site-content-layout":"default","site-content-style":"default","site-sidebar-style":"default","ast-global-header-display":"","ast-banner-title-visibility":"","ast-main-header-display":"","ast-hfb-above-header-display":"","ast-hfb-below-header-display":"","ast-hfb-mobile-header-display":"","site-post-title":"","ast-breadcrumbs-content":"","ast-featured-img":"","footer-sml-layout":"","ast-disable-related-posts":"","theme-transparent-header-meta":"default","adv-header-id-meta":"","stick-header-meta":"default","header-above-stick-meta":"","header-main-stick-meta":"","header-below-stick-meta":"","astra-migrate-meta-layouts":"set","ast-page-background-enabled":"default","ast-page-background-meta":{"desktop":{"background-color":"","background-image":"","background-repeat":"repeat","background-position":"center center","background-size":"auto","background-attachment":"scroll","background-type":"","background-media":"","overlay-type":"","overlay-color":"","overlay-opacity":"","overlay-gradient":""},"tablet":{"background-color":"","background-image":"","background-repeat":"repeat","background-position":"center center","background-size":"auto","background-attachment":"scroll","background-type":"","background-media":"","overlay-type":"","overlay-color":"","overlay-opacity":"","overlay-gradient":""},"mobile":{"background-color":"","background-image":"","background-repeat":"repeat","background-position":"center center","background-size":"auto","background-attachment":"scroll","background-type":"","background-media":"","overlay-type":"","overlay-color":"","overlay-opacity":"","overlay-gradient":""}},"ast-content-background-meta":{"desktop":{"background-color":"var(--ast-global-color-5)","background-image":"","background-repeat":"repeat","background-position":"center center","background-size":"auto","background-attachment":"scroll","background-type":"","background-media":"","overlay-type":"","overlay-color":"","overlay-opacity":"","overlay-gradient":""},"tablet":{"background-color":"var(--ast-global-color-5)","background-image":"","background-repeat":"repeat","background-position":"center center","background-size":"auto","background-attachment":"scroll","background-type":"","background-media":"","overlay-type":"","overlay-color":"","overlay-opacity":"","overlay-gradient":""},"mobile":{"background-color":"var(--ast-global-color-5)","background-image":"","background-repeat":"repeat","background-position":"center center","background-size":"auto","background-attachment":"scroll","background-type":"","background-media":"","overlay-type":"","overlay-color":"","overlay-opacity":"","overlay-gradient":""}}},"product_brand":[],"product_cat":[83],"product_tag":[],"class_list":{"0":"post-2361","1":"product","2":"type-product","3":"status-publish","4":"has-post-thumbnail","6":"product_cat-carafes-a-whisky","7":"desktop-align-left","8":"tablet-align-left","9":"mobile-align-left","10":"ast-product-gallery-layout-horizontal","11":"ast-magnify-disabled","12":"ast-product-tabs-layout-accordion","14":"first","15":"instock","16":"taxable","17":"shipping-taxable","18":"purchasable","19":"product-type-simple"},"_links":{"self":[{"href":"https:\/\/lejournalduwhisky.com\/boutique\/wp-json\/wp\/v2\/product\/2361","targetHints":{"allow":["GET"]}}],"collection":[{"href":"https:\/\/lejournalduwhisky.com\/boutique\/wp-json\/wp\/v2\/product"}],"about":[{"href":"https:\/\/lejournalduwhisky.com\/boutique\/wp-json\/wp\/v2\/types\/product"}],"replies":[{"embeddable":true,"href":"https:\/\/lejournalduwhisky.com\/boutique\/wp-json\/wp\/v2\/comments?post=2361"}],"wp:featuredmedia":[{"embeddable":true,"href":"https:\/\/lejournalduwhisky.com\/boutique\/wp-json\/wp\/v2\/media\/2364"}],"wp:attachment":[{"href":"https:\/\/lejournalduwhisky.com\/boutique\/wp-json\/wp\/v2\/media?parent=2361"}],"wp:term":[{"taxonomy":"product_brand","embeddable":true,"href":"https:\/\/lejournalduwhisky.com\/boutique\/wp-json\/wp\/v2\/product_brand?post=2361"},{"taxonomy":"product_cat","embeddable":true,"href":"https:\/\/lejournalduwhisky.com\/boutique\/wp-json\/wp\/v2\/product_cat?post=2361"},{"taxonomy":"product_tag","embeddable":true,"href":"https:\/\/lejournalduwhisky.com\/boutique\/wp-json\/wp\/v2\/product_tag?post=2361"}],"curies":[{"name":"wp","href":"https:\/\/api.w.org\/{rel}","templated":true}]}}