{"id":2305,"date":"2024-05-20T14:32:32","date_gmt":"2024-05-20T12:32:32","guid":{"rendered":"https:\/\/lejournalduwhisky.com\/boutique\/?post_type=product&#038;p=2305"},"modified":"2024-05-20T14:32:33","modified_gmt":"2024-05-20T12:32:33","slug":"carafe-a-whisky-en-cristal-avec-un-goulot-or","status":"publish","type":"product","link":"https:\/\/lejournalduwhisky.com\/boutique\/products\/carafe-a-whisky-en-cristal-avec-un-goulot-or\/","title":{"rendered":"Carafe \u00e0 whisky en cristal avec un goulot or"},"content":{"rendered":"<h2>Carafe \u00e0 whisky cristal et goulot or avec un design unique rond grav\u00e9 de jolis motifs<\/h2>\n<p>Cette carafe en cristal, avec son design rond unique, est orn\u00e9e de motifs grav\u00e9s exquis qui captivent le regard et enrichissent l&#8217;exp\u00e9rience de d\u00e9gustation. Fabriqu\u00e9e en verre cristal sans plomb de haute qualit\u00e9, cette carafe \u00e0 whisky cristal et goulot or garantit la s\u00e9curit\u00e9 de m\u00eame qu\u2019une brillance et une clart\u00e9 exceptionnelles. Ces d\u00e9tails finement cisel\u00e9s ajoutent un c\u00f4t\u00e9 majestueux \u00e0 votre bar, ce qui permet de transformer chaque service de whisky en une c\u00e9l\u00e9bration de la beaut\u00e9.<\/p>\n<h2>Bouchon \u00e0 vis avec goulot en or pour une pr\u00e9servation optimale de la qualit\u00e9 du whisky<\/h2>\n<p>Le bouchon \u00e0 vis, compl\u00e9t\u00e9 par un goulot en or, assure une fermeture herm\u00e9tique qui pr\u00e9serve la fra\u00eecheur et les ar\u00f4mes du whisky. Cette combinaison majestueuse et fonctionnelle emp\u00eache l&#8217;oxydation et l&#8217;\u00e9vaporation des spiritueux, ce qui permet de maintenir la qualit\u00e9 de votre whisky \u00e0 son apog\u00e9e. Le goulot en or ajoute une note de luxe et de raffinement, faisant de cette carafe \u00e0 whisky cristal et goulot or un \u00e9l\u00e9ment central de toute collection de spiritueux.<\/p>\n<h2>Carafe \u00e0 whisky avec une grande capacit\u00e9 et facile \u00e0 entretenir<\/h2>\n<p>Avec une capacit\u00e9 de 700 ml, cette carafe \u00e0 whisky cristal et goulot or est id\u00e9ale pour servir vos whiskies et autres spiritueux lors de diverses occasions. Facile \u00e0 entretenir, elle peut \u00eatre lav\u00e9e \u00e0 la main ou au lave-vaisselle, ce qui simplifie grandement la routine de nettoyage. Sa base pond\u00e9r\u00e9e assure une stabilit\u00e9 parfaite sur la table, tandis que sa transparence permet de mettre en valeur la richesse et la couleur de chaque spiritueux.<\/p>\n","protected":false},"excerpt":{"rendered":"<p>\u00c9levez votre art de la d\u00e9gustation avec cette carafe \u00e0 whisky en cristal orn\u00e9e d&#8217;un goulot en or. Ce joyau de design allie prestance et fonctionnalit\u00e9 pour sublimer chaque moment autour de vos spiritueux favoris.<\/p>\n","protected":false},"featured_media":2306,"comment_status":"open","ping_status":"closed","template":"","meta":{"site-sidebar-layout":"default","site-content-layout":"","ast-site-content-layout":"default","site-content-style":"default","site-sidebar-style":"default","ast-global-header-display":"","ast-banner-title-visibility":"","ast-main-header-display":"","ast-hfb-above-header-display":"","ast-hfb-below-header-display":"","ast-hfb-mobile-header-display":"","site-post-title":"","ast-breadcrumbs-content":"","ast-featured-img":"","footer-sml-layout":"","ast-disable-related-posts":"","theme-transparent-header-meta":"default","adv-header-id-meta":"","stick-header-meta":"default","header-above-stick-meta":"","header-main-stick-meta":"","header-below-stick-meta":"","astra-migrate-meta-layouts":"set","ast-page-background-enabled":"default","ast-page-background-meta":{"desktop":{"background-color":"","background-image":"","background-repeat":"repeat","background-position":"center center","background-size":"auto","background-attachment":"scroll","background-type":"","background-media":"","overlay-type":"","overlay-color":"","overlay-opacity":"","overlay-gradient":""},"tablet":{"background-color":"","background-image":"","background-repeat":"repeat","background-position":"center center","background-size":"auto","background-attachment":"scroll","background-type":"","background-media":"","overlay-type":"","overlay-color":"","overlay-opacity":"","overlay-gradient":""},"mobile":{"background-color":"","background-image":"","background-repeat":"repeat","background-position":"center center","background-size":"auto","background-attachment":"scroll","background-type":"","background-media":"","overlay-type":"","overlay-color":"","overlay-opacity":"","overlay-gradient":""}},"ast-content-background-meta":{"desktop":{"background-color":"var(--ast-global-color-5)","background-image":"","background-repeat":"repeat","background-position":"center center","background-size":"auto","background-attachment":"scroll","background-type":"","background-media":"","overlay-type":"","overlay-color":"","overlay-opacity":"","overlay-gradient":""},"tablet":{"background-color":"var(--ast-global-color-5)","background-image":"","background-repeat":"repeat","background-position":"center center","background-size":"auto","background-attachment":"scroll","background-type":"","background-media":"","overlay-type":"","overlay-color":"","overlay-opacity":"","overlay-gradient":""},"mobile":{"background-color":"var(--ast-global-color-5)","background-image":"","background-repeat":"repeat","background-position":"center center","background-size":"auto","background-attachment":"scroll","background-type":"","background-media":"","overlay-type":"","overlay-color":"","overlay-opacity":"","overlay-gradient":""}}},"product_brand":[],"product_cat":[83],"product_tag":[],"class_list":{"0":"post-2305","1":"product","2":"type-product","3":"status-publish","4":"has-post-thumbnail","6":"product_cat-carafes-a-whisky","7":"desktop-align-left","8":"tablet-align-left","9":"mobile-align-left","10":"ast-product-gallery-layout-horizontal","11":"ast-magnify-disabled","12":"ast-product-tabs-layout-accordion","14":"first","15":"instock","16":"taxable","17":"shipping-taxable","18":"purchasable","19":"product-type-simple"},"_links":{"self":[{"href":"https:\/\/lejournalduwhisky.com\/boutique\/wp-json\/wp\/v2\/product\/2305","targetHints":{"allow":["GET"]}}],"collection":[{"href":"https:\/\/lejournalduwhisky.com\/boutique\/wp-json\/wp\/v2\/product"}],"about":[{"href":"https:\/\/lejournalduwhisky.com\/boutique\/wp-json\/wp\/v2\/types\/product"}],"replies":[{"embeddable":true,"href":"https:\/\/lejournalduwhisky.com\/boutique\/wp-json\/wp\/v2\/comments?post=2305"}],"wp:featuredmedia":[{"embeddable":true,"href":"https:\/\/lejournalduwhisky.com\/boutique\/wp-json\/wp\/v2\/media\/2306"}],"wp:attachment":[{"href":"https:\/\/lejournalduwhisky.com\/boutique\/wp-json\/wp\/v2\/media?parent=2305"}],"wp:term":[{"taxonomy":"product_brand","embeddable":true,"href":"https:\/\/lejournalduwhisky.com\/boutique\/wp-json\/wp\/v2\/product_brand?post=2305"},{"taxonomy":"product_cat","embeddable":true,"href":"https:\/\/lejournalduwhisky.com\/boutique\/wp-json\/wp\/v2\/product_cat?post=2305"},{"taxonomy":"product_tag","embeddable":true,"href":"https:\/\/lejournalduwhisky.com\/boutique\/wp-json\/wp\/v2\/product_tag?post=2305"}],"curies":[{"name":"wp","href":"https:\/\/api.w.org\/{rel}","templated":true}]}}