{"id":2295,"date":"2024-05-20T13:42:37","date_gmt":"2024-05-20T11:42:37","guid":{"rendered":"https:\/\/lejournalduwhisky.com\/boutique\/?post_type=product&#038;p=2295"},"modified":"2024-05-20T13:42:38","modified_gmt":"2024-05-20T11:42:38","slug":"carafe-a-whisky-bulle","status":"publish","type":"product","link":"https:\/\/lejournalduwhisky.com\/boutique\/products\/carafe-a-whisky-bulle\/","title":{"rendered":"Carafe \u00e0 whisky bulle"},"content":{"rendered":"<h2>Design sous forme de bulle avec de magnifiques gravures<\/h2>\n<p>Cette carafe \u00e0 whisky, avec son design en forme de bulle, incarne la prestance moderne. Les gravures d\u00e9licates qui ornent sa surface en verre sans plomb attirent l&#8217;\u0153il et stimulent l&#8217;int\u00e9r\u00eat, ajoutant du coup un aspect majestueux \u00e0 votre bar. Plus qu\u2019un simple r\u00e9cipient, cette carafe \u00e0 whisky bulle se substitue en objet d&#8217;art, devenant par la m\u00eame occasion une pi\u00e8ce ma\u00eetresse qui raconte une histoire de raffinement et de passion pour le whisky.<\/p>\n<h2>Carafe \u00e0 whisky bulle avec un bouchon de forme sph\u00e9rique pour une meilleure conservation de votre whisky<\/h2>\n<p>Le bouchon sph\u00e9rique de cette carafe \u00e0 whisky bulle, con\u00e7u avec pr\u00e9cision, assure une \u00e9tanch\u00e9it\u00e9 parfaite pour pr\u00e9server la fra\u00eecheur et l&#8217;int\u00e9grit\u00e9 de votre whisky. Ce syst\u00e8me de fermeture innovant emp\u00eache l&#8217;oxydation et maintient les ar\u00f4mes riches et complexes du whisky, garantissant une exp\u00e9rience gustative optimale \u00e0 chaque ouverture. De ce fait, vous avez l\u2019assurance que chaque gorg\u00e9e sera aussi pure et savoureuse que la premi\u00e8re, m\u00eame apr\u00e8s une longue dur\u00e9e de conservation.<\/p>\n<h2>Capacit\u00e9 de 1000 ml, id\u00e9ale pour des d\u00e9gustations entre amis, des rencontres et autres<\/h2>\n<p>Avec une capacit\u00e9 g\u00e9n\u00e9reuse de 1000 ml, cette carafe \u00e0 whisky bulle est parfaite pour partager vos whiskies favoris lors de soir\u00e9es entre amis, de rencontres familiales ou d&#8217;\u00e9v\u00e9nements sp\u00e9ciaux. Elle permet de servir de multiples convives sans avoir besoin de la recharger fr\u00e9quemment en liqueur, facilitant les moments de convivialit\u00e9 et d&#8217;\u00e9change autour de votre passion pour le whisky. C\u2019est un parfait bien que doivent poss\u00e9der les amoureux de spiritueux.<\/p>\n","protected":false},"excerpt":{"rendered":"<p>\u00c9levez chaque d\u00e9gustation de whisky \u00e0 un niveau d&#8217;exception avec cette carafe \u00e0 whisky bulle. Ce joyau de design allie prestance et fonctionnalit\u00e9, capturant l&#8217;essence de vos whiskies pr\u00e9f\u00e9r\u00e9s dans un \u00e9crin de verre raffin\u00e9.<\/p>\n","protected":false},"featured_media":2296,"comment_status":"open","ping_status":"closed","template":"","meta":{"site-sidebar-layout":"default","site-content-layout":"","ast-site-content-layout":"default","site-content-style":"default","site-sidebar-style":"default","ast-global-header-display":"","ast-banner-title-visibility":"","ast-main-header-display":"","ast-hfb-above-header-display":"","ast-hfb-below-header-display":"","ast-hfb-mobile-header-display":"","site-post-title":"","ast-breadcrumbs-content":"","ast-featured-img":"","footer-sml-layout":"","ast-disable-related-posts":"","theme-transparent-header-meta":"default","adv-header-id-meta":"","stick-header-meta":"default","header-above-stick-meta":"","header-main-stick-meta":"","header-below-stick-meta":"","astra-migrate-meta-layouts":"set","ast-page-background-enabled":"default","ast-page-background-meta":{"desktop":{"background-color":"","background-image":"","background-repeat":"repeat","background-position":"center center","background-size":"auto","background-attachment":"scroll","background-type":"","background-media":"","overlay-type":"","overlay-color":"","overlay-opacity":"","overlay-gradient":""},"tablet":{"background-color":"","background-image":"","background-repeat":"repeat","background-position":"center center","background-size":"auto","background-attachment":"scroll","background-type":"","background-media":"","overlay-type":"","overlay-color":"","overlay-opacity":"","overlay-gradient":""},"mobile":{"background-color":"","background-image":"","background-repeat":"repeat","background-position":"center center","background-size":"auto","background-attachment":"scroll","background-type":"","background-media":"","overlay-type":"","overlay-color":"","overlay-opacity":"","overlay-gradient":""}},"ast-content-background-meta":{"desktop":{"background-color":"var(--ast-global-color-5)","background-image":"","background-repeat":"repeat","background-position":"center center","background-size":"auto","background-attachment":"scroll","background-type":"","background-media":"","overlay-type":"","overlay-color":"","overlay-opacity":"","overlay-gradient":""},"tablet":{"background-color":"var(--ast-global-color-5)","background-image":"","background-repeat":"repeat","background-position":"center center","background-size":"auto","background-attachment":"scroll","background-type":"","background-media":"","overlay-type":"","overlay-color":"","overlay-opacity":"","overlay-gradient":""},"mobile":{"background-color":"var(--ast-global-color-5)","background-image":"","background-repeat":"repeat","background-position":"center center","background-size":"auto","background-attachment":"scroll","background-type":"","background-media":"","overlay-type":"","overlay-color":"","overlay-opacity":"","overlay-gradient":""}}},"product_brand":[],"product_cat":[83],"product_tag":[],"class_list":{"0":"post-2295","1":"product","2":"type-product","3":"status-publish","4":"has-post-thumbnail","6":"product_cat-carafes-a-whisky","7":"desktop-align-left","8":"tablet-align-left","9":"mobile-align-left","10":"ast-product-gallery-layout-horizontal","11":"ast-magnify-disabled","12":"ast-product-tabs-layout-accordion","14":"first","15":"instock","16":"taxable","17":"shipping-taxable","18":"purchasable","19":"product-type-simple"},"_links":{"self":[{"href":"https:\/\/lejournalduwhisky.com\/boutique\/wp-json\/wp\/v2\/product\/2295","targetHints":{"allow":["GET"]}}],"collection":[{"href":"https:\/\/lejournalduwhisky.com\/boutique\/wp-json\/wp\/v2\/product"}],"about":[{"href":"https:\/\/lejournalduwhisky.com\/boutique\/wp-json\/wp\/v2\/types\/product"}],"replies":[{"embeddable":true,"href":"https:\/\/lejournalduwhisky.com\/boutique\/wp-json\/wp\/v2\/comments?post=2295"}],"wp:featuredmedia":[{"embeddable":true,"href":"https:\/\/lejournalduwhisky.com\/boutique\/wp-json\/wp\/v2\/media\/2296"}],"wp:attachment":[{"href":"https:\/\/lejournalduwhisky.com\/boutique\/wp-json\/wp\/v2\/media?parent=2295"}],"wp:term":[{"taxonomy":"product_brand","embeddable":true,"href":"https:\/\/lejournalduwhisky.com\/boutique\/wp-json\/wp\/v2\/product_brand?post=2295"},{"taxonomy":"product_cat","embeddable":true,"href":"https:\/\/lejournalduwhisky.com\/boutique\/wp-json\/wp\/v2\/product_cat?post=2295"},{"taxonomy":"product_tag","embeddable":true,"href":"https:\/\/lejournalduwhisky.com\/boutique\/wp-json\/wp\/v2\/product_tag?post=2295"}],"curies":[{"name":"wp","href":"https:\/\/api.w.org\/{rel}","templated":true}]}}