{"id":2247,"date":"2024-05-04T08:25:55","date_gmt":"2024-05-04T06:25:55","guid":{"rendered":"https:\/\/lejournalduwhisky.com\/boutique\/?post_type=product&#038;p=2247"},"modified":"2025-10-11T12:51:43","modified_gmt":"2025-10-11T10:51:43","slug":"service-a-whisky-ancien-en-verre-vintage-cisele","status":"publish","type":"product","link":"https:\/\/lejournalduwhisky.com\/boutique\/products\/service-a-whisky-ancien-en-verre-vintage-cisele\/","title":{"rendered":"Service \u00e0 whisky ancien en verre vintage cisel\u00e9"},"content":{"rendered":"<h2>Accessoires avec un design cr\u00e9atif \u00e0 l\u2019ancienne<\/h2>\n<p>Chaque pi\u00e8ce de cet ensemble de whisky vintage est finement cisel\u00e9e avec de jolis motifs qui refl\u00e8tent la lumi\u00e8re et accentue du coup la richesse visuelle du whisky servi. La carafe et les verres sont \u00e9l\u00e9gamment transparents, une caract\u00e9ristique qui met en valeur leur contenu et ajoute une dimension d\u00e9corative \u00e0 votre bar. Le design cr\u00e9atif de cet ensemble, avec des gravures qui sortent de l\u2019ordinaire, fait de chaque d\u00e9gustation un moment de pur plaisir et de prestance. Cet ensemble transforme vos soir\u00e9es en v\u00e9ritables exp\u00e9riences sensorielles et gustatives.<\/p>\n<h2>Verres et carafe \u00e0 whisky con\u00e7us sans aucun produit nocif<\/h2>\n<p>Ce service \u00e0 whisky ancien en verre vintage cisel\u00e9 pr\u00e9sente \u00e9galement l\u2019avantage d\u2019avoir une conception exempte de toute constitution chimique ou nocive. L\u2019ensemble verres et carafe est en effet con\u00e7u en cristal sans plomb, une mati\u00e8re qui garantit une utilisation s\u00fbre et s\u00e9curis\u00e9e \u00e0 tout amateur de whisky. Si vous souhaitez utiliser ce service au quotidien, chez vous ou lors d\u2019occasions particuli\u00e8res, vous n\u2019avez donc rien \u00e0 craindre pour votre sant\u00e9 et pour la sant\u00e9 de vos convives en ce qui concerne les accessoires utilis\u00e9s.<\/p>\n<h2>Ensemble tr\u00e8s solide pr\u00e9sent\u00e9 dans une bo\u00eete en bois de qualit\u00e9<\/h2>\n<p>Le service \u00e0 whisky ancien en verre vintage cisel\u00e9 se distingue \u00e9galement par sa robustesse et son emballage. Pour ce qui est de la premi\u00e8re caract\u00e9ristique, la robustesse, cet ensemble de verres et carafe est assez solide pour une utilisation r\u00e9guli\u00e8re sans crainte d\u2019usure ou de casses. S\u2019agissant de l\u2019emballage, il faut dire que le service \u00e0 whisky est pr\u00e9sent\u00e9 dans une bo\u00eete-cadeau en bois d\u2019une prestance sans pareil. Vous aurez ainsi la possibilit\u00e9 de le conserver sans difficult\u00e9 et de l\u2019\u00e9pargner de la poussi\u00e8re ou autres salet\u00e9s quand il n\u2019est pas utilis\u00e9.<\/p>\n","protected":false},"excerpt":{"rendered":"<p>Plongez dans la prestance du pass\u00e9 avec ce service \u00e0 whisky ancien en verre vintage cisel\u00e9. Cet ensemble sophistiqu\u00e9, compos\u00e9 d&#8217;une carafe et de deux verres, ajoute de la grandeur \u00e0 toute d\u00e9gustation de spiritueux.<\/p>\n","protected":false},"featured_media":2248,"comment_status":"open","ping_status":"closed","template":"","meta":{"site-sidebar-layout":"default","site-content-layout":"","ast-site-content-layout":"default","site-content-style":"default","site-sidebar-style":"default","ast-global-header-display":"","ast-banner-title-visibility":"","ast-main-header-display":"","ast-hfb-above-header-display":"","ast-hfb-below-header-display":"","ast-hfb-mobile-header-display":"","site-post-title":"","ast-breadcrumbs-content":"","ast-featured-img":"","footer-sml-layout":"","ast-disable-related-posts":"","theme-transparent-header-meta":"default","adv-header-id-meta":"","stick-header-meta":"default","header-above-stick-meta":"","header-main-stick-meta":"","header-below-stick-meta":"","astra-migrate-meta-layouts":"set","ast-page-background-enabled":"default","ast-page-background-meta":{"desktop":{"background-color":"","background-image":"","background-repeat":"repeat","background-position":"center center","background-size":"auto","background-attachment":"scroll","background-type":"","background-media":"","overlay-type":"","overlay-color":"","overlay-opacity":"","overlay-gradient":""},"tablet":{"background-color":"","background-image":"","background-repeat":"repeat","background-position":"center center","background-size":"auto","background-attachment":"scroll","background-type":"","background-media":"","overlay-type":"","overlay-color":"","overlay-opacity":"","overlay-gradient":""},"mobile":{"background-color":"","background-image":"","background-repeat":"repeat","background-position":"center center","background-size":"auto","background-attachment":"scroll","background-type":"","background-media":"","overlay-type":"","overlay-color":"","overlay-opacity":"","overlay-gradient":""}},"ast-content-background-meta":{"desktop":{"background-color":"var(--ast-global-color-5)","background-image":"","background-repeat":"repeat","background-position":"center center","background-size":"auto","background-attachment":"scroll","background-type":"","background-media":"","overlay-type":"","overlay-color":"","overlay-opacity":"","overlay-gradient":""},"tablet":{"background-color":"var(--ast-global-color-5)","background-image":"","background-repeat":"repeat","background-position":"center center","background-size":"auto","background-attachment":"scroll","background-type":"","background-media":"","overlay-type":"","overlay-color":"","overlay-opacity":"","overlay-gradient":""},"mobile":{"background-color":"var(--ast-global-color-5)","background-image":"","background-repeat":"repeat","background-position":"center center","background-size":"auto","background-attachment":"scroll","background-type":"","background-media":"","overlay-type":"","overlay-color":"","overlay-opacity":"","overlay-gradient":""}}},"product_brand":[],"product_cat":[85,81],"product_tag":[],"class_list":{"0":"post-2247","1":"product","2":"type-product","3":"status-publish","4":"has-post-thumbnail","6":"product_cat-tumbler","7":"product_cat-verres-a-whisky","8":"desktop-align-left","9":"tablet-align-left","10":"mobile-align-left","11":"ast-product-gallery-layout-horizontal","12":"ast-magnify-disabled","13":"ast-product-tabs-layout-accordion","15":"first","16":"instock","17":"taxable","18":"shipping-taxable","19":"purchasable","20":"product-type-simple"},"_links":{"self":[{"href":"https:\/\/lejournalduwhisky.com\/boutique\/wp-json\/wp\/v2\/product\/2247","targetHints":{"allow":["GET"]}}],"collection":[{"href":"https:\/\/lejournalduwhisky.com\/boutique\/wp-json\/wp\/v2\/product"}],"about":[{"href":"https:\/\/lejournalduwhisky.com\/boutique\/wp-json\/wp\/v2\/types\/product"}],"replies":[{"embeddable":true,"href":"https:\/\/lejournalduwhisky.com\/boutique\/wp-json\/wp\/v2\/comments?post=2247"}],"wp:featuredmedia":[{"embeddable":true,"href":"https:\/\/lejournalduwhisky.com\/boutique\/wp-json\/wp\/v2\/media\/2248"}],"wp:attachment":[{"href":"https:\/\/lejournalduwhisky.com\/boutique\/wp-json\/wp\/v2\/media?parent=2247"}],"wp:term":[{"taxonomy":"product_brand","embeddable":true,"href":"https:\/\/lejournalduwhisky.com\/boutique\/wp-json\/wp\/v2\/product_brand?post=2247"},{"taxonomy":"product_cat","embeddable":true,"href":"https:\/\/lejournalduwhisky.com\/boutique\/wp-json\/wp\/v2\/product_cat?post=2247"},{"taxonomy":"product_tag","embeddable":true,"href":"https:\/\/lejournalduwhisky.com\/boutique\/wp-json\/wp\/v2\/product_tag?post=2247"}],"curies":[{"name":"wp","href":"https:\/\/api.w.org\/{rel}","templated":true}]}}