{"id":2243,"date":"2024-05-04T08:13:53","date_gmt":"2024-05-04T06:13:53","guid":{"rendered":"https:\/\/lejournalduwhisky.com\/boutique\/?post_type=product&#038;p=2243"},"modified":"2025-10-11T12:51:38","modified_gmt":"2025-10-11T10:51:38","slug":"service-verres-a-whisky-en-cristal","status":"publish","type":"product","link":"https:\/\/lejournalduwhisky.com\/boutique\/products\/service-verres-a-whisky-en-cristal\/","title":{"rendered":"Service verres \u00e0 whisky en cristal"},"content":{"rendered":"<h2>Accessoires de haute qualit\u00e9 en cristal sans plomb<\/h2>\n<p>Ce service de verres \u00e0 whisky comprend une carafe et des verres fabriqu\u00e9s en cristal sans plomb de la plus haute qualit\u00e9, garantie d\u2019une bonne s\u00e9curit\u00e9 et d\u2019une clart\u00e9 exceptionnelle. Le cristal sans plomb offre une transparence impeccable, il met ainsi en valeur la richesse visuelle de votre whisky. Chaque verre est finement travaill\u00e9 pour faire de chaque exp\u00e9rience de d\u00e9gustation un moment d\u2019une magnificence inou\u00efe.<\/p>\n<h2>Bonne solidit\u00e9 pour une utilisation durable<\/h2>\n<p>Con\u00e7us pour r\u00e9sister \u00e0 une utilisation au quotidien, les verres et la carafe de ce service sont robustes et durables. Leur fabrication en cristal de haute qualit\u00e9 assure une r\u00e9sistance contre les chocs et les \u00e9raflures, ces accessoires peuvent ainsi servir durant plusieurs ann\u00e9es sans \u00eatre amoch\u00e9s. Parfait pour les r\u00e9unions sociales ou l&#8217;usage personnel, cet ensemble maintient son aspect neuf et brillant, m\u00eame apr\u00e8s de multiples lavages.<\/p>\n<h2>Bo\u00eete-cadeau en bois pour une bonne conservation des accessoires<\/h2>\n<p>Pr\u00e9sent\u00e9 dans une bo\u00eete-cadeau en bois chic, ce service de verres \u00e0 whisky est une pi\u00e8ce que tout amateur de whisky aura du plaisir \u00e0 avoir dans sa collection. Mieux, cette bo\u00eete-cadeau, en plus d\u2019\u00eatre joli, permet de bien conserver les accessoires, verres et carafe, et de les pr\u00e9server de la poussi\u00e8re.<\/p>\n","protected":false},"excerpt":{"rendered":"<p>Sublimez votre exp\u00e9rience de d\u00e9gustation avec ce service de verres \u00e0 whisky en cristal, une parure magnifique pour tout amateur de spiritueux. Chaque pi\u00e8ce est con\u00e7ue pour offrir beaut\u00e9 et fonctionnalit\u00e9 \u00e0 votre collection de bar.<\/p>\n","protected":false},"featured_media":2244,"comment_status":"open","ping_status":"closed","template":"","meta":{"site-sidebar-layout":"default","site-content-layout":"","ast-site-content-layout":"default","site-content-style":"default","site-sidebar-style":"default","ast-global-header-display":"","ast-banner-title-visibility":"","ast-main-header-display":"","ast-hfb-above-header-display":"","ast-hfb-below-header-display":"","ast-hfb-mobile-header-display":"","site-post-title":"","ast-breadcrumbs-content":"","ast-featured-img":"","footer-sml-layout":"","ast-disable-related-posts":"","theme-transparent-header-meta":"default","adv-header-id-meta":"","stick-header-meta":"default","header-above-stick-meta":"","header-main-stick-meta":"","header-below-stick-meta":"","astra-migrate-meta-layouts":"set","ast-page-background-enabled":"default","ast-page-background-meta":{"desktop":{"background-color":"","background-image":"","background-repeat":"repeat","background-position":"center center","background-size":"auto","background-attachment":"scroll","background-type":"","background-media":"","overlay-type":"","overlay-color":"","overlay-opacity":"","overlay-gradient":""},"tablet":{"background-color":"","background-image":"","background-repeat":"repeat","background-position":"center center","background-size":"auto","background-attachment":"scroll","background-type":"","background-media":"","overlay-type":"","overlay-color":"","overlay-opacity":"","overlay-gradient":""},"mobile":{"background-color":"","background-image":"","background-repeat":"repeat","background-position":"center center","background-size":"auto","background-attachment":"scroll","background-type":"","background-media":"","overlay-type":"","overlay-color":"","overlay-opacity":"","overlay-gradient":""}},"ast-content-background-meta":{"desktop":{"background-color":"var(--ast-global-color-5)","background-image":"","background-repeat":"repeat","background-position":"center center","background-size":"auto","background-attachment":"scroll","background-type":"","background-media":"","overlay-type":"","overlay-color":"","overlay-opacity":"","overlay-gradient":""},"tablet":{"background-color":"var(--ast-global-color-5)","background-image":"","background-repeat":"repeat","background-position":"center center","background-size":"auto","background-attachment":"scroll","background-type":"","background-media":"","overlay-type":"","overlay-color":"","overlay-opacity":"","overlay-gradient":""},"mobile":{"background-color":"var(--ast-global-color-5)","background-image":"","background-repeat":"repeat","background-position":"center center","background-size":"auto","background-attachment":"scroll","background-type":"","background-media":"","overlay-type":"","overlay-color":"","overlay-opacity":"","overlay-gradient":""}}},"product_brand":[],"product_cat":[85,81],"product_tag":[],"class_list":{"0":"post-2243","1":"product","2":"type-product","3":"status-publish","4":"has-post-thumbnail","6":"product_cat-tumbler","7":"product_cat-verres-a-whisky","8":"desktop-align-left","9":"tablet-align-left","10":"mobile-align-left","11":"ast-product-gallery-layout-horizontal","12":"ast-magnify-disabled","13":"ast-product-tabs-layout-accordion","15":"first","16":"instock","17":"taxable","18":"shipping-taxable","19":"purchasable","20":"product-type-simple"},"_links":{"self":[{"href":"https:\/\/lejournalduwhisky.com\/boutique\/wp-json\/wp\/v2\/product\/2243","targetHints":{"allow":["GET"]}}],"collection":[{"href":"https:\/\/lejournalduwhisky.com\/boutique\/wp-json\/wp\/v2\/product"}],"about":[{"href":"https:\/\/lejournalduwhisky.com\/boutique\/wp-json\/wp\/v2\/types\/product"}],"replies":[{"embeddable":true,"href":"https:\/\/lejournalduwhisky.com\/boutique\/wp-json\/wp\/v2\/comments?post=2243"}],"wp:featuredmedia":[{"embeddable":true,"href":"https:\/\/lejournalduwhisky.com\/boutique\/wp-json\/wp\/v2\/media\/2244"}],"wp:attachment":[{"href":"https:\/\/lejournalduwhisky.com\/boutique\/wp-json\/wp\/v2\/media?parent=2243"}],"wp:term":[{"taxonomy":"product_brand","embeddable":true,"href":"https:\/\/lejournalduwhisky.com\/boutique\/wp-json\/wp\/v2\/product_brand?post=2243"},{"taxonomy":"product_cat","embeddable":true,"href":"https:\/\/lejournalduwhisky.com\/boutique\/wp-json\/wp\/v2\/product_cat?post=2243"},{"taxonomy":"product_tag","embeddable":true,"href":"https:\/\/lejournalduwhisky.com\/boutique\/wp-json\/wp\/v2\/product_tag?post=2243"}],"curies":[{"name":"wp","href":"https:\/\/api.w.org\/{rel}","templated":true}]}}