{"id":2223,"date":"2024-05-04T07:17:31","date_gmt":"2024-05-04T05:17:31","guid":{"rendered":"https:\/\/lejournalduwhisky.com\/boutique\/?post_type=product&#038;p=2223"},"modified":"2024-05-04T07:17:31","modified_gmt":"2024-05-04T05:17:31","slug":"verre-a-whisky-penche","status":"publish","type":"product","link":"https:\/\/lejournalduwhisky.com\/boutique\/products\/verre-a-whisky-penche\/","title":{"rendered":"Verre \u00e0 whisky pench\u00e9"},"content":{"rendered":"<h2>Verre \u00e0 whisky pench\u00e9 inspir\u00e9 de la tour de Pise<\/h2>\n<p>Le verre \u00e0 whisky pench\u00e9 pr\u00e9sente une conception ing\u00e9nieuse inspir\u00e9e par la c\u00e9l\u00e8bre tour pench\u00e9e de Pise, inclin\u00e9 \u00e0 un angle de 20 degr\u00e9s pour cr\u00e9er un effet visuel saisissant sans risque de renversement. Mieux, cet angle d\u2019inclinaison de 20 degr\u00e9s permet de valoriser davantage le whisky et de laisser l\u2019utilisateur profiter des ar\u00f4mes de sa boisson pour un plaisir optimis\u00e9 \u00e0 chaque d\u00e9gustation.<\/p>\n<h2>Verre borosilicate sans plomb<\/h2>\n<p>S\u00e9curit\u00e9 et durabilit\u00e9 sont \u00e0 l&#8217;avant-plan avec ce verre \u00e0 whisky pench\u00e9, fait de verre borosilicate sans plomb. Ce mat\u00e9riau est r\u00e9put\u00e9 pour sa r\u00e9sistance \u00e0 la chaleur et sa durabilit\u00e9, rendant le verre parfait pour une utilisation quotidienne ou lors d&#8217;\u00e9v\u00e9nements sp\u00e9ciaux. Le verre borosilicate est \u00e9galement hygi\u00e9nique, facile \u00e0 nettoyer, et maintient l&#8217;int\u00e9grit\u00e9 des saveurs de vos boissons pr\u00e9f\u00e9r\u00e9es pour vous assurer une d\u00e9gustation pure et s\u00fbre chaque fois.<\/p>\n<h2>Une pi\u00e8ce fabriqu\u00e9e \u00e0 la main, le compl\u00e9ment parfait de votre collection<\/h2>\n<p>Fabriqu\u00e9 \u00e0 la main par des artisans qualifi\u00e9s, ce verre \u00e0 whisky pench\u00e9 est une \u0153uvre d&#8217;art, t\u00e9moignant de la complexit\u00e9 et de la pr\u00e9cision du processus de fabrication. Plus qu\u2019un simple verre, cette pi\u00e8ce ajoutera de la classe et de la curiosit\u00e9 \u00e0 votre bar ou table. C\u2019est le cadeau id\u00e9al pour ceux qui d\u00e9sirent associer design unique et fonctionnalit\u00e9 d\u2019un verre \u00e0 whisky. Vous pouvez vous l\u2019offrir tout comme vous pouvez l\u2019offrir \u00e0 un proche pour des occasions comme les anniversaires, les promotions, les pendaisons de cr\u00e9maill\u00e8re, ou m\u00eame comme un cadeau de remerciement.<\/p>\n","protected":false},"excerpt":{"rendered":"<p>Ajoutez une touche d&#8217;originalit\u00e9 \u00e0 votre collection avec le verre \u00e0 whisky pench\u00e9, inspir\u00e9 par l&#8217;architecture embl\u00e9matique de la tour de Pise. Ce verre combine un design audacieux avec une fonctionnalit\u00e9 surprenante, il saura offrir \u00e0 son utilisateur une exp\u00e9rience de d\u00e9gustation unique. Il est parfait pour cadeau ou usage personnel.<\/p>\n","protected":false},"featured_media":2225,"comment_status":"open","ping_status":"closed","template":"","meta":{"site-sidebar-layout":"default","site-content-layout":"","ast-site-content-layout":"default","site-content-style":"default","site-sidebar-style":"default","ast-global-header-display":"","ast-banner-title-visibility":"","ast-main-header-display":"","ast-hfb-above-header-display":"","ast-hfb-below-header-display":"","ast-hfb-mobile-header-display":"","site-post-title":"","ast-breadcrumbs-content":"","ast-featured-img":"","footer-sml-layout":"","ast-disable-related-posts":"","theme-transparent-header-meta":"default","adv-header-id-meta":"","stick-header-meta":"default","header-above-stick-meta":"","header-main-stick-meta":"","header-below-stick-meta":"","astra-migrate-meta-layouts":"set","ast-page-background-enabled":"default","ast-page-background-meta":{"desktop":{"background-color":"","background-image":"","background-repeat":"repeat","background-position":"center center","background-size":"auto","background-attachment":"scroll","background-type":"","background-media":"","overlay-type":"","overlay-color":"","overlay-opacity":"","overlay-gradient":""},"tablet":{"background-color":"","background-image":"","background-repeat":"repeat","background-position":"center center","background-size":"auto","background-attachment":"scroll","background-type":"","background-media":"","overlay-type":"","overlay-color":"","overlay-opacity":"","overlay-gradient":""},"mobile":{"background-color":"","background-image":"","background-repeat":"repeat","background-position":"center center","background-size":"auto","background-attachment":"scroll","background-type":"","background-media":"","overlay-type":"","overlay-color":"","overlay-opacity":"","overlay-gradient":""}},"ast-content-background-meta":{"desktop":{"background-color":"var(--ast-global-color-5)","background-image":"","background-repeat":"repeat","background-position":"center center","background-size":"auto","background-attachment":"scroll","background-type":"","background-media":"","overlay-type":"","overlay-color":"","overlay-opacity":"","overlay-gradient":""},"tablet":{"background-color":"var(--ast-global-color-5)","background-image":"","background-repeat":"repeat","background-position":"center center","background-size":"auto","background-attachment":"scroll","background-type":"","background-media":"","overlay-type":"","overlay-color":"","overlay-opacity":"","overlay-gradient":""},"mobile":{"background-color":"var(--ast-global-color-5)","background-image":"","background-repeat":"repeat","background-position":"center center","background-size":"auto","background-attachment":"scroll","background-type":"","background-media":"","overlay-type":"","overlay-color":"","overlay-opacity":"","overlay-gradient":""}}},"product_brand":[],"product_cat":[85,81],"product_tag":[],"class_list":{"0":"post-2223","1":"product","2":"type-product","3":"status-publish","4":"has-post-thumbnail","6":"product_cat-tumbler","7":"product_cat-verres-a-whisky","8":"desktop-align-left","9":"tablet-align-left","10":"mobile-align-left","11":"ast-product-gallery-layout-horizontal","12":"ast-magnify-disabled","13":"ast-product-tabs-layout-accordion","15":"first","16":"instock","17":"taxable","18":"shipping-taxable","19":"purchasable","20":"product-type-simple"},"_links":{"self":[{"href":"https:\/\/lejournalduwhisky.com\/boutique\/wp-json\/wp\/v2\/product\/2223","targetHints":{"allow":["GET"]}}],"collection":[{"href":"https:\/\/lejournalduwhisky.com\/boutique\/wp-json\/wp\/v2\/product"}],"about":[{"href":"https:\/\/lejournalduwhisky.com\/boutique\/wp-json\/wp\/v2\/types\/product"}],"replies":[{"embeddable":true,"href":"https:\/\/lejournalduwhisky.com\/boutique\/wp-json\/wp\/v2\/comments?post=2223"}],"wp:featuredmedia":[{"embeddable":true,"href":"https:\/\/lejournalduwhisky.com\/boutique\/wp-json\/wp\/v2\/media\/2225"}],"wp:attachment":[{"href":"https:\/\/lejournalduwhisky.com\/boutique\/wp-json\/wp\/v2\/media?parent=2223"}],"wp:term":[{"taxonomy":"product_brand","embeddable":true,"href":"https:\/\/lejournalduwhisky.com\/boutique\/wp-json\/wp\/v2\/product_brand?post=2223"},{"taxonomy":"product_cat","embeddable":true,"href":"https:\/\/lejournalduwhisky.com\/boutique\/wp-json\/wp\/v2\/product_cat?post=2223"},{"taxonomy":"product_tag","embeddable":true,"href":"https:\/\/lejournalduwhisky.com\/boutique\/wp-json\/wp\/v2\/product_tag?post=2223"}],"curies":[{"name":"wp","href":"https:\/\/api.w.org\/{rel}","templated":true}]}}