{"id":2185,"date":"2024-05-04T05:20:18","date_gmt":"2024-05-04T03:20:18","guid":{"rendered":"https:\/\/lejournalduwhisky.com\/boutique\/?post_type=product&#038;p=2185"},"modified":"2024-05-04T05:20:18","modified_gmt":"2024-05-04T03:20:18","slug":"verre-a-whisky-carre","status":"publish","type":"product","link":"https:\/\/lejournalduwhisky.com\/boutique\/products\/verre-a-whisky-carre\/","title":{"rendered":"Verre \u00e0 whisky carr\u00e9"},"content":{"rendered":"<h2>Verre \u00e0 whisky carr\u00e9 \u00e9pais difficile \u00e0 casser<\/h2>\n<p>Le Verre \u00e0 whisky carr\u00e9 est tout \u00e0 fait capable de r\u00e9sister \u00e0 l\u2019\u00e9preuve du temps. Sa conception repose en effet sur des mat\u00e9riaux de qualit\u00e9, ce qui permet d\u2019obtenir un verre \u00e9pais et durable. Cette construction robuste minimise le risque de casse et assure une stabilit\u00e9 accrue, m\u00eame lors des toasts les plus enthousiastes. Au quotidien ou lors d\u2019\u00e9v\u00e9nements sp\u00e9ciaux, ce verre maintient son \u00e9clat et sa clart\u00e9, vous n\u2019aurez donc aucun mal \u00e0 profiter de vos boissons pr\u00e9f\u00e9r\u00e9es ann\u00e9e apr\u00e8s ann\u00e9e.<\/p>\n<h2>Verre \u00e0 l\u2019ancienne id\u00e9al pour les fins connaisseurs<\/h2>\n<p>Pour les f\u00e9rus du style \u00e0 l\u2019ancienne, ce verre \u00e0 whisky est l\u2019accessoire \u00e0 avoir dans sa collection. Le fabricant a su parfaitement combiner style ancien et modernit\u00e9 pour concevoir un verre qui s\u00e9duit visuellement tous les connaisseurs de spiritueux. Que ce soit \u00e0 titre personnel ou professionnel, ce verre comblera \u00e0 coup s\u00fbr vos attentes.<\/p>\n<h2>Pour un plaisir optimis\u00e9 \u00e0 chaque d\u00e9gustation<\/h2>\n<p>Avec une capacit\u00e9 de 235 ml, ce verre carr\u00e9 est l\u2019alli\u00e9 parfait pour les amateurs de whisky. Il offre \u00e0 chaque utilisateur la possibilit\u00e9 de d\u00e9guster d\u00e9licatement et avec un maximum de plaisir son whisky pr\u00e9f\u00e9r\u00e9. Ajoutez de l\u2019originalit\u00e9 \u00e0 votre table et optimisez votre plaisir en pr\u00e9f\u00e9rant ce verre \u00e0 whisky \u00e0 bien d\u2019autres disponibles sur le march\u00e9.<\/p>\n","protected":false},"excerpt":{"rendered":"<p>Ce Verre \u00e0 whisky carr\u00e9 est un accessoire qui se distingue par un design magnifique et une bonne solidit\u00e9 pour une utilisation durable. Il garantit une d\u00e9gustation idyllique \u00e0 chaque gorg\u00e9e de whisky et de plusieurs autres types de boissons.<\/p>\n","protected":false},"featured_media":2186,"comment_status":"open","ping_status":"closed","template":"","meta":{"site-sidebar-layout":"default","site-content-layout":"","ast-site-content-layout":"default","site-content-style":"default","site-sidebar-style":"default","ast-global-header-display":"","ast-banner-title-visibility":"","ast-main-header-display":"","ast-hfb-above-header-display":"","ast-hfb-below-header-display":"","ast-hfb-mobile-header-display":"","site-post-title":"","ast-breadcrumbs-content":"","ast-featured-img":"","footer-sml-layout":"","ast-disable-related-posts":"","theme-transparent-header-meta":"default","adv-header-id-meta":"","stick-header-meta":"default","header-above-stick-meta":"","header-main-stick-meta":"","header-below-stick-meta":"","astra-migrate-meta-layouts":"set","ast-page-background-enabled":"default","ast-page-background-meta":{"desktop":{"background-color":"","background-image":"","background-repeat":"repeat","background-position":"center center","background-size":"auto","background-attachment":"scroll","background-type":"","background-media":"","overlay-type":"","overlay-color":"","overlay-opacity":"","overlay-gradient":""},"tablet":{"background-color":"","background-image":"","background-repeat":"repeat","background-position":"center center","background-size":"auto","background-attachment":"scroll","background-type":"","background-media":"","overlay-type":"","overlay-color":"","overlay-opacity":"","overlay-gradient":""},"mobile":{"background-color":"","background-image":"","background-repeat":"repeat","background-position":"center center","background-size":"auto","background-attachment":"scroll","background-type":"","background-media":"","overlay-type":"","overlay-color":"","overlay-opacity":"","overlay-gradient":""}},"ast-content-background-meta":{"desktop":{"background-color":"var(--ast-global-color-5)","background-image":"","background-repeat":"repeat","background-position":"center center","background-size":"auto","background-attachment":"scroll","background-type":"","background-media":"","overlay-type":"","overlay-color":"","overlay-opacity":"","overlay-gradient":""},"tablet":{"background-color":"var(--ast-global-color-5)","background-image":"","background-repeat":"repeat","background-position":"center center","background-size":"auto","background-attachment":"scroll","background-type":"","background-media":"","overlay-type":"","overlay-color":"","overlay-opacity":"","overlay-gradient":""},"mobile":{"background-color":"var(--ast-global-color-5)","background-image":"","background-repeat":"repeat","background-position":"center center","background-size":"auto","background-attachment":"scroll","background-type":"","background-media":"","overlay-type":"","overlay-color":"","overlay-opacity":"","overlay-gradient":""}}},"product_brand":[],"product_cat":[85,81],"product_tag":[],"class_list":{"0":"post-2185","1":"product","2":"type-product","3":"status-publish","4":"has-post-thumbnail","6":"product_cat-tumbler","7":"product_cat-verres-a-whisky","8":"desktop-align-left","9":"tablet-align-left","10":"mobile-align-left","11":"ast-product-gallery-layout-horizontal","12":"ast-magnify-disabled","13":"ast-product-tabs-layout-accordion","15":"first","16":"instock","17":"taxable","18":"shipping-taxable","19":"purchasable","20":"product-type-simple"},"_links":{"self":[{"href":"https:\/\/lejournalduwhisky.com\/boutique\/wp-json\/wp\/v2\/product\/2185","targetHints":{"allow":["GET"]}}],"collection":[{"href":"https:\/\/lejournalduwhisky.com\/boutique\/wp-json\/wp\/v2\/product"}],"about":[{"href":"https:\/\/lejournalduwhisky.com\/boutique\/wp-json\/wp\/v2\/types\/product"}],"replies":[{"embeddable":true,"href":"https:\/\/lejournalduwhisky.com\/boutique\/wp-json\/wp\/v2\/comments?post=2185"}],"wp:featuredmedia":[{"embeddable":true,"href":"https:\/\/lejournalduwhisky.com\/boutique\/wp-json\/wp\/v2\/media\/2186"}],"wp:attachment":[{"href":"https:\/\/lejournalduwhisky.com\/boutique\/wp-json\/wp\/v2\/media?parent=2185"}],"wp:term":[{"taxonomy":"product_brand","embeddable":true,"href":"https:\/\/lejournalduwhisky.com\/boutique\/wp-json\/wp\/v2\/product_brand?post=2185"},{"taxonomy":"product_cat","embeddable":true,"href":"https:\/\/lejournalduwhisky.com\/boutique\/wp-json\/wp\/v2\/product_cat?post=2185"},{"taxonomy":"product_tag","embeddable":true,"href":"https:\/\/lejournalduwhisky.com\/boutique\/wp-json\/wp\/v2\/product_tag?post=2185"}],"curies":[{"name":"wp","href":"https:\/\/api.w.org\/{rel}","templated":true}]}}