{"id":2163,"date":"2024-05-02T21:02:11","date_gmt":"2024-05-02T19:02:11","guid":{"rendered":"https:\/\/lejournalduwhisky.com\/boutique\/?post_type=product&#038;p=2163"},"modified":"2026-02-25T03:53:04","modified_gmt":"2026-02-25T02:53:04","slug":"verre-a-whisky-nippon-seido","status":"publish","type":"product","link":"https:\/\/lejournalduwhisky.com\/boutique\/products\/verre-a-whisky-nippon-seido\/","title":{"rendered":"Verre \u00e0 whisky Nippon Seid\u014d"},"content":{"rendered":"<h2>Style cr\u00e9atif et design<\/h2>\n<p>Le Verre \u00e0 whisky Nippon Seid\u014d b\u00e9n\u00e9ficie d&#8217;un design qui ne manque pas d&#8217;attirer l&#8217;attention. Mieux, ce design cr\u00e9atif enrichit \u00e9galement l&#8217;exp\u00e9rience de d\u00e9gustation. Fabriqu\u00e9 en verre \u00e9pais, il offre une excellente adh\u00e9rence et durabilit\u00e9, tout en mettant en avant la richesse et la complexit\u00e9 de votre boisson pr\u00e9f\u00e9r\u00e9e.<\/p>\n<h2>Un verre \u00e0 whisky utile \u00e0 diverses occasions<\/h2>\n<p>Le Verre \u00e0 whisky Nippon Seid\u014d se pr\u00eate \u00e0 une multitude d&#8217;occasions, allant de la d\u00e9gustation de whiskys fins \u00e0 la d\u00e9coration de tables lors de c\u00e9l\u00e9brations. Sa robustesse le rend id\u00e9al pour servir une vari\u00e9t\u00e9 de boissons, y compris le cognac XO, le brandy et les cocktails. Que ce soit pour une utilisation de chaque jour ou pour des \u00e9v\u00e9nements sp\u00e9ciaux, ce verre s\u2019adapte \u00e0 tout moment de convivialit\u00e9.<\/p>\n<h2>Le Verre \u00e0 whisky Nippon Seid\u014d, un accessoire \u00e0 avoir dans sa collection<\/h2>\n<p>Avec son style distinctif et ses diff\u00e9rentes possibilit\u00e9s dans le cadre de son utilisation, le Verre \u00e0 whisky Nippon Seid\u014d sera le bienvenu dans votre collection. Il est \u00e9galement le cadeau parfait pour ceux qui appr\u00e9cient le bon spiritueux et le design innovant. C&#8217;est un choix de cadeau id\u00e9al pour votre p\u00e8re, des a\u00een\u00e9s ou des amis. Pr\u00e9sent\u00e9 dans n&#8217;importe quelle occasion, il est s\u00fbr d&#8217;impressionner et de ravir.<\/p>\n","protected":false},"excerpt":{"rendered":"<p>D\u00e9couvrez le Verre \u00e0 whisky Nippon Seid\u014d, une fusion parfaite de style r\u00e9tro nordique et de fonctionnalit\u00e9 moderne. Avec son design unique, ce verre garantit le plein de plaisir \u00e0 chaque d\u00e9gustation de spiritueux.<\/p>\n","protected":false},"featured_media":2164,"comment_status":"open","ping_status":"closed","template":"","meta":{"site-sidebar-layout":"default","site-content-layout":"","ast-site-content-layout":"default","site-content-style":"default","site-sidebar-style":"default","ast-global-header-display":"","ast-banner-title-visibility":"","ast-main-header-display":"","ast-hfb-above-header-display":"","ast-hfb-below-header-display":"","ast-hfb-mobile-header-display":"","site-post-title":"","ast-breadcrumbs-content":"","ast-featured-img":"","footer-sml-layout":"","ast-disable-related-posts":"","theme-transparent-header-meta":"default","adv-header-id-meta":"","stick-header-meta":"default","header-above-stick-meta":"","header-main-stick-meta":"","header-below-stick-meta":"","astra-migrate-meta-layouts":"set","ast-page-background-enabled":"default","ast-page-background-meta":{"desktop":{"background-color":"","background-image":"","background-repeat":"repeat","background-position":"center center","background-size":"auto","background-attachment":"scroll","background-type":"","background-media":"","overlay-type":"","overlay-color":"","overlay-opacity":"","overlay-gradient":""},"tablet":{"background-color":"","background-image":"","background-repeat":"repeat","background-position":"center center","background-size":"auto","background-attachment":"scroll","background-type":"","background-media":"","overlay-type":"","overlay-color":"","overlay-opacity":"","overlay-gradient":""},"mobile":{"background-color":"","background-image":"","background-repeat":"repeat","background-position":"center center","background-size":"auto","background-attachment":"scroll","background-type":"","background-media":"","overlay-type":"","overlay-color":"","overlay-opacity":"","overlay-gradient":""}},"ast-content-background-meta":{"desktop":{"background-color":"var(--ast-global-color-5)","background-image":"","background-repeat":"repeat","background-position":"center center","background-size":"auto","background-attachment":"scroll","background-type":"","background-media":"","overlay-type":"","overlay-color":"","overlay-opacity":"","overlay-gradient":""},"tablet":{"background-color":"var(--ast-global-color-5)","background-image":"","background-repeat":"repeat","background-position":"center center","background-size":"auto","background-attachment":"scroll","background-type":"","background-media":"","overlay-type":"","overlay-color":"","overlay-opacity":"","overlay-gradient":""},"mobile":{"background-color":"var(--ast-global-color-5)","background-image":"","background-repeat":"repeat","background-position":"center center","background-size":"auto","background-attachment":"scroll","background-type":"","background-media":"","overlay-type":"","overlay-color":"","overlay-opacity":"","overlay-gradient":""}}},"product_brand":[],"product_cat":[84,81],"product_tag":[],"class_list":{"0":"post-2163","1":"product","2":"type-product","3":"status-publish","4":"has-post-thumbnail","6":"product_cat-japonais","7":"product_cat-verres-a-whisky","8":"desktop-align-left","9":"tablet-align-left","10":"mobile-align-left","11":"ast-product-gallery-layout-horizontal","12":"ast-magnify-disabled","13":"ast-product-tabs-layout-accordion","15":"first","16":"instock","17":"taxable","18":"shipping-taxable","19":"purchasable","20":"product-type-simple"},"_links":{"self":[{"href":"https:\/\/lejournalduwhisky.com\/boutique\/wp-json\/wp\/v2\/product\/2163","targetHints":{"allow":["GET"]}}],"collection":[{"href":"https:\/\/lejournalduwhisky.com\/boutique\/wp-json\/wp\/v2\/product"}],"about":[{"href":"https:\/\/lejournalduwhisky.com\/boutique\/wp-json\/wp\/v2\/types\/product"}],"replies":[{"embeddable":true,"href":"https:\/\/lejournalduwhisky.com\/boutique\/wp-json\/wp\/v2\/comments?post=2163"}],"wp:featuredmedia":[{"embeddable":true,"href":"https:\/\/lejournalduwhisky.com\/boutique\/wp-json\/wp\/v2\/media\/2164"}],"wp:attachment":[{"href":"https:\/\/lejournalduwhisky.com\/boutique\/wp-json\/wp\/v2\/media?parent=2163"}],"wp:term":[{"taxonomy":"product_brand","embeddable":true,"href":"https:\/\/lejournalduwhisky.com\/boutique\/wp-json\/wp\/v2\/product_brand?post=2163"},{"taxonomy":"product_cat","embeddable":true,"href":"https:\/\/lejournalduwhisky.com\/boutique\/wp-json\/wp\/v2\/product_cat?post=2163"},{"taxonomy":"product_tag","embeddable":true,"href":"https:\/\/lejournalduwhisky.com\/boutique\/wp-json\/wp\/v2\/product_tag?post=2163"}],"curies":[{"name":"wp","href":"https:\/\/api.w.org\/{rel}","templated":true}]}}