{"id":2150,"date":"2024-05-02T19:59:10","date_gmt":"2024-05-02T17:59:10","guid":{"rendered":"https:\/\/lejournalduwhisky.com\/boutique\/?post_type=product&#038;p=2150"},"modified":"2024-05-02T19:59:10","modified_gmt":"2024-05-02T17:59:10","slug":"verre-a-whisky-samourai-shinobi","status":"publish","type":"product","link":"https:\/\/lejournalduwhisky.com\/boutique\/products\/verre-a-whisky-samourai-shinobi\/","title":{"rendered":"Verre \u00e0 whisky Samoura\u00ef Shinobi"},"content":{"rendered":"<h2>Un verre japonais au style artistique nordique<\/h2>\n<p>Le verre \u00e0 whisky Samoura\u00ef Shinobi transcende la simple fonctionnalit\u00e9 pour devenir une v\u00e9ritable \u0153uvre d&#8217;art. Inspir\u00e9 par les formes robustes et \u00e9pur\u00e9es du design nordique, ce verre affiche un design de roche glac\u00e9e qui captivera votre regard. Chaque pi\u00e8ce refl\u00e8te un engagement envers l&#8217;art visuel, ce qui fait de chaque d\u00e9gustation un moment sp\u00e9cial. Cet accessoire ajoutera une dimension artistique \u00e0 votre collection de verres \u00e0 whisky.<\/p>\n<h2>Une fabrication sur la base de mat\u00e9riaux de qualit\u00e9<\/h2>\n<p>Fabriqu\u00e9 \u00e0 partir de cristal sans plomb, le verre \u00e0 whisky Samoura\u00ef Shinobi offre une clart\u00e9 impeccable et la s\u00e9curit\u00e9 de savoir que votre boisson est servie dans un mat\u00e9riau sain. Le verre \u00e9pais garantit une durabilit\u00e9 accrue et une excellente isolation pour garder votre whisky \u00e0 la temp\u00e9rature id\u00e9ale plus longtemps. De ce fait, vous pouvez profiter d\u2019une exp\u00e9rience de d\u00e9gustation agr\u00e9able, laquelle met en avant les ar\u00f4mes et les saveurs de votre whisky ou autre spiritueux.<\/p>\n<h2>Diff\u00e9rentes utilisations possibles<\/h2>\n<p>Le verre Samoura\u00ef Shinobi n&#8217;est pas limit\u00e9 au whisky, il est parfaitement adapt\u00e9 pour une vari\u00e9t\u00e9 de spiritueux, y compris le cognac, le brandy, la vodka, etc. Sa robustesse et son design chic en font un choix id\u00e9al pour tout, des \u00e9v\u00e9nements formels aux d\u00e9gustations intimes \u00e0 la maison. C&#8217;est \u00e9galement un excellent verre pour savourer des vins fins.<\/p>\n","protected":false},"excerpt":{"rendered":"<p>Plongez dans le raffinement du verre \u00e0 whisky Samoura\u00ef Shinobi, o\u00f9 chaque d\u00e9tail \u00e9voque la finesse des techniques artisanales scandinaves et japonaises. Ce verre n&#8217;est pas seulement un r\u00e9cipient, c&#8217;est une c\u00e9l\u00e9bration de l&#8217;art de la d\u00e9gustation.<\/p>\n","protected":false},"featured_media":2151,"comment_status":"open","ping_status":"closed","template":"","meta":{"site-sidebar-layout":"default","site-content-layout":"","ast-site-content-layout":"default","site-content-style":"default","site-sidebar-style":"default","ast-global-header-display":"","ast-banner-title-visibility":"","ast-main-header-display":"","ast-hfb-above-header-display":"","ast-hfb-below-header-display":"","ast-hfb-mobile-header-display":"","site-post-title":"","ast-breadcrumbs-content":"","ast-featured-img":"","footer-sml-layout":"","ast-disable-related-posts":"","theme-transparent-header-meta":"default","adv-header-id-meta":"","stick-header-meta":"default","header-above-stick-meta":"","header-main-stick-meta":"","header-below-stick-meta":"","astra-migrate-meta-layouts":"set","ast-page-background-enabled":"default","ast-page-background-meta":{"desktop":{"background-color":"","background-image":"","background-repeat":"repeat","background-position":"center center","background-size":"auto","background-attachment":"scroll","background-type":"","background-media":"","overlay-type":"","overlay-color":"","overlay-opacity":"","overlay-gradient":""},"tablet":{"background-color":"","background-image":"","background-repeat":"repeat","background-position":"center center","background-size":"auto","background-attachment":"scroll","background-type":"","background-media":"","overlay-type":"","overlay-color":"","overlay-opacity":"","overlay-gradient":""},"mobile":{"background-color":"","background-image":"","background-repeat":"repeat","background-position":"center center","background-size":"auto","background-attachment":"scroll","background-type":"","background-media":"","overlay-type":"","overlay-color":"","overlay-opacity":"","overlay-gradient":""}},"ast-content-background-meta":{"desktop":{"background-color":"var(--ast-global-color-5)","background-image":"","background-repeat":"repeat","background-position":"center center","background-size":"auto","background-attachment":"scroll","background-type":"","background-media":"","overlay-type":"","overlay-color":"","overlay-opacity":"","overlay-gradient":""},"tablet":{"background-color":"var(--ast-global-color-5)","background-image":"","background-repeat":"repeat","background-position":"center center","background-size":"auto","background-attachment":"scroll","background-type":"","background-media":"","overlay-type":"","overlay-color":"","overlay-opacity":"","overlay-gradient":""},"mobile":{"background-color":"var(--ast-global-color-5)","background-image":"","background-repeat":"repeat","background-position":"center center","background-size":"auto","background-attachment":"scroll","background-type":"","background-media":"","overlay-type":"","overlay-color":"","overlay-opacity":"","overlay-gradient":""}}},"product_brand":[],"product_cat":[84,81],"product_tag":[],"class_list":{"0":"post-2150","1":"product","2":"type-product","3":"status-publish","4":"has-post-thumbnail","6":"product_cat-japonais","7":"product_cat-verres-a-whisky","8":"desktop-align-left","9":"tablet-align-left","10":"mobile-align-left","11":"ast-product-gallery-layout-horizontal","12":"ast-magnify-disabled","13":"ast-product-tabs-layout-accordion","15":"first","16":"instock","17":"taxable","18":"shipping-taxable","19":"purchasable","20":"product-type-simple"},"_links":{"self":[{"href":"https:\/\/lejournalduwhisky.com\/boutique\/wp-json\/wp\/v2\/product\/2150","targetHints":{"allow":["GET"]}}],"collection":[{"href":"https:\/\/lejournalduwhisky.com\/boutique\/wp-json\/wp\/v2\/product"}],"about":[{"href":"https:\/\/lejournalduwhisky.com\/boutique\/wp-json\/wp\/v2\/types\/product"}],"replies":[{"embeddable":true,"href":"https:\/\/lejournalduwhisky.com\/boutique\/wp-json\/wp\/v2\/comments?post=2150"}],"wp:featuredmedia":[{"embeddable":true,"href":"https:\/\/lejournalduwhisky.com\/boutique\/wp-json\/wp\/v2\/media\/2151"}],"wp:attachment":[{"href":"https:\/\/lejournalduwhisky.com\/boutique\/wp-json\/wp\/v2\/media?parent=2150"}],"wp:term":[{"taxonomy":"product_brand","embeddable":true,"href":"https:\/\/lejournalduwhisky.com\/boutique\/wp-json\/wp\/v2\/product_brand?post=2150"},{"taxonomy":"product_cat","embeddable":true,"href":"https:\/\/lejournalduwhisky.com\/boutique\/wp-json\/wp\/v2\/product_cat?post=2150"},{"taxonomy":"product_tag","embeddable":true,"href":"https:\/\/lejournalduwhisky.com\/boutique\/wp-json\/wp\/v2\/product_tag?post=2150"}],"curies":[{"name":"wp","href":"https:\/\/api.w.org\/{rel}","templated":true}]}}