{"id":1171,"date":"2023-07-15T21:34:00","date_gmt":"2023-07-15T19:34:00","guid":{"rendered":"https:\/\/lejournalduwhisky.com\/?post_type=product&#038;p=1171"},"modified":"2024-04-11T13:19:23","modified_gmt":"2024-04-11T11:19:23","slug":"verre-ballon","status":"publish","type":"product","link":"https:\/\/lejournalduwhisky.com\/boutique\/products\/verre-ballon\/","title":{"rendered":"Verre \u00e0 whisky de d\u00e9gustation ballon"},"content":{"rendered":"<p>Si vous cherchez \u00e0 d\u00e9guster un whisky efficacement, ce verre ballon sera votre meilleur alli\u00e9. Moins intense qu&#8217;un verre tulipe, il permettra de r\u00e9v\u00e9ler des ar\u00f4mes un peu plus subtilement. La forme du verre ressemble \u00e0 celle du classique\u00a0<a href=\"https:\/\/lejournalduwhisky.com\/boutique\/products\/verre-degustation-pied\/\">verre \u00e0 whisky de d\u00e9gustation \u00e0 pied<\/a>.<\/p>\n<p>La diff\u00e9rence majeure entre un verre \u00e0 whisky tulipe et ce verre \u00e0 whisky ballon est que la base et le col de ce verre ne font qu&#8217;un. En effet la base se resserre petit \u00e0 petit jusqu&#8217;\u00e0 la sortie.<\/p>\n","protected":false},"excerpt":{"rendered":"<section id=\"shopify-section-template--16494701117704__main\" class=\"shopify-section section\">\n<section id=\"MainProduct-template--16494701117704__main\" class=\"page-width section-template--16494701117704__main-padding\" data-section=\"template--16494701117704__main\">\n<div class=\"product product--medium product--left product--thumbnail_slider product--mobile-show grid grid--1-col grid--2-col-tablet\">\n<div class=\"product__info-wrapper grid__item\">\n<div id=\"ProductInfo-template--16494701117704__main\" class=\"product__info-container product__info-container--sticky\">\n<div id=\"shopify-block-bd24f8ad-8956-417b-8786-650f97ffa6f9\" class=\"shopify-block shopify-app-block\">\n<div id=\"apd-root\">\n<section class=\"apd-tab apd-content apd-active\">Ce verre \u00e0 whisky de d\u00e9gustation tient son influence des verres \u00e0 d\u00e9gustation pour le cognac avec sa forme en ballon, petit mais tr\u00e8s efficace.<\/section>\n<\/div>\n<\/div>\n<\/div>\n<\/div>\n<\/div>\n<\/section>\n<\/section>\n","protected":false},"featured_media":1475,"comment_status":"open","ping_status":"closed","template":"","meta":{"site-sidebar-layout":"default","site-content-layout":"","ast-site-content-layout":"default","site-content-style":"default","site-sidebar-style":"default","ast-global-header-display":"","ast-banner-title-visibility":"","ast-main-header-display":"","ast-hfb-above-header-display":"","ast-hfb-below-header-display":"","ast-hfb-mobile-header-display":"","site-post-title":"","ast-breadcrumbs-content":"","ast-featured-img":"","footer-sml-layout":"","ast-disable-related-posts":"","theme-transparent-header-meta":"default","adv-header-id-meta":"","stick-header-meta":"default","header-above-stick-meta":"","header-main-stick-meta":"","header-below-stick-meta":"","astra-migrate-meta-layouts":"set","ast-page-background-enabled":"default","ast-page-background-meta":{"desktop":{"background-color":"","background-image":"","background-repeat":"repeat","background-position":"center center","background-size":"auto","background-attachment":"scroll","background-type":"","background-media":"","overlay-type":"","overlay-color":"","overlay-opacity":"","overlay-gradient":""},"tablet":{"background-color":"","background-image":"","background-repeat":"repeat","background-position":"center center","background-size":"auto","background-attachment":"scroll","background-type":"","background-media":"","overlay-type":"","overlay-color":"","overlay-opacity":"","overlay-gradient":""},"mobile":{"background-color":"","background-image":"","background-repeat":"repeat","background-position":"center center","background-size":"auto","background-attachment":"scroll","background-type":"","background-media":"","overlay-type":"","overlay-color":"","overlay-opacity":"","overlay-gradient":""}},"ast-content-background-meta":{"desktop":{"background-color":"var(--ast-global-color-5)","background-image":"","background-repeat":"repeat","background-position":"center center","background-size":"auto","background-attachment":"scroll","background-type":"","background-media":"","overlay-type":"","overlay-color":"","overlay-opacity":"","overlay-gradient":""},"tablet":{"background-color":"var(--ast-global-color-5)","background-image":"","background-repeat":"repeat","background-position":"center center","background-size":"auto","background-attachment":"scroll","background-type":"","background-media":"","overlay-type":"","overlay-color":"","overlay-opacity":"","overlay-gradient":""},"mobile":{"background-color":"var(--ast-global-color-5)","background-image":"","background-repeat":"repeat","background-position":"center center","background-size":"auto","background-attachment":"scroll","background-type":"","background-media":"","overlay-type":"","overlay-color":"","overlay-opacity":"","overlay-gradient":""}}},"product_brand":[88],"product_cat":[81,86],"product_tag":[],"class_list":{"0":"post-1171","1":"product","2":"type-product","3":"status-publish","4":"has-post-thumbnail","6":"product_brand-le-journal-du-whisky","7":"product_cat-verres-a-whisky","8":"product_cat-degustation","9":"desktop-align-left","10":"tablet-align-left","11":"mobile-align-left","12":"ast-product-gallery-layout-horizontal","13":"ast-magnify-disabled","14":"ast-product-tabs-layout-accordion","16":"first","17":"instock","18":"taxable","19":"shipping-taxable","20":"purchasable","21":"product-type-simple"},"_links":{"self":[{"href":"https:\/\/lejournalduwhisky.com\/boutique\/wp-json\/wp\/v2\/product\/1171","targetHints":{"allow":["GET"]}}],"collection":[{"href":"https:\/\/lejournalduwhisky.com\/boutique\/wp-json\/wp\/v2\/product"}],"about":[{"href":"https:\/\/lejournalduwhisky.com\/boutique\/wp-json\/wp\/v2\/types\/product"}],"replies":[{"embeddable":true,"href":"https:\/\/lejournalduwhisky.com\/boutique\/wp-json\/wp\/v2\/comments?post=1171"}],"wp:featuredmedia":[{"embeddable":true,"href":"https:\/\/lejournalduwhisky.com\/boutique\/wp-json\/wp\/v2\/media\/1475"}],"wp:attachment":[{"href":"https:\/\/lejournalduwhisky.com\/boutique\/wp-json\/wp\/v2\/media?parent=1171"}],"wp:term":[{"taxonomy":"product_brand","embeddable":true,"href":"https:\/\/lejournalduwhisky.com\/boutique\/wp-json\/wp\/v2\/product_brand?post=1171"},{"taxonomy":"product_cat","embeddable":true,"href":"https:\/\/lejournalduwhisky.com\/boutique\/wp-json\/wp\/v2\/product_cat?post=1171"},{"taxonomy":"product_tag","embeddable":true,"href":"https:\/\/lejournalduwhisky.com\/boutique\/wp-json\/wp\/v2\/product_tag?post=1171"}],"curies":[{"name":"wp","href":"https:\/\/api.w.org\/{rel}","templated":true}]}}