{"id":1157,"date":"2023-07-15T21:11:36","date_gmt":"2023-07-15T19:11:36","guid":{"rendered":"https:\/\/lejournalduwhisky.com\/?post_type=product&#038;p=1157"},"modified":"2024-04-11T13:15:18","modified_gmt":"2024-04-11T11:15:18","slug":"verre-repose-cigare","status":"publish","type":"product","link":"https:\/\/lejournalduwhisky.com\/boutique\/products\/verre-repose-cigare\/","title":{"rendered":"Verre \u00e0 whisky tumbler repose cigare"},"content":{"rendered":"<h2>Le cadeau parfait pour un amateur de cigare et de whisky<\/h2>\n<p>On conna\u00eet tous cette personne qui ne jure que par le whisky et ne veut pas entendre parler d&#8217;autres alcools. Si vous pensez \u00e0 quelqu&#8217;un j&#8217;imagine que cette personne est \u00e9galement fan de cigare ! Ce n&#8217;est pas \u00e9tonnant car les qualit\u00e9s gustatives du whisky ressemblent \u00e0 celles du cigare : \u00e0 la fois complexes et caract\u00e9rielles. De plus, un verre \u00e0 whisky tumbler a tendance \u00e0 donner du charisme \u00e0 la personne qui l&#8217;utilise, avec un cigare c&#8217;est d&#8217;autant plus vrai. Rappelez-vous du dernier film de mafia que vous avez regard\u00e9, le patron utilisait tr\u00e8s s\u00fbrement ce combo ! Vous l&#8217;aurez compris, offrir ce cadeau \u00e0 un amateur de cigare et de whisky lui fera plus plaisir que n&#8217;importe quoi. Pour un verre procurant le m\u00eame effet pour quelqu&#8217;un qui n&#8217;est pas amateur de cigare nous conseillons le\u00a0<a href=\"https:\/\/lejournalduwhisky.com\/boutique\/products\/verre-ancien\/\">verre \u00e0 whisky ancien<\/a>.<\/p>\n<h2>Un verre pour le whisky, le cigare et plus encore&#8230;<\/h2>\n<p>Ce verre est con\u00e7u pour sa fonctionnalit\u00e9 repose cigare, mais il peut aussi accueillir des gla\u00e7ons ou des pierres \u00e0 whisky pour une d\u00e9gustation tr\u00e8s fra\u00eeche. Attention les gla\u00e7ons ne sont pas \u00e0 utiliser avec tous les whiskies, ils iront tr\u00e8s bien avec des whiskies comme le Cardhu 12 ans, le Jameson Irish Whiskey ou le Bushmills Triple Distilled.<\/p>\n","protected":false},"excerpt":{"rendered":"<section id=\"shopify-section-template--16494701117704__main\" class=\"shopify-section section\">\n<section id=\"MainProduct-template--16494701117704__main\" class=\"page-width section-template--16494701117704__main-padding\" data-section=\"template--16494701117704__main\">\n<div class=\"product product--medium product--left product--thumbnail_slider product--mobile-show grid grid--1-col grid--2-col-tablet\">\n<div class=\"product__info-wrapper grid__item\">\n<div id=\"ProductInfo-template--16494701117704__main\" class=\"product__info-container product__info-container--sticky\">\n<div id=\"shopify-block-bd24f8ad-8956-417b-8786-650f97ffa6f9\" class=\"shopify-block shopify-app-block\">\n<div id=\"apd-root\">\n<section class=\"apd-tab apd-content apd-active\">On le sait, beaucoup d&#8217;amateurs de whisky aiment accompagner leur whisky favori d&#8217;un bon cigare. Ce verre r\u00e9pond \u00e0 ce besoin gr\u00e2ce \u00e0 une double fonctionnalit\u00e9, il peut \u00e0 la fois d&#8217;accueillir votre whisky et votre cigare, pour une double d\u00e9gustation r\u00e9ussie.<\/section>\n<\/div>\n<\/div>\n<\/div>\n<\/div>\n<\/div>\n<\/section>\n<\/section>\n","protected":false},"featured_media":1460,"comment_status":"open","ping_status":"closed","template":"","meta":{"site-sidebar-layout":"default","site-content-layout":"","ast-site-content-layout":"default","site-content-style":"default","site-sidebar-style":"default","ast-global-header-display":"","ast-banner-title-visibility":"","ast-main-header-display":"","ast-hfb-above-header-display":"","ast-hfb-below-header-display":"","ast-hfb-mobile-header-display":"","site-post-title":"","ast-breadcrumbs-content":"","ast-featured-img":"","footer-sml-layout":"","ast-disable-related-posts":"","theme-transparent-header-meta":"default","adv-header-id-meta":"","stick-header-meta":"default","header-above-stick-meta":"","header-main-stick-meta":"","header-below-stick-meta":"","astra-migrate-meta-layouts":"set","ast-page-background-enabled":"default","ast-page-background-meta":{"desktop":{"background-color":"","background-image":"","background-repeat":"repeat","background-position":"center center","background-size":"auto","background-attachment":"scroll","background-type":"","background-media":"","overlay-type":"","overlay-color":"","overlay-opacity":"","overlay-gradient":""},"tablet":{"background-color":"","background-image":"","background-repeat":"repeat","background-position":"center center","background-size":"auto","background-attachment":"scroll","background-type":"","background-media":"","overlay-type":"","overlay-color":"","overlay-opacity":"","overlay-gradient":""},"mobile":{"background-color":"","background-image":"","background-repeat":"repeat","background-position":"center center","background-size":"auto","background-attachment":"scroll","background-type":"","background-media":"","overlay-type":"","overlay-color":"","overlay-opacity":"","overlay-gradient":""}},"ast-content-background-meta":{"desktop":{"background-color":"var(--ast-global-color-5)","background-image":"","background-repeat":"repeat","background-position":"center center","background-size":"auto","background-attachment":"scroll","background-type":"","background-media":"","overlay-type":"","overlay-color":"","overlay-opacity":"","overlay-gradient":""},"tablet":{"background-color":"var(--ast-global-color-5)","background-image":"","background-repeat":"repeat","background-position":"center center","background-size":"auto","background-attachment":"scroll","background-type":"","background-media":"","overlay-type":"","overlay-color":"","overlay-opacity":"","overlay-gradient":""},"mobile":{"background-color":"var(--ast-global-color-5)","background-image":"","background-repeat":"repeat","background-position":"center center","background-size":"auto","background-attachment":"scroll","background-type":"","background-media":"","overlay-type":"","overlay-color":"","overlay-opacity":"","overlay-gradient":""}}},"product_brand":[88],"product_cat":[81,85],"product_tag":[],"class_list":{"0":"post-1157","1":"product","2":"type-product","3":"status-publish","4":"has-post-thumbnail","6":"product_brand-le-journal-du-whisky","7":"product_cat-verres-a-whisky","8":"product_cat-tumbler","9":"desktop-align-left","10":"tablet-align-left","11":"mobile-align-left","12":"ast-product-gallery-layout-horizontal","13":"ast-magnify-disabled","14":"ast-product-tabs-layout-accordion","16":"first","17":"instock","18":"taxable","19":"shipping-taxable","20":"purchasable","21":"product-type-simple"},"_links":{"self":[{"href":"https:\/\/lejournalduwhisky.com\/boutique\/wp-json\/wp\/v2\/product\/1157","targetHints":{"allow":["GET"]}}],"collection":[{"href":"https:\/\/lejournalduwhisky.com\/boutique\/wp-json\/wp\/v2\/product"}],"about":[{"href":"https:\/\/lejournalduwhisky.com\/boutique\/wp-json\/wp\/v2\/types\/product"}],"replies":[{"embeddable":true,"href":"https:\/\/lejournalduwhisky.com\/boutique\/wp-json\/wp\/v2\/comments?post=1157"}],"wp:featuredmedia":[{"embeddable":true,"href":"https:\/\/lejournalduwhisky.com\/boutique\/wp-json\/wp\/v2\/media\/1460"}],"wp:attachment":[{"href":"https:\/\/lejournalduwhisky.com\/boutique\/wp-json\/wp\/v2\/media?parent=1157"}],"wp:term":[{"taxonomy":"product_brand","embeddable":true,"href":"https:\/\/lejournalduwhisky.com\/boutique\/wp-json\/wp\/v2\/product_brand?post=1157"},{"taxonomy":"product_cat","embeddable":true,"href":"https:\/\/lejournalduwhisky.com\/boutique\/wp-json\/wp\/v2\/product_cat?post=1157"},{"taxonomy":"product_tag","embeddable":true,"href":"https:\/\/lejournalduwhisky.com\/boutique\/wp-json\/wp\/v2\/product_tag?post=1157"}],"curies":[{"name":"wp","href":"https:\/\/api.w.org\/{rel}","templated":true}]}}