{"id":1115,"date":"2023-07-15T18:59:35","date_gmt":"2023-07-15T16:59:35","guid":{"rendered":"https:\/\/lejournalduwhisky.com\/?post_type=product&#038;p=1115"},"modified":"2025-12-05T04:07:52","modified_gmt":"2025-12-05T03:07:52","slug":"verre-japonais-fleur","status":"publish","type":"product","link":"https:\/\/lejournalduwhisky.com\/boutique\/products\/verre-japonais-fleur\/","title":{"rendered":"Verre fleur \u00e0 motifs"},"content":{"rendered":"<h2>Des d\u00e9tails \u00e0 couper le souffle<\/h2>\n<p>Les motifs grav\u00e9s \u00e0 l&#8217;int\u00e9rieur de ce verre nous feraient le confondre avec une v\u00e9ritable fleur. On sent la grande passion qui a \u00e9t\u00e9 n\u00e9cessaire \u00e0 la fabrication de ce verre \u00e0 whisky japonais. Il a \u00e9t\u00e9 souffl\u00e9 \u00e0 la main et respecte donc les traditions de fabrication artisanales japonaises. Sa conception artistique est \u00e0 la fois proche et \u00e9loign\u00e9e de celle du\u00a0<a href=\"https:\/\/lejournalduwhisky.com\/boutique\/products\/verre-japonais-carre\/\">verre \u00e0 whisky japonais carr\u00e9 d\u00e9form\u00e9<\/a>.<\/p>\n<h2>Accord whisky verre<\/h2>\n<p>Ce verre, symbole de la douceur du whisky japonais, s&#8217;accorderait parfaitement avec le Hibiki Japanese Harmony, un des whiskies les plus repr\u00e9sentatifs de l&#8217;harmonie du Japon. Ce whisky \u00e9tant compos\u00e9 de saveurs florales, il y aurait un accord complet entre le r\u00e9cipient et le contenant.<\/p>\n","protected":false},"excerpt":{"rendered":"<section id=\"shopify-section-template--16494701117704__main\" class=\"shopify-section section\">\n<section id=\"MainProduct-template--16494701117704__main\" class=\"page-width section-template--16494701117704__main-padding\" data-section=\"template--16494701117704__main\">\n<div class=\"product product--medium product--left product--thumbnail_slider product--mobile-show grid grid--1-col grid--2-col-tablet\">\n<div class=\"product__info-wrapper grid__item\">\n<div id=\"ProductInfo-template--16494701117704__main\" class=\"product__info-container product__info-container--sticky\">\n<div id=\"shopify-block-bd24f8ad-8956-417b-8786-650f97ffa6f9\" class=\"shopify-block shopify-app-block\">\n<div id=\"apd-root\">\n<section class=\"apd-tab apd-content apd-active\">Ce magnifique <a href=\"https:\/\/lejournalduwhisky.com\/boutique\/collections\/verres-a-whisky\/japonais\/\">verre \u00e0 whisky japonais<\/a> est en forme de fleur, il vient nous prouver qu&#8217;une d\u00e9gustation de whisky peut se faire avec beaucoup de douceur. C&#8217;est le cadeau parfait pour quiconque ayant une passion pour le whisky japonais.<\/section>\n<\/div>\n<\/div>\n<\/div>\n<\/div>\n<\/div>\n<\/section>\n<\/section>\n","protected":false},"featured_media":1466,"comment_status":"open","ping_status":"closed","template":"","meta":{"site-sidebar-layout":"default","site-content-layout":"","ast-site-content-layout":"default","site-content-style":"default","site-sidebar-style":"default","ast-global-header-display":"","ast-banner-title-visibility":"","ast-main-header-display":"","ast-hfb-above-header-display":"","ast-hfb-below-header-display":"","ast-hfb-mobile-header-display":"","site-post-title":"","ast-breadcrumbs-content":"","ast-featured-img":"","footer-sml-layout":"","ast-disable-related-posts":"","theme-transparent-header-meta":"default","adv-header-id-meta":"","stick-header-meta":"default","header-above-stick-meta":"","header-main-stick-meta":"","header-below-stick-meta":"","astra-migrate-meta-layouts":"set","ast-page-background-enabled":"default","ast-page-background-meta":{"desktop":{"background-color":"","background-image":"","background-repeat":"repeat","background-position":"center center","background-size":"auto","background-attachment":"scroll","background-type":"","background-media":"","overlay-type":"","overlay-color":"","overlay-opacity":"","overlay-gradient":""},"tablet":{"background-color":"","background-image":"","background-repeat":"repeat","background-position":"center center","background-size":"auto","background-attachment":"scroll","background-type":"","background-media":"","overlay-type":"","overlay-color":"","overlay-opacity":"","overlay-gradient":""},"mobile":{"background-color":"","background-image":"","background-repeat":"repeat","background-position":"center center","background-size":"auto","background-attachment":"scroll","background-type":"","background-media":"","overlay-type":"","overlay-color":"","overlay-opacity":"","overlay-gradient":""}},"ast-content-background-meta":{"desktop":{"background-color":"var(--ast-global-color-5)","background-image":"","background-repeat":"repeat","background-position":"center center","background-size":"auto","background-attachment":"scroll","background-type":"","background-media":"","overlay-type":"","overlay-color":"","overlay-opacity":"","overlay-gradient":""},"tablet":{"background-color":"var(--ast-global-color-5)","background-image":"","background-repeat":"repeat","background-position":"center center","background-size":"auto","background-attachment":"scroll","background-type":"","background-media":"","overlay-type":"","overlay-color":"","overlay-opacity":"","overlay-gradient":""},"mobile":{"background-color":"var(--ast-global-color-5)","background-image":"","background-repeat":"repeat","background-position":"center center","background-size":"auto","background-attachment":"scroll","background-type":"","background-media":"","overlay-type":"","overlay-color":"","overlay-opacity":"","overlay-gradient":""}}},"product_brand":[88],"product_cat":[81,84],"product_tag":[],"class_list":{"0":"post-1115","1":"product","2":"type-product","3":"status-publish","4":"has-post-thumbnail","6":"product_brand-le-journal-du-whisky","7":"product_cat-verres-a-whisky","8":"product_cat-japonais","9":"desktop-align-left","10":"tablet-align-left","11":"mobile-align-left","12":"ast-product-gallery-layout-horizontal","13":"ast-magnify-disabled","14":"ast-product-tabs-layout-accordion","16":"first","17":"instock","18":"taxable","19":"shipping-taxable","20":"purchasable","21":"product-type-simple"},"_links":{"self":[{"href":"https:\/\/lejournalduwhisky.com\/boutique\/wp-json\/wp\/v2\/product\/1115","targetHints":{"allow":["GET"]}}],"collection":[{"href":"https:\/\/lejournalduwhisky.com\/boutique\/wp-json\/wp\/v2\/product"}],"about":[{"href":"https:\/\/lejournalduwhisky.com\/boutique\/wp-json\/wp\/v2\/types\/product"}],"replies":[{"embeddable":true,"href":"https:\/\/lejournalduwhisky.com\/boutique\/wp-json\/wp\/v2\/comments?post=1115"}],"wp:featuredmedia":[{"embeddable":true,"href":"https:\/\/lejournalduwhisky.com\/boutique\/wp-json\/wp\/v2\/media\/1466"}],"wp:attachment":[{"href":"https:\/\/lejournalduwhisky.com\/boutique\/wp-json\/wp\/v2\/media?parent=1115"}],"wp:term":[{"taxonomy":"product_brand","embeddable":true,"href":"https:\/\/lejournalduwhisky.com\/boutique\/wp-json\/wp\/v2\/product_brand?post=1115"},{"taxonomy":"product_cat","embeddable":true,"href":"https:\/\/lejournalduwhisky.com\/boutique\/wp-json\/wp\/v2\/product_cat?post=1115"},{"taxonomy":"product_tag","embeddable":true,"href":"https:\/\/lejournalduwhisky.com\/boutique\/wp-json\/wp\/v2\/product_tag?post=1115"}],"curies":[{"name":"wp","href":"https:\/\/api.w.org\/{rel}","templated":true}]}}