{"id":1070,"date":"2023-07-11T16:50:24","date_gmt":"2023-07-11T14:50:24","guid":{"rendered":"https:\/\/lejournalduwhisky.com\/?post_type=product&#038;p=1070"},"modified":"2024-04-11T13:23:28","modified_gmt":"2024-04-11T11:23:28","slug":"verre-long-pied","status":"publish","type":"product","link":"https:\/\/lejournalduwhisky.com\/boutique\/products\/verre-long-pied\/","title":{"rendered":"Verre \u00e0 whisky de d\u00e9gustation long \u00e0 pied"},"content":{"rendered":"<h2>Une finesse absolue<\/h2>\n<p>Ce verre est sp\u00e9cialement con\u00e7u pour les amateurs de whisky au palais doux, le verre a \u00e9t\u00e9 con\u00e7u avec une telle attention qu&#8217;une micro expulsion a \u00e9t\u00e9 ajout\u00e9e au bord pour apaiser l&#8217;intensit\u00e9 du whisky en sortie de verre. La ligne de ce verre, rappelant les verres \u00e0 vin donne beaucoup d&#8217;espace au whisky que se trouve au fin, il peut ainsi s&#8217;a\u00e9rer et s&#8217;ouvrir \u00e0 de nouveaux ar\u00f4mes plus d\u00e9licats. Pour une d\u00e9gustation plus ferme, le\u00a0<a href=\"https:\/\/lejournalduwhisky.com\/boutique\/products\/verre-tulipe-pied\/\">verre tulipe \u00e0 pied<\/a>\u00a0sera plus adapt\u00e9.<\/p>\n<h2>Un long pied bien utile<\/h2>\n<p>Le pied allong\u00e9 donne assez d&#8217;espace pour tenir le verre ais\u00e9ment, et ainsi ne pas r\u00e9chauffer son pr\u00e9cieux spiritueux avec sa paume de main. On peut \u00e9galement se servir de ce pied pour a\u00e9rer son whisky facilement.<\/p>\n<h2>Une qualit\u00e9 ind\u00e9niable<\/h2>\n<p>La qualit\u00e9 de ce verre souffl\u00e9 \u00e0 la main ne fait pas de doute, le verre r\u00e9fracte parfaitement la lumi\u00e8re et permet ainsi d&#8217;appr\u00e9cier la belle couleur de son spiritueux favori.<\/p>\n","protected":false},"excerpt":{"rendered":"<section id=\"shopify-section-template--16494701117704__main\" class=\"shopify-section section\">\n<section id=\"MainProduct-template--16494701117704__main\" class=\"page-width section-template--16494701117704__main-padding\" data-section=\"template--16494701117704__main\">\n<div class=\"product product--medium product--left product--thumbnail_slider product--mobile-show grid grid--1-col grid--2-col-tablet\">\n<div class=\"product__info-wrapper grid__item\">\n<div id=\"ProductInfo-template--16494701117704__main\" class=\"product__info-container product__info-container--sticky\">\n<div id=\"shopify-block-bd24f8ad-8956-417b-8786-650f97ffa6f9\" class=\"shopify-block shopify-app-block\">\n<div id=\"apd-root\">\n<section class=\"apd-tab apd-content apd-active\">Ce verre \u00e0 whisky est \u00e0 la fronti\u00e8re entre le verre \u00e0 vin et le verre \u00e0 whisky. Sa forme allong\u00e9e et d\u00e9licate permet d&#8217;amener les saveurs du spiritueux tout en douceur au nez pour une d\u00e9gustation \u00e0 la fois tendre et profonde.<\/section>\n<\/div>\n<\/div>\n<\/div>\n<\/div>\n<\/div>\n<\/section>\n<\/section>\n","protected":false},"featured_media":1482,"comment_status":"open","ping_status":"closed","template":"","meta":{"site-sidebar-layout":"default","site-content-layout":"","ast-site-content-layout":"default","site-content-style":"default","site-sidebar-style":"default","ast-global-header-display":"","ast-banner-title-visibility":"","ast-main-header-display":"","ast-hfb-above-header-display":"","ast-hfb-below-header-display":"","ast-hfb-mobile-header-display":"","site-post-title":"","ast-breadcrumbs-content":"","ast-featured-img":"","footer-sml-layout":"","ast-disable-related-posts":"","theme-transparent-header-meta":"default","adv-header-id-meta":"","stick-header-meta":"default","header-above-stick-meta":"","header-main-stick-meta":"","header-below-stick-meta":"","astra-migrate-meta-layouts":"set","ast-page-background-enabled":"default","ast-page-background-meta":{"desktop":{"background-color":"","background-image":"","background-repeat":"repeat","background-position":"center center","background-size":"auto","background-attachment":"scroll","background-type":"","background-media":"","overlay-type":"","overlay-color":"","overlay-opacity":"","overlay-gradient":""},"tablet":{"background-color":"","background-image":"","background-repeat":"repeat","background-position":"center center","background-size":"auto","background-attachment":"scroll","background-type":"","background-media":"","overlay-type":"","overlay-color":"","overlay-opacity":"","overlay-gradient":""},"mobile":{"background-color":"","background-image":"","background-repeat":"repeat","background-position":"center center","background-size":"auto","background-attachment":"scroll","background-type":"","background-media":"","overlay-type":"","overlay-color":"","overlay-opacity":"","overlay-gradient":""}},"ast-content-background-meta":{"desktop":{"background-color":"var(--ast-global-color-5)","background-image":"","background-repeat":"repeat","background-position":"center center","background-size":"auto","background-attachment":"scroll","background-type":"","background-media":"","overlay-type":"","overlay-color":"","overlay-opacity":"","overlay-gradient":""},"tablet":{"background-color":"var(--ast-global-color-5)","background-image":"","background-repeat":"repeat","background-position":"center center","background-size":"auto","background-attachment":"scroll","background-type":"","background-media":"","overlay-type":"","overlay-color":"","overlay-opacity":"","overlay-gradient":""},"mobile":{"background-color":"var(--ast-global-color-5)","background-image":"","background-repeat":"repeat","background-position":"center center","background-size":"auto","background-attachment":"scroll","background-type":"","background-media":"","overlay-type":"","overlay-color":"","overlay-opacity":"","overlay-gradient":""}}},"product_brand":[88],"product_cat":[81,86],"product_tag":[],"class_list":{"0":"post-1070","1":"product","2":"type-product","3":"status-publish","4":"has-post-thumbnail","6":"product_brand-le-journal-du-whisky","7":"product_cat-verres-a-whisky","8":"product_cat-degustation","9":"desktop-align-left","10":"tablet-align-left","11":"mobile-align-left","12":"ast-product-gallery-layout-horizontal","13":"ast-product-gallery-with-no-image","14":"ast-magnify-disabled","15":"ast-product-tabs-layout-accordion","17":"first","18":"instock","19":"taxable","20":"shipping-taxable","21":"purchasable","22":"product-type-simple"},"_links":{"self":[{"href":"https:\/\/lejournalduwhisky.com\/boutique\/wp-json\/wp\/v2\/product\/1070","targetHints":{"allow":["GET"]}}],"collection":[{"href":"https:\/\/lejournalduwhisky.com\/boutique\/wp-json\/wp\/v2\/product"}],"about":[{"href":"https:\/\/lejournalduwhisky.com\/boutique\/wp-json\/wp\/v2\/types\/product"}],"replies":[{"embeddable":true,"href":"https:\/\/lejournalduwhisky.com\/boutique\/wp-json\/wp\/v2\/comments?post=1070"}],"wp:featuredmedia":[{"embeddable":true,"href":"https:\/\/lejournalduwhisky.com\/boutique\/wp-json\/wp\/v2\/media\/1482"}],"wp:attachment":[{"href":"https:\/\/lejournalduwhisky.com\/boutique\/wp-json\/wp\/v2\/media?parent=1070"}],"wp:term":[{"taxonomy":"product_brand","embeddable":true,"href":"https:\/\/lejournalduwhisky.com\/boutique\/wp-json\/wp\/v2\/product_brand?post=1070"},{"taxonomy":"product_cat","embeddable":true,"href":"https:\/\/lejournalduwhisky.com\/boutique\/wp-json\/wp\/v2\/product_cat?post=1070"},{"taxonomy":"product_tag","embeddable":true,"href":"https:\/\/lejournalduwhisky.com\/boutique\/wp-json\/wp\/v2\/product_tag?post=1070"}],"curies":[{"name":"wp","href":"https:\/\/api.w.org\/{rel}","templated":true}]}}