{"id":1054,"date":"2023-07-08T09:39:44","date_gmt":"2023-07-08T07:39:44","guid":{"rendered":"https:\/\/lejournalduwhisky.com\/?post_type=product&#038;p=1054"},"modified":"2024-04-11T12:58:32","modified_gmt":"2024-04-11T10:58:32","slug":"set-verres-whisky-degustation","status":"publish","type":"product","link":"https:\/\/lejournalduwhisky.com\/boutique\/products\/set-verres-whisky-degustation\/","title":{"rendered":"Verres \u00e0 whisky de d\u00e9gustation type snifter"},"content":{"rendered":"<h2>D\u00e9gustation et plaisir<\/h2>\n<p>M\u00eame les plus grands puristes de la d\u00e9gustation aiment siroter un whisky de mani\u00e8re plus d\u00e9tendue, en choisissant ce verre ils n&#8217;auront pas \u00e0 choisir entre le tumbler et le verre de d\u00e9gustation ! Ce verre de d\u00e9gustation offre une capacit\u00e9 de 300ml, ce qui permet \u00e0 la fois de le d\u00e9guster accompagn\u00e9 de pierres ou de gla\u00e7ons mais aussi de r\u00e9aliser de savoureux cocktails.<\/p>\n<h2>La forme snifter<\/h2>\n<p>La forme snifter, comme son nom l&#8217;indique, permet de sentir correctement tous les ar\u00f4mes du whisky. Gr\u00e2ce \u00e0 une forme &#8220;triangulaire&#8221; les senteurs du whisky sont de plus en plus concentr\u00e9es en remontant, l&#8217;arriv\u00e9e au nez du d\u00e9gustateur se fait avec une grande intensit\u00e9. En bouche c&#8217;est un festival d&#8217;ar\u00f4mes qui se d\u00e9ploient pour un plaisir garanti ! Cette forme est similaire \u00e0 celle du\u00a0<a href=\"https:\/\/lejournalduwhisky.com\/boutique\/products\/verre-tulipe-pied\/\">verre \u00e0 whisky tulipe \u00e0 pied<\/a>.<\/p>\n","protected":false},"excerpt":{"rendered":"<section id=\"shopify-section-template--16494701117704__main\" class=\"shopify-section section\">\n<section id=\"MainProduct-template--16494701117704__main\" class=\"page-width section-template--16494701117704__main-padding\" data-section=\"template--16494701117704__main\">\n<div class=\"product product--medium product--left product--thumbnail_slider product--mobile-show grid grid--1-col grid--2-col-tablet\">\n<div class=\"product__info-wrapper grid__item\">\n<div id=\"ProductInfo-template--16494701117704__main\" class=\"product__info-container product__info-container--sticky\">\n<div id=\"shopify-block-bd24f8ad-8956-417b-8786-650f97ffa6f9\" class=\"shopify-block shopify-app-block\">\n<div id=\"apd-root\">\n<section class=\"apd-tab apd-content apd-active\">Ce verre \u00e0 whisky de d\u00e9gustation de type snifter est parfaitement pens\u00e9, sa forme \u00e0 col resserr\u00e9 rel\u00e8ve parfaitement les ar\u00f4mes de votre whisky pr\u00e9f\u00e9r\u00e9. Son atout majeur est sa taille : il est l&#8217;un des rares verres de d\u00e9gustation qui permet \u00e0 la fois de boire son whisky dans les r\u00e8gles de l&#8217;art mais \u00e9galement d&#8217;y ajouter des pierres \u00e0 whisky ou de r\u00e9aliser un cocktail.<\/section>\n<\/div>\n<\/div>\n<\/div>\n<\/div>\n<\/div>\n<\/section>\n<\/section>\n","protected":false},"featured_media":1476,"comment_status":"open","ping_status":"closed","template":"","meta":{"site-sidebar-layout":"default","site-content-layout":"","ast-site-content-layout":"default","site-content-style":"default","site-sidebar-style":"default","ast-global-header-display":"","ast-banner-title-visibility":"","ast-main-header-display":"","ast-hfb-above-header-display":"","ast-hfb-below-header-display":"","ast-hfb-mobile-header-display":"","site-post-title":"","ast-breadcrumbs-content":"","ast-featured-img":"","footer-sml-layout":"","ast-disable-related-posts":"","theme-transparent-header-meta":"default","adv-header-id-meta":"","stick-header-meta":"default","header-above-stick-meta":"","header-main-stick-meta":"","header-below-stick-meta":"","astra-migrate-meta-layouts":"set","ast-page-background-enabled":"default","ast-page-background-meta":{"desktop":{"background-color":"","background-image":"","background-repeat":"repeat","background-position":"center center","background-size":"auto","background-attachment":"scroll","background-type":"","background-media":"","overlay-type":"","overlay-color":"","overlay-opacity":"","overlay-gradient":""},"tablet":{"background-color":"","background-image":"","background-repeat":"repeat","background-position":"center center","background-size":"auto","background-attachment":"scroll","background-type":"","background-media":"","overlay-type":"","overlay-color":"","overlay-opacity":"","overlay-gradient":""},"mobile":{"background-color":"","background-image":"","background-repeat":"repeat","background-position":"center center","background-size":"auto","background-attachment":"scroll","background-type":"","background-media":"","overlay-type":"","overlay-color":"","overlay-opacity":"","overlay-gradient":""}},"ast-content-background-meta":{"desktop":{"background-color":"var(--ast-global-color-5)","background-image":"","background-repeat":"repeat","background-position":"center center","background-size":"auto","background-attachment":"scroll","background-type":"","background-media":"","overlay-type":"","overlay-color":"","overlay-opacity":"","overlay-gradient":""},"tablet":{"background-color":"var(--ast-global-color-5)","background-image":"","background-repeat":"repeat","background-position":"center center","background-size":"auto","background-attachment":"scroll","background-type":"","background-media":"","overlay-type":"","overlay-color":"","overlay-opacity":"","overlay-gradient":""},"mobile":{"background-color":"var(--ast-global-color-5)","background-image":"","background-repeat":"repeat","background-position":"center center","background-size":"auto","background-attachment":"scroll","background-type":"","background-media":"","overlay-type":"","overlay-color":"","overlay-opacity":"","overlay-gradient":""}}},"product_brand":[88],"product_cat":[81,86],"product_tag":[],"class_list":{"0":"post-1054","1":"product","2":"type-product","3":"status-publish","4":"has-post-thumbnail","6":"product_brand-le-journal-du-whisky","7":"product_cat-verres-a-whisky","8":"product_cat-degustation","9":"desktop-align-left","10":"tablet-align-left","11":"mobile-align-left","12":"ast-product-gallery-layout-horizontal","13":"ast-magnify-disabled","14":"ast-product-tabs-layout-accordion","16":"first","17":"instock","18":"taxable","19":"shipping-taxable","20":"purchasable","21":"product-type-simple"},"_links":{"self":[{"href":"https:\/\/lejournalduwhisky.com\/boutique\/wp-json\/wp\/v2\/product\/1054","targetHints":{"allow":["GET"]}}],"collection":[{"href":"https:\/\/lejournalduwhisky.com\/boutique\/wp-json\/wp\/v2\/product"}],"about":[{"href":"https:\/\/lejournalduwhisky.com\/boutique\/wp-json\/wp\/v2\/types\/product"}],"replies":[{"embeddable":true,"href":"https:\/\/lejournalduwhisky.com\/boutique\/wp-json\/wp\/v2\/comments?post=1054"}],"wp:featuredmedia":[{"embeddable":true,"href":"https:\/\/lejournalduwhisky.com\/boutique\/wp-json\/wp\/v2\/media\/1476"}],"wp:attachment":[{"href":"https:\/\/lejournalduwhisky.com\/boutique\/wp-json\/wp\/v2\/media?parent=1054"}],"wp:term":[{"taxonomy":"product_brand","embeddable":true,"href":"https:\/\/lejournalduwhisky.com\/boutique\/wp-json\/wp\/v2\/product_brand?post=1054"},{"taxonomy":"product_cat","embeddable":true,"href":"https:\/\/lejournalduwhisky.com\/boutique\/wp-json\/wp\/v2\/product_cat?post=1054"},{"taxonomy":"product_tag","embeddable":true,"href":"https:\/\/lejournalduwhisky.com\/boutique\/wp-json\/wp\/v2\/product_tag?post=1054"}],"curies":[{"name":"wp","href":"https:\/\/api.w.org\/{rel}","templated":true}]}}