{"id":1041,"date":"2023-04-01T13:04:29","date_gmt":"2023-04-01T11:04:29","guid":{"rendered":"https:\/\/lejournalduwhisky.com\/?post_type=product&#038;p=1041"},"modified":"2023-09-25T12:30:40","modified_gmt":"2023-09-25T10:30:40","slug":"carafe-whisky-vintage-verre","status":"publish","type":"product","link":"https:\/\/lejournalduwhisky.com\/boutique\/products\/carafe-whisky-vintage-verre\/","title":{"rendered":"Carafe \u00e0 whisky vintage en verre"},"content":{"rendered":"<h2>Design et \u00e9l\u00e9gance<\/h2>\n<p>Cette carafe carr\u00e9e en verre \u00e0 d\u00e9canter le whisky affiche un look classique intemporel qui sera en harmonie avec tous les styles de d\u00e9coration. Les jolis motifs grav\u00e9s minutieusement rendent la carafe encore plus belle ; elle semblerait presque \u00eatre un objet d&#8217;art.<\/p>\n<ul>\n<li>Motifs losanges style tumbler sur le verre de la carafe<\/li>\n<li>Bouchon massif en verre<\/li>\n<li>Id\u00e9ale pour conserver le whisky<\/li>\n<\/ul>\n<h2>Qualit\u00e9 et robustesse pour un usage durable<\/h2>\n<p>Fabriqu\u00e9e en verre \u00e9pais et r\u00e9sistant, cette\u00a0<a href=\"https:\/\/lejournalduwhisky.com\/boutique\/products\/carafe-whisky-cristal-vintage\/\">carafe \u00e0 whisky vintage<\/a>\u00a0est con\u00e7ue pour durer, r\u00e9sister aux chocs et vous accompagner lors de nombreuses soir\u00e9es. Le verre de haute qualit\u00e9 garantit une utilisation en toute s\u00e9curit\u00e9 de cette carafe \u00e0 whisky.<\/p>\n<h2>Praticit\u00e9 et conservation optimale<\/h2>\n<p>Avec sa capacit\u00e9 g\u00e9n\u00e9reuse d&#8217;un litre, cette\u00a0<a href=\"https:\/\/lejournalduwhisky.com\/boutique\/products\/carafe-a-whisky-ronde-en-verre-taille\/\">carafe en verre taill\u00e9<\/a>\u00a0est id\u00e9ale pour limiter le contact avec l&#8217;air et ainsi pr\u00e9server la qualit\u00e9 de votre whisky. La forme de la carafe \u00e0 whisky et son bouchon \u00e9tanche permettent une conservation optimale, pour que vous puissiez d\u00e9guster votre boisson pr\u00e9f\u00e9r\u00e9e dans les meilleures conditions.<\/p>\n<h2>Le cadeau parfait pour les amateurs de whisky<\/h2>\n<p>En qu\u00eate d&#8217;un cadeau pour un proche ? Cette carafe est sans nul doute l&#8217;accessoire qu&#8217;il vous faut. Le design vintage qu&#8217;elle arbore, associ\u00e9 \u00e0 sa praticit\u00e9 en fait un cadeau qui marquera \u00e0 coup s\u00fbr les esprits et sublimera les d\u00e9gustations.<\/p>\n","protected":false},"excerpt":{"rendered":"<section id=\"shopify-section-template--16494701117704__main\" class=\"shopify-section section\">\n<section id=\"MainProduct-template--16494701117704__main\" class=\"page-width section-template--16494701117704__main-padding\" data-section=\"template--16494701117704__main\">\n<div class=\"product product--medium product--left product--thumbnail_slider product--mobile-show grid grid--1-col grid--2-col-tablet\">\n<div class=\"product__info-wrapper grid__item\">\n<div id=\"ProductInfo-template--16494701117704__main\" class=\"product__info-container product__info-container--sticky\">\n<div id=\"shopify-block-bd24f8ad-8956-417b-8786-650f97ffa6f9\" class=\"shopify-block shopify-app-block\">\n<div id=\"apd-root\">\n<section class=\"apd-tab apd-content apd-active\">La forme carr\u00e9e de cette tr\u00e8s jolie carafe \u00e0 whisky en verre de 1 L lui donne un look tr\u00e8s vintage. Habill\u00e9e de ces beaux motifs, la carafe sublimera votre whisky encore plus qu&#8217;il ne l&#8217;est d\u00e9j\u00e0. C&#8217;est une carafe limitant au mieux le contact entre l&#8217;air et la boisson, pour un whisky qui se conserve dans le temps.<\/section>\n<\/div>\n<\/div>\n<\/div>\n<\/div>\n<\/div>\n<\/section>\n<\/section>\n","protected":false},"featured_media":1454,"comment_status":"closed","ping_status":"closed","template":"","meta":{"site-sidebar-layout":"default","site-content-layout":"","ast-site-content-layout":"default","site-content-style":"default","site-sidebar-style":"default","ast-global-header-display":"","ast-banner-title-visibility":"","ast-main-header-display":"","ast-hfb-above-header-display":"","ast-hfb-below-header-display":"","ast-hfb-mobile-header-display":"","site-post-title":"","ast-breadcrumbs-content":"","ast-featured-img":"","footer-sml-layout":"","ast-disable-related-posts":"","theme-transparent-header-meta":"default","adv-header-id-meta":"","stick-header-meta":"","header-above-stick-meta":"","header-main-stick-meta":"","header-below-stick-meta":"","astra-migrate-meta-layouts":"set","ast-page-background-enabled":"default","ast-page-background-meta":{"desktop":{"background-color":"","background-image":"","background-repeat":"repeat","background-position":"center center","background-size":"auto","background-attachment":"scroll","background-type":"","background-media":"","overlay-type":"","overlay-color":"","overlay-opacity":"","overlay-gradient":""},"tablet":{"background-color":"","background-image":"","background-repeat":"repeat","background-position":"center center","background-size":"auto","background-attachment":"scroll","background-type":"","background-media":"","overlay-type":"","overlay-color":"","overlay-opacity":"","overlay-gradient":""},"mobile":{"background-color":"","background-image":"","background-repeat":"repeat","background-position":"center center","background-size":"auto","background-attachment":"scroll","background-type":"","background-media":"","overlay-type":"","overlay-color":"","overlay-opacity":"","overlay-gradient":""}},"ast-content-background-meta":{"desktop":{"background-color":"var(--ast-global-color-5)","background-image":"","background-repeat":"repeat","background-position":"center center","background-size":"auto","background-attachment":"scroll","background-type":"","background-media":"","overlay-type":"","overlay-color":"","overlay-opacity":"","overlay-gradient":""},"tablet":{"background-color":"var(--ast-global-color-5)","background-image":"","background-repeat":"repeat","background-position":"center center","background-size":"auto","background-attachment":"scroll","background-type":"","background-media":"","overlay-type":"","overlay-color":"","overlay-opacity":"","overlay-gradient":""},"mobile":{"background-color":"var(--ast-global-color-5)","background-image":"","background-repeat":"repeat","background-position":"center center","background-size":"auto","background-attachment":"scroll","background-type":"","background-media":"","overlay-type":"","overlay-color":"","overlay-opacity":"","overlay-gradient":""}}},"product_brand":[88],"product_cat":[83],"product_tag":[],"class_list":{"0":"post-1041","1":"product","2":"type-product","3":"status-publish","4":"has-post-thumbnail","6":"product_brand-le-journal-du-whisky","7":"product_cat-carafes-a-whisky","8":"desktop-align-left","9":"tablet-align-left","10":"mobile-align-left","11":"ast-product-gallery-layout-horizontal","12":"ast-magnify-disabled","13":"ast-product-tabs-layout-accordion","15":"first","16":"instock","17":"taxable","18":"shipping-taxable","19":"purchasable","20":"product-type-simple"},"_links":{"self":[{"href":"https:\/\/lejournalduwhisky.com\/boutique\/wp-json\/wp\/v2\/product\/1041","targetHints":{"allow":["GET"]}}],"collection":[{"href":"https:\/\/lejournalduwhisky.com\/boutique\/wp-json\/wp\/v2\/product"}],"about":[{"href":"https:\/\/lejournalduwhisky.com\/boutique\/wp-json\/wp\/v2\/types\/product"}],"replies":[{"embeddable":true,"href":"https:\/\/lejournalduwhisky.com\/boutique\/wp-json\/wp\/v2\/comments?post=1041"}],"wp:featuredmedia":[{"embeddable":true,"href":"https:\/\/lejournalduwhisky.com\/boutique\/wp-json\/wp\/v2\/media\/1454"}],"wp:attachment":[{"href":"https:\/\/lejournalduwhisky.com\/boutique\/wp-json\/wp\/v2\/media?parent=1041"}],"wp:term":[{"taxonomy":"product_brand","embeddable":true,"href":"https:\/\/lejournalduwhisky.com\/boutique\/wp-json\/wp\/v2\/product_brand?post=1041"},{"taxonomy":"product_cat","embeddable":true,"href":"https:\/\/lejournalduwhisky.com\/boutique\/wp-json\/wp\/v2\/product_cat?post=1041"},{"taxonomy":"product_tag","embeddable":true,"href":"https:\/\/lejournalduwhisky.com\/boutique\/wp-json\/wp\/v2\/product_tag?post=1041"}],"curies":[{"name":"wp","href":"https:\/\/api.w.org\/{rel}","templated":true}]}}