{"id":1035,"date":"2023-04-01T12:23:37","date_gmt":"2023-04-01T10:23:37","guid":{"rendered":"https:\/\/lejournalduwhisky.com\/?post_type=product&#038;p=1035"},"modified":"2024-04-23T10:26:53","modified_gmt":"2024-04-23T08:26:53","slug":"pierres-whisky-granit-blanc","status":"publish","type":"product","link":"https:\/\/lejournalduwhisky.com\/boutique\/products\/pierres-whisky-granit-blanc\/","title":{"rendered":"Pierres \u00e0 whisky en granit blanc"},"content":{"rendered":"<h2>Une d\u00e9gustation rafra\u00eechissante sans dilution<\/h2>\n<p>Conservez la saveur originelle de vos whiskies : ces pierres en granit n&#8217;alt\u00e8rent ni le go\u00fbt ni l&#8217;odeur de votre boisson. Votre whisky garde alors le m\u00eame go\u00fbt que dans la bouteille ; tout en \u00e9tant parfaitement frais !<\/p>\n<h2>Utilisation facile et rapide<\/h2>\n<p>Rien de plus simple que d&#8217;utiliser ces pierres&#8230; On les met au cong\u00e9lateur entre 2 et 4 h. On les met dans notre verre et on verse le whisky par-dessus. Apr\u00e8s 5 petites minutes d&#8217;attente le whisky est pr\u00eat \u00e0 \u00eatre d\u00e9gust\u00e9.<\/p>\n<h2>Un design g\u00e9om\u00e9trique et pratique<\/h2>\n<p>On ne va pas changer quelque chose qui fonctionne, c&#8217;est pourquoi ces pierres en granits ont la m\u00eame forme que les gla\u00e7ons traditionnels. Ainsi elles s&#8217;adaptent \u00e0 tous les verres \u00e0 whisky ; mais apportent une \u00e9l\u00e9gance qui leur est propre.<\/p>\n<ul>\n<li>Cube de 2 cm de c\u00f4t\u00e9<\/li>\n<li>Sac de rangement<\/li>\n<li>Ne prends pas de place dans le cong\u00e9lateur<\/li>\n<\/ul>\n<h2>Mat\u00e9riau de qualit\u00e9 et durable<\/h2>\n<p>Fabriqu\u00e9es en granit, ces pierres sont \u00e0 la fois durables et \u00e9l\u00e9gantes. Leur processus de production garantit une finition soign\u00e9e pour chaque pierre.<\/p>\n<h2>L&#8217;accessoire parfait pour toute occasion<\/h2>\n<p>Convient \u00e0 tous les types de boissons : id\u00e9ales pour le whisky, mais aussi la vodka, le gin, ou le rhum. Pensez \u00e0 les offrir en cadeau !<\/p>\n","protected":false},"excerpt":{"rendered":"<p>Quoi de plus agr\u00e9able qu&#8217;un moment de d\u00e9tente en compagnie d&#8217;un verre de whisky ? Mais un whisky bien frais et sans arri\u00e8re-go\u00fbt. C&#8217;est ce que permet cet ensemble de 6 pierres \u00e0 whisky en granit blanc !<\/p>\n<p>Ces pierres sont cubiques et froides, comme un gla\u00e7on&#8230; Mais ne se diluent pas comme un gla\u00e7on. Sortez-les pour vos soir\u00e9es et d\u00e9gustations afin de faire profiter vos amis du bon go\u00fbt de vos whiskies.<\/p>\n","protected":false},"featured_media":1490,"comment_status":"closed","ping_status":"closed","template":"","meta":{"site-sidebar-layout":"default","site-content-layout":"","ast-site-content-layout":"default","site-content-style":"default","site-sidebar-style":"default","ast-global-header-display":"","ast-banner-title-visibility":"","ast-main-header-display":"","ast-hfb-above-header-display":"","ast-hfb-below-header-display":"","ast-hfb-mobile-header-display":"","site-post-title":"","ast-breadcrumbs-content":"","ast-featured-img":"","footer-sml-layout":"","ast-disable-related-posts":"","theme-transparent-header-meta":"default","adv-header-id-meta":"","stick-header-meta":"default","header-above-stick-meta":"","header-main-stick-meta":"","header-below-stick-meta":"","astra-migrate-meta-layouts":"set","ast-page-background-enabled":"default","ast-page-background-meta":{"desktop":{"background-color":"","background-image":"","background-repeat":"repeat","background-position":"center center","background-size":"auto","background-attachment":"scroll","background-type":"","background-media":"","overlay-type":"","overlay-color":"","overlay-opacity":"","overlay-gradient":""},"tablet":{"background-color":"","background-image":"","background-repeat":"repeat","background-position":"center center","background-size":"auto","background-attachment":"scroll","background-type":"","background-media":"","overlay-type":"","overlay-color":"","overlay-opacity":"","overlay-gradient":""},"mobile":{"background-color":"","background-image":"","background-repeat":"repeat","background-position":"center center","background-size":"auto","background-attachment":"scroll","background-type":"","background-media":"","overlay-type":"","overlay-color":"","overlay-opacity":"","overlay-gradient":""}},"ast-content-background-meta":{"desktop":{"background-color":"var(--ast-global-color-5)","background-image":"","background-repeat":"repeat","background-position":"center center","background-size":"auto","background-attachment":"scroll","background-type":"","background-media":"","overlay-type":"","overlay-color":"","overlay-opacity":"","overlay-gradient":""},"tablet":{"background-color":"var(--ast-global-color-5)","background-image":"","background-repeat":"repeat","background-position":"center center","background-size":"auto","background-attachment":"scroll","background-type":"","background-media":"","overlay-type":"","overlay-color":"","overlay-opacity":"","overlay-gradient":""},"mobile":{"background-color":"var(--ast-global-color-5)","background-image":"","background-repeat":"repeat","background-position":"center center","background-size":"auto","background-attachment":"scroll","background-type":"","background-media":"","overlay-type":"","overlay-color":"","overlay-opacity":"","overlay-gradient":""}}},"product_brand":[88],"product_cat":[82],"product_tag":[],"class_list":{"0":"post-1035","1":"product","2":"type-product","3":"status-publish","4":"has-post-thumbnail","6":"product_brand-le-journal-du-whisky","7":"product_cat-pierres-a-whisky","8":"desktop-align-left","9":"tablet-align-left","10":"mobile-align-left","11":"ast-product-gallery-layout-horizontal","12":"ast-magnify-disabled","13":"ast-product-tabs-layout-accordion","15":"first","16":"instock","17":"taxable","18":"shipping-taxable","19":"purchasable","20":"product-type-simple"},"_links":{"self":[{"href":"https:\/\/lejournalduwhisky.com\/boutique\/wp-json\/wp\/v2\/product\/1035","targetHints":{"allow":["GET"]}}],"collection":[{"href":"https:\/\/lejournalduwhisky.com\/boutique\/wp-json\/wp\/v2\/product"}],"about":[{"href":"https:\/\/lejournalduwhisky.com\/boutique\/wp-json\/wp\/v2\/types\/product"}],"replies":[{"embeddable":true,"href":"https:\/\/lejournalduwhisky.com\/boutique\/wp-json\/wp\/v2\/comments?post=1035"}],"wp:featuredmedia":[{"embeddable":true,"href":"https:\/\/lejournalduwhisky.com\/boutique\/wp-json\/wp\/v2\/media\/1490"}],"wp:attachment":[{"href":"https:\/\/lejournalduwhisky.com\/boutique\/wp-json\/wp\/v2\/media?parent=1035"}],"wp:term":[{"taxonomy":"product_brand","embeddable":true,"href":"https:\/\/lejournalduwhisky.com\/boutique\/wp-json\/wp\/v2\/product_brand?post=1035"},{"taxonomy":"product_cat","embeddable":true,"href":"https:\/\/lejournalduwhisky.com\/boutique\/wp-json\/wp\/v2\/product_cat?post=1035"},{"taxonomy":"product_tag","embeddable":true,"href":"https:\/\/lejournalduwhisky.com\/boutique\/wp-json\/wp\/v2\/product_tag?post=1035"}],"curies":[{"name":"wp","href":"https:\/\/api.w.org\/{rel}","templated":true}]}}