{"id":1024,"date":"2023-04-01T11:44:28","date_gmt":"2023-04-01T09:44:28","guid":{"rendered":"https:\/\/lejournalduwhisky.com\/?post_type=product&#038;p=1024"},"modified":"2026-02-25T03:52:34","modified_gmt":"2026-02-25T02:52:34","slug":"verre-whisky-vintage-tumbler","status":"publish","type":"product","link":"https:\/\/lejournalduwhisky.com\/boutique\/products\/verre-whisky-vintage-tumbler\/","title":{"rendered":"Verres \u00e0 whisky tumbler en cristal"},"content":{"rendered":"<h2>Reflet fid\u00e8le de la qualit\u00e9<\/h2>\n<p>Ce verre \u00e0 whisky est fabriqu\u00e9 avec soin \u00e0 partir de <strong>cristal de qualit\u00e9 exceptionnelle<\/strong> pour un \u00e9clat et une limpidit\u00e9 unique. Ces verres tumbler, que ce soit pour votre propre collection ou pour offrir en\u00a0<a href=\"https:\/\/lejournalduwhisky.com\/boutique\/products\/coffret-cadeau-verres-pierres-whisky\/\">coffret-cadeau<\/a>\u00a0\u00e0 un amateur de whisky, seront le joyau de tout service de bar.<\/p>\n<h2>Confort in\u00e9gal\u00e9<\/h2>\n<p>Ces verres tumbler en cristal allient harmonieusement l&#8217;esth\u00e9tique et la fonctionnalit\u00e9 gr\u00e2ce \u00e0 leurs dimensions id\u00e9ales. La forme avantageuse de ces verres tumbler assure une\u00a0<strong>prise en main optimale<\/strong>\u00a0pour une exp\u00e9rience de d\u00e9gustation in\u00e9gal\u00e9e.<\/p>\n<h2>Une g\u00e9n\u00e9rosit\u00e9 d\u00e9licieuse<\/h2>\n<p>D&#8217;une\u00a0<strong>capacit\u00e9 de 300 ml<\/strong>, ces verres tumbler \u00e0 whisky vintage en cristal sont destin\u00e9s \u00e0 accueillir avec g\u00e9n\u00e9rosit\u00e9 votre spiritueux pr\u00e9f\u00e9r\u00e9, tout en pr\u00e9servant ses ar\u00f4mes et ses saveurs. Ces verres se pr\u00eatent parfaitement \u00e0 la d\u00e9gustation de whisky\u00a0<strong>avec des pierres \u00e0 whisky<\/strong>, pour une exp\u00e9rience ultime.<\/p>\n<h2>Entretien facile<\/h2>\n<p>Entretenir ces verres tumbler \u00e0 whisky est un jeu d&#8217;enfant. Ils sont\u00a0<strong>lavables au lave-vaisselle<\/strong> et ne n\u00e9cessitent donc pas d&#8217;entretien particulier. Laissez-vous tenter par ces verres tumbler \u00e0 whisky en cristal, un compl\u00e9ment styl\u00e9 \u00e0 toute collection ou un <strong>cadeau sophistiqu\u00e9<\/strong> \u00e0 offrir \u00e0 un \u00eatre aim\u00e9. Gr\u00e2ce \u00e0 notre livraison partout en France, vous pourrez rapidement savourer votre whisky confortablement install\u00e9 chez vous.<\/p>\n","protected":false},"excerpt":{"rendered":"<p>Faites en sorte que chaque d\u00e9gustation de whisky devienne une exp\u00e9rience unique gr\u00e2ce \u00e0 ces verres \u00e0 whisky tumbler en cristal. Ces <strong>verres raffin\u00e9s\u00a0<\/strong>sont le must have de tout amateur de spiritueux, alliant sophistication in\u00e9gal\u00e9e et plaisir des yeux \u00e0 chaque gorg\u00e9e.<\/p>\n","protected":false},"featured_media":1463,"comment_status":"open","ping_status":"closed","template":"","meta":{"site-sidebar-layout":"default","site-content-layout":"","ast-site-content-layout":"default","site-content-style":"default","site-sidebar-style":"default","ast-global-header-display":"","ast-banner-title-visibility":"","ast-main-header-display":"","ast-hfb-above-header-display":"","ast-hfb-below-header-display":"","ast-hfb-mobile-header-display":"","site-post-title":"","ast-breadcrumbs-content":"","ast-featured-img":"","footer-sml-layout":"","ast-disable-related-posts":"","theme-transparent-header-meta":"default","adv-header-id-meta":"","stick-header-meta":"default","header-above-stick-meta":"","header-main-stick-meta":"","header-below-stick-meta":"","astra-migrate-meta-layouts":"set","ast-page-background-enabled":"default","ast-page-background-meta":{"desktop":{"background-color":"","background-image":"","background-repeat":"repeat","background-position":"center center","background-size":"auto","background-attachment":"scroll","background-type":"","background-media":"","overlay-type":"","overlay-color":"","overlay-opacity":"","overlay-gradient":""},"tablet":{"background-color":"","background-image":"","background-repeat":"repeat","background-position":"center center","background-size":"auto","background-attachment":"scroll","background-type":"","background-media":"","overlay-type":"","overlay-color":"","overlay-opacity":"","overlay-gradient":""},"mobile":{"background-color":"","background-image":"","background-repeat":"repeat","background-position":"center center","background-size":"auto","background-attachment":"scroll","background-type":"","background-media":"","overlay-type":"","overlay-color":"","overlay-opacity":"","overlay-gradient":""}},"ast-content-background-meta":{"desktop":{"background-color":"var(--ast-global-color-5)","background-image":"","background-repeat":"repeat","background-position":"center center","background-size":"auto","background-attachment":"scroll","background-type":"","background-media":"","overlay-type":"","overlay-color":"","overlay-opacity":"","overlay-gradient":""},"tablet":{"background-color":"var(--ast-global-color-5)","background-image":"","background-repeat":"repeat","background-position":"center center","background-size":"auto","background-attachment":"scroll","background-type":"","background-media":"","overlay-type":"","overlay-color":"","overlay-opacity":"","overlay-gradient":""},"mobile":{"background-color":"var(--ast-global-color-5)","background-image":"","background-repeat":"repeat","background-position":"center center","background-size":"auto","background-attachment":"scroll","background-type":"","background-media":"","overlay-type":"","overlay-color":"","overlay-opacity":"","overlay-gradient":""}}},"product_brand":[88],"product_cat":[81,85],"product_tag":[],"class_list":{"0":"post-1024","1":"product","2":"type-product","3":"status-publish","4":"has-post-thumbnail","6":"product_brand-le-journal-du-whisky","7":"product_cat-verres-a-whisky","8":"product_cat-tumbler","9":"desktop-align-left","10":"tablet-align-left","11":"mobile-align-left","12":"ast-product-gallery-layout-horizontal","13":"ast-magnify-disabled","14":"ast-product-tabs-layout-accordion","16":"first","17":"instock","18":"taxable","19":"shipping-taxable","20":"purchasable","21":"product-type-simple"},"_links":{"self":[{"href":"https:\/\/lejournalduwhisky.com\/boutique\/wp-json\/wp\/v2\/product\/1024","targetHints":{"allow":["GET"]}}],"collection":[{"href":"https:\/\/lejournalduwhisky.com\/boutique\/wp-json\/wp\/v2\/product"}],"about":[{"href":"https:\/\/lejournalduwhisky.com\/boutique\/wp-json\/wp\/v2\/types\/product"}],"replies":[{"embeddable":true,"href":"https:\/\/lejournalduwhisky.com\/boutique\/wp-json\/wp\/v2\/comments?post=1024"}],"wp:featuredmedia":[{"embeddable":true,"href":"https:\/\/lejournalduwhisky.com\/boutique\/wp-json\/wp\/v2\/media\/1463"}],"wp:attachment":[{"href":"https:\/\/lejournalduwhisky.com\/boutique\/wp-json\/wp\/v2\/media?parent=1024"}],"wp:term":[{"taxonomy":"product_brand","embeddable":true,"href":"https:\/\/lejournalduwhisky.com\/boutique\/wp-json\/wp\/v2\/product_brand?post=1024"},{"taxonomy":"product_cat","embeddable":true,"href":"https:\/\/lejournalduwhisky.com\/boutique\/wp-json\/wp\/v2\/product_cat?post=1024"},{"taxonomy":"product_tag","embeddable":true,"href":"https:\/\/lejournalduwhisky.com\/boutique\/wp-json\/wp\/v2\/product_tag?post=1024"}],"curies":[{"name":"wp","href":"https:\/\/api.w.org\/{rel}","templated":true}]}}